{"id":99,"date":"2018-06-05T22:49:47","date_gmt":"2018-06-05T20:49:47","guid":{"rendered":"http:\/\/carum.org\/?page_id=99"},"modified":"2018-06-05T22:59:38","modified_gmt":"2018-06-05T20:59:38","slug":"espace-membres","status":"publish","type":"page","link":"https:\/\/carum.org\/index.php\/espace-membres\/","title":{"rendered":"Espace membres"},"content":{"rendered":"<div class=\"members-access-error\">Ce contenu est r\u00e9serv\u00e9 aux membres. Veuillez vous connecter pour acc\u00e9der \u00e0 cette ressource.<\/div>\n","protected":false},"excerpt":{"rendered":"<div class=\"members-access-error\">Ce contenu est r\u00e9serv\u00e9 aux membres. Veuillez vous connecter pour acc\u00e9der \u00e0 cette ressource.<\/div>\n","protected":false},"author":1,"featured_media":0,"parent":0,"menu_order":0,"comment_status":"closed","ping_status":"closed","template":"","meta":{"footnotes":""},"class_list":["post-99","page","type-page","status-publish","hentry"],"_links":{"self":[{"href":"https:\/\/carum.org\/index.php\/wp-json\/wp\/v2\/pages\/99","targetHints":{"allow":["GET"]}}],"collection":[{"href":"https:\/\/carum.org\/index.php\/wp-json\/wp\/v2\/pages"}],"about":[{"href":"https:\/\/carum.org\/index.php\/wp-json\/wp\/v2\/types\/page"}],"author":[{"embeddable":true,"href":"https:\/\/carum.org\/index.php\/wp-json\/wp\/v2\/users\/1"}],"replies":[{"embeddable":true,"href":"https:\/\/carum.org\/index.php\/wp-json\/wp\/v2\/comments?post=99"}],"version-history":[{"count":3,"href":"https:\/\/carum.org\/index.php\/wp-json\/wp\/v2\/pages\/99\/revisions"}],"predecessor-version":[{"id":108,"href":"https:\/\/carum.org\/index.php\/wp-json\/wp\/v2\/pages\/99\/revisions\/108"}],"wp:attachment":[{"href":"https:\/\/carum.org\/index.php\/wp-json\/wp\/v2\/media?parent=99"}],"curies":[{"name":"wp","href":"https:\/\/api.w.org\/{rel}","templated":true}]}}