{"id":969,"date":"2019-12-13T16:44:02","date_gmt":"2019-12-13T15:44:02","guid":{"rendered":"http:\/\/carum.org\/?page_id=969"},"modified":"2022-05-23T21:22:32","modified_gmt":"2022-05-23T19:22:32","slug":"conference-2019-2020-reanimation-prehospitaliere-evdg-bspp","status":"publish","type":"page","link":"https:\/\/carum.org\/index.php\/conference-2019-2020-reanimation-prehospitaliere-evdg-bspp\/","title":{"rendered":"Confe\u0301rence 2019-2020 &#8211; Re\u0301animation pre\u0301hospitali\u00e8re, EVDG-BSPP"},"content":{"rendered":"\n<p><strong>Mardi 15 octobre 2019 \u00e0 14h30&nbsp;<\/strong>:<strong>Ethique en m\u00e9decine d&rsquo;urgence pr\u00e9hospitali\u00e8re et en op\u00e9ration ext\u00e9rieure<\/strong>. <\/p>\n\n\n\n<p><em>Pr\u00e9sident&nbsp;:<\/em> Pr Didier SICARD (ancien Pr\u00e9sident du Conseil Consultatif National d\u2019Ethique) <\/p>\n\n\n\n<p><em>Coordinateur&nbsp;:<\/em> Pr Bertrand PRUNET (BSPP)<\/p>\n\n\n\n<p>&#8211; Sauver ou p\u00e9rir : Ethique et valeurs fondamentales du Sapeur-Pompier de Paris &#8211; <strong>Pr PRUNET (<a href=\"http:\/\/carum.org\/bp-ethique-du-spp\/\">PRESENTATION<\/a>)<\/strong><\/p>\n\n\n\n<p>&#8211; R\u00e9flexion \u00e9thique sur l\u2019utilisation des m\u00e9dias et des nouvelles technologies par les soignants : vers la fin du secret m\u00e9dical ? &#8211; <strong>Pr CONSTANTINIDES <a href=\"http:\/\/carum.org\/reflexion-ethique-sur-lutil-isation-des-nouveaux-medias-par-les-soignants-ecole-du-val-de-gra\u0302ce-15-10-2019\/\">(PRESENTATION)<\/a><\/strong><\/p>\n\n\n\n<p><strong>&#8211; <\/strong>Les secours pr\u00e9hospitaliers face \u00e0 la d\u00e9tresse sociale &#8211; <strong>Dr EMMANUELLI<\/strong> <strong><a href=\"http:\/\/carum.org\/dr-emmanuelli-urgence-sociale\/\">(PRESENTATION)<\/a><\/strong><\/p>\n\n\n\n<p>&#8211; M\u00e9decine d&rsquo;urgence en op\u00e9rations ext\u00e9rieures : enjeux \u00e9thiques et perspectives &#8211; <strong>MP  LAMBLIN <a href=\"http:\/\/carum.org\/medecine-durgence-en-opexv2\/\">(PRESENTATION)<\/a><\/strong><\/p>\n\n\n\n<hr class=\"wp-block-separator\"\/>\n\n\n\n<p><strong>Mardi 3 d\u00e9cembre 2019&nbsp;\u00e0 14h30 : M\u00e9dicalisation et param\u00e9dicalisation des secours pr\u00e9hospitaliers.<\/strong> <\/p>\n\n\n\n<p><em>Pr\u00e9sident :<\/em> Pr Denis SAFRAN (conseiller ministre int\u00e9rieur) <em>Coordinateur&nbsp;:<\/em> MCE Patrick HERTGEN et MAJ Christophe LAMACHE (BSPP)<\/p>\n\n\n\n<p>&#8211; Bilan de 20 ans de VLI dans le SDIS 30 &#8211;&nbsp;<strong>M. RIBELLES  et Dr AGOPIAN <\/strong><\/p>\n\n\n\n<p>&#8211; Exp\u00e9rience d&rsquo;Isra\u00ebl \u2013 <strong>M. KLEIN<\/strong> <a href=\"http:\/\/carum.org\/presentation-mda\/\" target=\"_blank\" rel=\"noreferrer noopener nofollow\"><strong>(PRESENTATION)<\/strong><\/a><\/p>\n\n\n\n<p>&#8211; Bilan de 3 ans d&rsquo;ECG t\u00e9l\u00e9transmis \u00e0 la BSPP \u2013 <strong>MED THIRION<\/strong> <strong><a href=\"http:\/\/carum.org\/mdv-ecg\/\">(PRESENTATION)<\/a><\/strong><\/p>\n\n\n\n<p>&#8211; Mise en place d\u2019a\u00e9rosols bronchodilatateurs dans les VSAV \u2013<strong> MCE HERTGEN<\/strong> <strong><a href=\"http:\/\/carum.org\/therapeutique-inhalees-dans-les-vsav\/\" target=\"_blank\" rel=\"noreferrer noopener nofollow\">(PRESENTATION)<\/a><\/strong><\/p>\n\n\n\n<hr class=\"wp-block-separator\"\/>\n\n\n\n<p><strong>Mardi 21 janvier 2020 \u00e0 14h30 <\/strong>: <strong>Traumatologie grave<\/strong>  <\/p>\n\n\n\n<p><em>Pr\u00e9sident :<\/em> Pr DAVID  <em>Coordinateur&nbsp;:<\/em> MC  DERKENNE <\/p>\n\n\n\n<p>&#8211; Place du REBOA en pr\u00e9hospitalier \u2013 <strong>Dr THABOUILLOT <\/strong><a href=\"http:\/\/carum.org\/wp-content\/uploads\/2020\/01\/REBOA-mardi-vdg1.pdf\" target=\"_blank\" rel=\"noreferrer noopener nofollow\"><strong>(PRESENTATION)<\/strong><\/a><\/p>\n\n\n\n<p>&#8211; ACR traumatique &#8211; <strong>Pr Raux <\/strong> <a href=\"https:\/\/carum.org\/wp-content\/uploads\/2020\/01\/2020_01_BSPP_ACTraumatique.pdf\"><strong>(PRESENTATION)<\/strong><\/a><\/p>\n\n\n\n<p>&#8211; Projet HEMOCSTASE : projection d&rsquo;une \u00e9quipe mobile de traumatologie grave&nbsp;: exp\u00e9rience du Var \u2013 <strong>MC MONCHAL et MC COTTE <\/strong> <a href=\"http:\/\/carum.org\/wp-content\/uploads\/2020\/01\/Emocstase-83.pdf\"><strong>(PRESENTATION)<\/strong><\/a><\/p>\n\n\n\n<hr class=\"wp-block-separator\"\/>\n\n\n\n<p><strong>Mardi 17 mars 2020 \u00e0 14h30 : Prise en charge du patient br\u00fbl\u00e9 intoxiqu\u00e9&nbsp;<\/strong><\/p>\n\n\n\n<p><em>Pr\u00e9sident :<\/em> MC Thomas LECLERC<\/p>\n\n\n\n<p><em>Coordinateur :<\/em> MP Marine SCANNAVINO, Dr H\u00e9l\u00e8ne DARMON (BSPP)<\/p>\n\n\n\n<p>&#8211; Le feu&nbsp;: m\u00e9canismes thermiques et EPI<strong> &#8211; SGT BEAUMONT<a href=\"https:\/\/youtu.be\/A6vKtesr3Lw?t=1\" target=\"_blank\" rel=\"noreferrer noopener nofollow\">(VIDEO)<\/a><\/strong><\/p>\n\n\n\n<p>&#8211; Epid\u00e9miologie du pompier br\u00fbl\u00e9 en intervention-<strong> MP PRIEUX <\/strong> <a href=\"https:\/\/youtu.be\/kXy2XZzSpnQ?t=2869\" target=\"_blank\" rel=\"noreferrer noopener nofollow\"><strong>(VIDEO)<\/strong><\/a><\/p>\n\n\n\n<p>&#8211; PEC initiale du br\u00fbl\u00e9 (recommandations 2019)&nbsp;:&nbsp;particularit\u00e9s de la prise en charge des brulures des VAS &#8211;<strong> MC LECLERC <\/strong><a href=\"https:\/\/youtu.be\/kXy2XZzSpnQ\" target=\"_blank\" rel=\"noreferrer noopener nofollow\"><strong>(VIDEO)<\/strong><\/a><\/p>\n\n\n\n<p>&#8211; Controverse sur l\u2019utilisation du cyanokit : respecter les indications, alternatives ? &#8211;<strong> Dr RESSAIRE <\/strong> <strong><a href=\"https:\/\/youtu.be\/kXy2XZzSpnQ?t=8823\" target=\"_blank\" rel=\"noreferrer noopener nofollow\">(VIDEO)<\/a><\/strong><\/p>\n\n\n\n<p>&#8211; Int\u00e9r\u00eat et indications de l\u2019oxyg\u00e9noth\u00e9rapie hyperbare +\/- place de l\u2019oxyg\u00e9nation \u00e0 haut d\u00e9bit &#8211;<strong> Dr HEMING <\/strong> <strong><a href=\"https:\/\/youtu.be\/kXy2XZzSpnQ?t=10534\" target=\"_blank\" rel=\"noreferrer noopener nofollow\">(VIDEO)<\/a><\/strong><\/p>\n\n\n\n<hr class=\"wp-block-separator\"\/>\n\n\n\n<p><strong>Mardi 26 mai 2020 \u00e0 14h30 : Toxicologie <em>(en partenariat avec Centre anti-poisons de Paris)<\/em><\/strong><\/p>\n\n\n\n<p><em>Pr\u00e9sident :<\/em> Pr MEGARBANE <\/p>\n\n\n\n<p><em>Coordinateur&nbsp;:<\/em> MP DEMAISON <\/p>\n\n\n\n<p>&#8211; Intoxication aux cardiotropes \u2013 <strong>Pr MEGARBANE <\/strong> <strong><a href=\"https:\/\/youtu.be\/b1Wwg4ShVZM?t=2081\" target=\"_blank\" rel=\"noreferrer noopener nofollow\">(VIDEO)<\/a><\/strong><\/p>\n\n\n\n<p>&#8211; Les nouvelles substances psychoactives \u2013 <strong>MCN Paul CHAVANCE <a href=\"https:\/\/youtu.be\/UdRVZwBzC4w?t=1\" target=\"_blank\" rel=\"noreferrer noopener nofollow\">(VIDEO)<\/a><\/strong><\/p>\n\n\n\n<p>&#8211; Prise en charge des intoxications\u00a0: RFE 2020 \u2013<strong> MP CARE (<a href=\"https:\/\/carum.org\/wp-content\/uploads\/2022\/05\/RFE_BSPP.pdf\">PRESENTATION<\/a> &#8211; <a href=\"https:\/\/youtu.be\/b1Wwg4ShVZM?t=1\" target=\"_blank\" rel=\"noreferrer noopener nofollow\">VIDEO)<\/a><\/strong><\/p>\n\n\n\n<p>&#8211; Les Centre Anti-Poison et de Toxicovigilance. Comment et pourquoi y faire appel? &#8211; <strong>Dr VODOVAR <\/strong><a href=\"https:\/\/youtu.be\/b1Wwg4ShVZM?t=5325\" target=\"_blank\" rel=\"noreferrer noopener nofollow\"><strong>(VIDEO)<\/strong><\/a><\/p>\n","protected":false},"excerpt":{"rendered":"<p>Mardi 15 octobre 2019 \u00e0 14h30&nbsp;:Ethique en m\u00e9decine d&rsquo;urgence pr\u00e9hospitali\u00e8re et en op\u00e9ration ext\u00e9rieure. Pr\u00e9sident&nbsp;: Pr Didier SICARD (ancien Pr\u00e9sident du Conseil Consultatif National d\u2019Ethique) Coordinateur&nbsp;: Pr Bertrand PRUNET (BSPP) &#8211; Sauver ou p\u00e9rir : Ethique et valeurs fondamentales du Sapeur-Pompier de Paris &#8211; Pr PRUNET (PRESENTATION) &#8211; R\u00e9flexion \u00e9thique sur l\u2019utilisation des m\u00e9dias et [&hellip;]<\/p>\n","protected":false},"author":1,"featured_media":0,"parent":0,"menu_order":0,"comment_status":"closed","ping_status":"closed","template":"","meta":{"footnotes":""},"class_list":["post-969","page","type-page","status-publish","hentry"],"_links":{"self":[{"href":"https:\/\/carum.org\/index.php\/wp-json\/wp\/v2\/pages\/969","targetHints":{"allow":["GET"]}}],"collection":[{"href":"https:\/\/carum.org\/index.php\/wp-json\/wp\/v2\/pages"}],"about":[{"href":"https:\/\/carum.org\/index.php\/wp-json\/wp\/v2\/types\/page"}],"author":[{"embeddable":true,"href":"https:\/\/carum.org\/index.php\/wp-json\/wp\/v2\/users\/1"}],"replies":[{"embeddable":true,"href":"https:\/\/carum.org\/index.php\/wp-json\/wp\/v2\/comments?post=969"}],"version-history":[{"count":19,"href":"https:\/\/carum.org\/index.php\/wp-json\/wp\/v2\/pages\/969\/revisions"}],"predecessor-version":[{"id":1345,"href":"https:\/\/carum.org\/index.php\/wp-json\/wp\/v2\/pages\/969\/revisions\/1345"}],"wp:attachment":[{"href":"https:\/\/carum.org\/index.php\/wp-json\/wp\/v2\/media?parent=969"}],"curies":[{"name":"wp","href":"https:\/\/api.w.org\/{rel}","templated":true}]}}