{"id":774,"date":"2019-08-07T20:13:14","date_gmt":"2019-08-07T18:13:14","guid":{"rendered":"http:\/\/carum.org\/?page_id=774"},"modified":"2022-12-05T20:19:07","modified_gmt":"2022-12-05T19:19:07","slug":"congres-carum-2019","status":"publish","type":"page","link":"https:\/\/carum.org\/index.php\/congres-carum-2019\/","title":{"rendered":"Congr\u00e8s CARUM\/ICAR 2019"},"content":{"rendered":"\n<figure class=\"wp-block-image\"><img loading=\"lazy\" decoding=\"async\" width=\"743\" height=\"408\" src=\"http:\/\/carum.org\/wp-content\/uploads\/2019\/08\/Capture-d\u2019e\u0301cran-2019-08-07-a\u0300-23.06.57.png\" alt=\"\" class=\"wp-image-803\" srcset=\"https:\/\/carum.org\/wp-content\/uploads\/2019\/08\/Capture-d\u2019e\u0301cran-2019-08-07-a\u0300-23.06.57.png 743w, https:\/\/carum.org\/wp-content\/uploads\/2019\/08\/Capture-d\u2019e\u0301cran-2019-08-07-a\u0300-23.06.57-300x165.png 300w, https:\/\/carum.org\/wp-content\/uploads\/2019\/08\/Capture-d\u2019e\u0301cran-2019-08-07-a\u0300-23.06.57-620x340.png 620w\" sizes=\"auto, (max-width: 743px) 100vw, 743px\" \/><\/figure>\n\n\n\n<p><strong>8h45 : accueil et introduction du pr\u00e9sident du CARUM <\/strong><em>MC Pierre-Fran\u00e7ois Wey <\/em><\/p>\n\n\n\n<hr class=\"wp-block-separator has-css-opacity\"\/>\n\n\n\n<p><strong>9h-11h00 : communications orales<\/strong><\/p>\n\n\n\n<p><em> Mod\u00e9ration : MC JM Boissy, MC M Boutonnet, MP S-P Corcostegui <\/em><\/p>\n\n\n\n<p><a href=\"http:\/\/carum.org\/wp-content\/uploads\/2019\/11\/CARUM-the\u0300se-ponsin.pdf\">Evasan strat\u00e9giques avec m\u00e9decin anesth\u00e9siste-r\u00e9animateur \u00e0 bord de 2001 \u00e0 2017 : \u00e9pid\u00e9miologie et analyse des incidents en vol.<\/a> <em>IHA Pauline Ponsin (Clamart) <\/em><\/p>\n\n\n\n<p><a href=\"http:\/\/carum.org\/wp-content\/uploads\/2019\/11\/ANESTHOPEX-MATHAIS-CARUM.pdf\">Anesth\u00e9sie en op\u00e9rations ext\u00e9rieures : une \u00e9tude de registre sur 1547 anesth\u00e9sies<\/a>. <em>IHA Quentin Mathais (Toulon) <\/em><\/p>\n\n\n\n<p><a href=\"http:\/\/carum.org\/wp-content\/uploads\/2019\/12\/Bru\u0302lure-a\u0300-bord-dun-SNLE-CARUM-ESA-Lyon-29-novembre-2019-VANNIER-A-V2019-11-28.pdf\">Br\u00fblure \u00e0 bord d\u2019un sous-marin nucl\u00e9aire lanceur d\u2019engins : une prise en charge strat\u00e9gique<\/a>. <em>MP Alexandre Vannier (Ile Longue) <\/em><\/p>\n\n\n\n<p><a href=\"http:\/\/carum.org\/wp-content\/uploads\/2019\/11\/CARUM-2019-DERKENNE.pdf\">Etude \u00ab SIMUL-CHOC  \u00bb : quelle est la performance diagnostique des m\u00e9decins des forces pour reconnaitre un rythme \u00e9lectrocardiographique n\u00e9cessitant l\u2019administration imm\u00e9diate d\u2019un choc \u00e9lectrique externe ? Evaluation prospective en simulation.<\/a> <em>MP Cl\u00e9ment Derkenne (Paris) <\/em><\/p>\n\n\n\n<p><a href=\"http:\/\/carum.org\/wp-content\/uploads\/2019\/12\/Chaine-NRBC-2020-CALAMAI.pdf\">La cha\u00eene de survie NRBC : un nouvel outil pragmatique et didactique utilis\u00e9 par la BSPP. <\/a><em>Dr Franck Calamai (Paris) <\/em><\/p>\n\n\n\n<p>Traum\u2019cast : innover pour enseigner la prise en charge du bless\u00e9 par armes de guerre. IA4G Widad Benbrika (Clamart) <em>!! Sortie en d\u00e9but 2020!!<\/em><\/p>\n\n\n\n<p><a href=\"http:\/\/carum.org\/wp-content\/uploads\/2021\/02\/RETEXTDXMCARUM.pdf\">Retour d\u2019Exp\u00e9rience d\u2019une mission d\u2019\u00e9quipe chirurgicale \u00e0 bord du BPC Dixmude<\/a>. <em>MP Marc Danguy des D\u00e9serts (Brest) <\/em><\/p>\n\n\n\n<hr class=\"wp-block-separator has-css-opacity\"\/>\n\n\n\n<p><strong>11h00-11h30 : pause<\/strong><\/p>\n\n\n\n<hr class=\"wp-block-separator has-css-opacity\"\/>\n\n\n\n<p><strong><br> 11h30-12h15 : \u00e9thique en m\u00e9decine op\u00e9rationnelle Mod\u00e9ration :<\/strong><em> Mod\u00e9ration: MC F Letourneur, MP C Derkenne, MP M Danguy des D\u00e9serts <\/em><\/p>\n\n\n\n<p><em><br><\/em><a href=\"http:\/\/carum.org\/wp-content\/uploads\/2019\/11\/Lamblin-CARUm-2019.pdf\"><em> <\/em>R\u00e9flexion \u00e9thique en op\u00e9rations ext\u00e9rieures : comment s\u2019y pr\u00e9parer ?<\/a> <em>Cdt\u00ae Steeve Buosi (Br\u00e9tigny-Sur-Orge) \/MP Antoine Lamblin (Lyon) <\/em><\/p>\n\n\n\n<hr class=\"wp-block-separator has-css-opacity\"\/>\n\n\n\n<p><strong>14h-16h30 : Conf\u00e9rences d\u2019actualisation Mod\u00e9ration : <\/strong><em>                   Mod\u00e9ration MC P Pasquier, MC E Meaudre, MC L Aigle <\/em><\/p>\n\n\n\n<p><a href=\"https:\/\/carum.org\/wp-content\/uploads\/2022\/12\/Wey-CARUM2019.pdf\">Transfusion \u00e0 l\u2019extr\u00eame-avant : Retour d\u2019exp\u00e9rience et mise au point. <\/a><\/p>\n\n\n\n<p><a href=\"http:\/\/carum.org\/wp-content\/uploads\/2019\/11\/CARUM-2019-BELLIARD.pdf\">Sauvetage au combat : quoi de neuf en 2019 ?<\/a> <em>Cdt Val\u00e9rie Belliard, Paris, M\u00e9decin en Chef Luc Aigle, Aubagne <\/em><\/p>\n\n\n\n<p><a href=\"http:\/\/carum.org\/wp-content\/uploads\/2019\/12\/Cognitif-MAX-2019.pdf\">Apport et perspectives de l\u2019utilisation des aides cognitives dans la prise en charge du bless\u00e9 de guerre.<\/a> <em>MP\u00ae Jean-Christophe Cejka, Lyon, MP Florian Sibille, Besan\u00e7on <\/em><\/p>\n\n\n\n<p><strong>Session commune ICAR\/CARUM Boucles automatis\u00e9es en anesth\u00e9sie 17H00 -18H30 <\/strong><em>Mod\u00e9ration : Jean Yves Martinez (Orl\u00e9ans), Thomas Rimmel\u00e9 (Lyon) <\/em><\/p>\n\n\n\n<p><a href=\"http:\/\/carum.org\/wp-content\/uploads\/2019\/12\/AnesBox-ICAR-2019.pdf\">D\u00e9livrance automatis\u00e9e des produits de l&rsquo;anesth\u00e9sie gr\u00e2ce au syst\u00e8me ANESLOOP\u00ae: l&rsquo;exp\u00e9rience du centre de traitement des br\u00fbl\u00e9s de Percy.<\/a> <em>N Donat (Paris) <\/em><\/p>\n\n\n\n<p>Titration automatis\u00e9e du remplissage vasculaire et des amines vasopressives. <em>AL Joosten (Kremlin-Bic\u00eatre) <\/em><\/p>\n","protected":false},"excerpt":{"rendered":"<p>8h45 : accueil et introduction du pr\u00e9sident du CARUM MC Pierre-Fran\u00e7ois Wey 9h-11h00 : communications orales Mod\u00e9ration : MC JM Boissy, MC M Boutonnet, MP S-P Corcostegui Evasan strat\u00e9giques avec m\u00e9decin anesth\u00e9siste-r\u00e9animateur \u00e0 bord de 2001 \u00e0 2017 : \u00e9pid\u00e9miologie et analyse des incidents en vol. IHA Pauline Ponsin (Clamart) Anesth\u00e9sie en op\u00e9rations ext\u00e9rieures : [&hellip;]<\/p>\n","protected":false},"author":1,"featured_media":0,"parent":0,"menu_order":0,"comment_status":"closed","ping_status":"closed","template":"","meta":{"footnotes":""},"class_list":["post-774","page","type-page","status-publish","hentry"],"_links":{"self":[{"href":"https:\/\/carum.org\/index.php\/wp-json\/wp\/v2\/pages\/774","targetHints":{"allow":["GET"]}}],"collection":[{"href":"https:\/\/carum.org\/index.php\/wp-json\/wp\/v2\/pages"}],"about":[{"href":"https:\/\/carum.org\/index.php\/wp-json\/wp\/v2\/types\/page"}],"author":[{"embeddable":true,"href":"https:\/\/carum.org\/index.php\/wp-json\/wp\/v2\/users\/1"}],"replies":[{"embeddable":true,"href":"https:\/\/carum.org\/index.php\/wp-json\/wp\/v2\/comments?post=774"}],"version-history":[{"count":17,"href":"https:\/\/carum.org\/index.php\/wp-json\/wp\/v2\/pages\/774\/revisions"}],"predecessor-version":[{"id":1737,"href":"https:\/\/carum.org\/index.php\/wp-json\/wp\/v2\/pages\/774\/revisions\/1737"}],"wp:attachment":[{"href":"https:\/\/carum.org\/index.php\/wp-json\/wp\/v2\/media?parent=774"}],"curies":[{"name":"wp","href":"https:\/\/api.w.org\/{rel}","templated":true}]}}