{"id":755,"date":"2019-05-25T10:25:24","date_gmt":"2019-05-25T08:25:24","guid":{"rendered":"http:\/\/carum.org\/?page_id=755"},"modified":"2022-12-08T20:27:49","modified_gmt":"2022-12-08T19:27:49","slug":"session-sfmu-2019-carum","status":"publish","type":"page","link":"https:\/\/carum.org\/index.php\/session-sfmu-2019-carum\/","title":{"rendered":"Session SFMU 2019\/CARUM"},"content":{"rendered":"\n<p><a href=\"http:\/\/carum.org\/travers-transfusion-prehosp-carum-sfmu-2019\/\">Quel b\u00e9n\u00e9fice de la transfusion pr\u00e9hospitali\u00e8re ?<\/a>&nbsp;St\u00e9phane TRAVERS&nbsp;(Paris)<\/p>\n\n\n\n<p><a href=\"http:\/\/carum.org\/wp-content\/uploads\/2019\/06\/Prunet-Carum-Urgences-2019-V2.pdf\">L\u2019objectif de \u201cz\u00e9ro d\u00e9c\u00e8s \u00e9vitable\u201d : o\u00f9 en sommes-nous ?<\/a>&nbsp;Bertrand PRUNET&nbsp;(Paris)<\/p>\n\n\n\n<p><a href=\"https:\/\/carum.org\/wp-content\/uploads\/2022\/12\/CARUM-NCTH-2019-version-allegee.pdf\">H\u00e9morragie non-compressible en pr\u00e9hospitalier.<\/a>\u00a0<\/p>\n\n\n\n<p><a href=\"http:\/\/carum.org\/wp-content\/uploads\/2019\/08\/PFC-et-Biologie-vs-040619.pdf\">Apport de la biologie dans le triage et le \u00ab\u00a0prolonged field care\u00a0\u00bb.<\/a>&nbsp;Aur\u00e9lien RENARD&nbsp;(Toulon)<\/p>\n\n\n\n<figure class=\"wp-block-image\"><img decoding=\"async\" src=\"https:\/\/urgences-lecongres.org\/medias-theme\/bg-header.jpg\" alt=\"\"\/><\/figure>\n\n\n\n<p><br><\/p>\n","protected":false},"excerpt":{"rendered":"<p>Quel b\u00e9n\u00e9fice de la transfusion pr\u00e9hospitali\u00e8re ?&nbsp;St\u00e9phane TRAVERS&nbsp;(Paris) L\u2019objectif de \u201cz\u00e9ro d\u00e9c\u00e8s \u00e9vitable\u201d : o\u00f9 en sommes-nous ?&nbsp;Bertrand PRUNET&nbsp;(Paris) H\u00e9morragie non-compressible en pr\u00e9hospitalier.\u00a0 Apport de la biologie dans le triage et le \u00ab\u00a0prolonged field care\u00a0\u00bb.&nbsp;Aur\u00e9lien RENARD&nbsp;(Toulon)<\/p>\n","protected":false},"author":1,"featured_media":0,"parent":0,"menu_order":0,"comment_status":"closed","ping_status":"closed","template":"","meta":{"footnotes":""},"class_list":["post-755","page","type-page","status-publish","hentry"],"_links":{"self":[{"href":"https:\/\/carum.org\/index.php\/wp-json\/wp\/v2\/pages\/755","targetHints":{"allow":["GET"]}}],"collection":[{"href":"https:\/\/carum.org\/index.php\/wp-json\/wp\/v2\/pages"}],"about":[{"href":"https:\/\/carum.org\/index.php\/wp-json\/wp\/v2\/types\/page"}],"author":[{"embeddable":true,"href":"https:\/\/carum.org\/index.php\/wp-json\/wp\/v2\/users\/1"}],"replies":[{"embeddable":true,"href":"https:\/\/carum.org\/index.php\/wp-json\/wp\/v2\/comments?post=755"}],"version-history":[{"count":12,"href":"https:\/\/carum.org\/index.php\/wp-json\/wp\/v2\/pages\/755\/revisions"}],"predecessor-version":[{"id":1765,"href":"https:\/\/carum.org\/index.php\/wp-json\/wp\/v2\/pages\/755\/revisions\/1765"}],"wp:attachment":[{"href":"https:\/\/carum.org\/index.php\/wp-json\/wp\/v2\/media?parent=755"}],"curies":[{"name":"wp","href":"https:\/\/api.w.org\/{rel}","templated":true}]}}