{"id":722,"date":"2019-01-16T11:18:10","date_gmt":"2019-01-16T10:18:10","guid":{"rendered":"http:\/\/carum.org\/?page_id=722"},"modified":"2022-05-20T21:47:38","modified_gmt":"2022-05-20T19:47:38","slug":"session-sfar-carum-2019","status":"publish","type":"page","link":"https:\/\/carum.org\/index.php\/session-sfar-carum-2019\/","title":{"rendered":"Session SFAR-CARUM 2019"},"content":{"rendered":"\n<p>CARUM Session th\u00e9matique :&nbsp;<\/p>\n\n\n\n<p class=\"has-text-align-center\">\u00ab\u00a0R\u00e9duire la mortalit\u00e9 \u00e9vitable en traumatologie : Un enjeu civilo-militaire\u00a0\u00bb<\/p>\n\n\n\n<figure class=\"wp-block-gallery has-nested-images columns-default is-cropped wp-block-gallery-1 is-layout-flex wp-block-gallery-is-layout-flex\">\n<figure class=\"wp-block-image\"><img loading=\"lazy\" decoding=\"async\" width=\"1024\" height=\"426\" data-id=\"837\" src=\"http:\/\/carum.org\/wp-content\/uploads\/2019\/09\/SFAR-2019-1024x426.jpeg\" alt=\"\" class=\"wp-image-837\" srcset=\"https:\/\/carum.org\/wp-content\/uploads\/2019\/09\/SFAR-2019-1024x426.jpeg 1024w, https:\/\/carum.org\/wp-content\/uploads\/2019\/09\/SFAR-2019-300x125.jpeg 300w, https:\/\/carum.org\/wp-content\/uploads\/2019\/09\/SFAR-2019-768x319.jpeg 768w, https:\/\/carum.org\/wp-content\/uploads\/2019\/09\/SFAR-2019-620x258.jpeg 620w, https:\/\/carum.org\/wp-content\/uploads\/2019\/09\/SFAR-2019.jpeg 1568w\" sizes=\"auto, (max-width: 1024px) 100vw, 1024px\" \/><\/figure>\n<\/figure>\n\n\n\n<p><em>Mod\u00e9rateurs : Pr Eric MEAUDRE (Toulon), Pr Pierre-Fran\u00e7ois WEY (Lyon)<\/em><\/p>\n\n\n\n<p>1\u00b0) <a href=\"http:\/\/carum.org\/wp-content\/uploads\/2019\/09\/19_1630_PASQUIER.pdf\">La transfusion de sang total : un enjeu civilo-militaire. Pr Pierre PASQUIER (Clamart)<\/a><\/p>\n\n\n\n<p>2\u00b0) <a href=\"http:\/\/carum.org\/wp-content\/uploads\/2019\/09\/BP-REBOA-SFAR-CARUM-V3.pdf\">Le REBOA pr\u00e9hospitalier : d\u00e9clinaisons civilo-militaires. Pr Bertrand PRUNET (Paris)<\/a><\/p>\n\n\n\n<p>3\u00b0)<a href=\"http:\/\/carum.org\/wp-content\/uploads\/2019\/09\/Pre\u0301sentation-SFAR-2019-De\u0301lais.pdf\"> R\u00e9duire le d\u00e9lai de l&rsquo;h\u00e9mostase chirurgicale et\/ou radiologique : une pr\u00e9occupation civilo-militaire. Pr Julien BORDES (Toulon)<\/a><\/p>\n\n\n\n<p><\/p>\n\n\n\n<figure class=\"wp-block-gallery has-nested-images columns-default is-cropped wp-block-gallery-2 is-layout-flex wp-block-gallery-is-layout-flex\">\n<figure class=\"wp-block-image\"><img loading=\"lazy\" decoding=\"async\" width=\"724\" height=\"1024\" data-id=\"800\" src=\"http:\/\/carum.org\/wp-content\/uploads\/2019\/08\/affiches-A4-724x1024.jpg\" alt=\"\" class=\"wp-image-800\" srcset=\"https:\/\/carum.org\/wp-content\/uploads\/2019\/08\/affiches-A4-724x1024.jpg 724w, https:\/\/carum.org\/wp-content\/uploads\/2019\/08\/affiches-A4-212x300.jpg 212w, https:\/\/carum.org\/wp-content\/uploads\/2019\/08\/affiches-A4-768x1086.jpg 768w, https:\/\/carum.org\/wp-content\/uploads\/2019\/08\/affiches-A4-620x877.jpg 620w\" sizes=\"auto, (max-width: 724px) 100vw, 724px\" \/><\/figure>\n<\/figure>\n","protected":false},"excerpt":{"rendered":"<p>CARUM Session th\u00e9matique :&nbsp; \u00ab\u00a0R\u00e9duire la mortalit\u00e9 \u00e9vitable en traumatologie : Un enjeu civilo-militaire\u00a0\u00bb Mod\u00e9rateurs : Pr Eric MEAUDRE (Toulon), Pr Pierre-Fran\u00e7ois WEY (Lyon) 1\u00b0) La transfusion de sang total : un enjeu civilo-militaire. Pr Pierre PASQUIER (Clamart) 2\u00b0) Le REBOA pr\u00e9hospitalier : d\u00e9clinaisons civilo-militaires. Pr Bertrand PRUNET (Paris) 3\u00b0) R\u00e9duire le d\u00e9lai de l&rsquo;h\u00e9mostase [&hellip;]<\/p>\n","protected":false},"author":1,"featured_media":474,"parent":0,"menu_order":0,"comment_status":"closed","ping_status":"closed","template":"","meta":{"footnotes":""},"class_list":["post-722","page","type-page","status-publish","has-post-thumbnail","hentry"],"_links":{"self":[{"href":"https:\/\/carum.org\/index.php\/wp-json\/wp\/v2\/pages\/722","targetHints":{"allow":["GET"]}}],"collection":[{"href":"https:\/\/carum.org\/index.php\/wp-json\/wp\/v2\/pages"}],"about":[{"href":"https:\/\/carum.org\/index.php\/wp-json\/wp\/v2\/types\/page"}],"author":[{"embeddable":true,"href":"https:\/\/carum.org\/index.php\/wp-json\/wp\/v2\/users\/1"}],"replies":[{"embeddable":true,"href":"https:\/\/carum.org\/index.php\/wp-json\/wp\/v2\/comments?post=722"}],"version-history":[{"count":6,"href":"https:\/\/carum.org\/index.php\/wp-json\/wp\/v2\/pages\/722\/revisions"}],"predecessor-version":[{"id":1313,"href":"https:\/\/carum.org\/index.php\/wp-json\/wp\/v2\/pages\/722\/revisions\/1313"}],"wp:featuredmedia":[{"embeddable":true,"href":"https:\/\/carum.org\/index.php\/wp-json\/wp\/v2\/media\/474"}],"wp:attachment":[{"href":"https:\/\/carum.org\/index.php\/wp-json\/wp\/v2\/media?parent=722"}],"curies":[{"name":"wp","href":"https:\/\/api.w.org\/{rel}","templated":true}]}}