{"id":70,"date":"2018-06-05T22:27:02","date_gmt":"2018-06-05T20:27:02","guid":{"rendered":"http:\/\/carum.org\/?page_id=70"},"modified":"2018-08-06T19:58:17","modified_gmt":"2018-08-06T17:58:17","slug":"ressources-publiques","status":"publish","type":"page","link":"https:\/\/carum.org\/index.php\/ressources-publiques\/","title":{"rendered":"Ressources publiques"},"content":{"rendered":"<div class=\"filesharing-item\">\n<div class=\"filesharing-item-title\">Dans cette rubrique, vous trouverez:<\/div>\n<div>&#8211; un lien vers le <a href=\"http:\/\/carum.org\/index.php\/citera-desgenettes\/\">site historique du CITERA de Lyon,<\/a> et sa biblio \u00e0 jour!<\/div>\n<div>&#8211; les <a href=\"http:\/\/carum.org\/index.php\/congres-carum-icarum-2016\/\">pr\u00e9sentations des congr\u00e8s ou sessions qui ont plus que 2 ans<\/a><\/div>\n<div>&#8211; les <a href=\"http:\/\/carum.org\/index.php\/ressources-publiques\/archives-reanoxyo\/\">REANOXYO (revue du CARUM jusqu&rsquo;en 2012)<\/a><\/div>\n<\/div>\n","protected":false},"excerpt":{"rendered":"<p>Dans cette rubrique, vous trouverez: &#8211; un lien vers le site historique du CITERA de Lyon, et sa biblio \u00e0 jour! &#8211; les pr\u00e9sentations des congr\u00e8s ou sessions qui ont plus que 2 ans &#8211; les REANOXYO (revue du CARUM jusqu&rsquo;en 2012)<\/p>\n","protected":false},"author":1,"featured_media":0,"parent":0,"menu_order":0,"comment_status":"closed","ping_status":"closed","template":"","meta":{"footnotes":""},"class_list":["post-70","page","type-page","status-publish","hentry"],"_links":{"self":[{"href":"https:\/\/carum.org\/index.php\/wp-json\/wp\/v2\/pages\/70","targetHints":{"allow":["GET"]}}],"collection":[{"href":"https:\/\/carum.org\/index.php\/wp-json\/wp\/v2\/pages"}],"about":[{"href":"https:\/\/carum.org\/index.php\/wp-json\/wp\/v2\/types\/page"}],"author":[{"embeddable":true,"href":"https:\/\/carum.org\/index.php\/wp-json\/wp\/v2\/users\/1"}],"replies":[{"embeddable":true,"href":"https:\/\/carum.org\/index.php\/wp-json\/wp\/v2\/comments?post=70"}],"version-history":[{"count":5,"href":"https:\/\/carum.org\/index.php\/wp-json\/wp\/v2\/pages\/70\/revisions"}],"predecessor-version":[{"id":416,"href":"https:\/\/carum.org\/index.php\/wp-json\/wp\/v2\/pages\/70\/revisions\/416"}],"wp:attachment":[{"href":"https:\/\/carum.org\/index.php\/wp-json\/wp\/v2\/media?parent=70"}],"curies":[{"name":"wp","href":"https:\/\/api.w.org\/{rel}","templated":true}]}}