{"id":65,"date":"2018-06-05T22:22:21","date_gmt":"2018-06-05T20:22:21","guid":{"rendered":"http:\/\/carum.org\/?page_id=65"},"modified":"2023-04-08T14:23:24","modified_gmt":"2023-04-08T12:23:24","slug":"inscriptions","status":"publish","type":"page","link":"https:\/\/carum.org\/index.php\/inscriptions\/","title":{"rendered":"Inscriptions"},"content":{"rendered":"<p>Le CARUM a besoin de vous pour continuer ! Pour financer le site internet, pour payer les frais bancaires, mais surtout le congr\u00e8s du CARUM.\u00a0<\/p>\n<p>Le fonctionnement du club est simple: la premi\u00e8re adh\u00e9sion est payante&#8230; et couvre toutes les ann\u00e9es tant que le club a des fonds suffisant. Par exemple, depuis 2018, les adh\u00e9rents n&rsquo;ont pas \u00e9t\u00e9 re-sollicit\u00e9s pour re-cotiser.\u00a0<\/p>\n<p>Pour vous inscrire au CARUM,<\/p>\n<p>1\/ r\u00e9glez votre adh\u00e9sion ici : <a href=\"http:\/\/carum.org\/index.php\/2018\/06\/05\/cotisations-2017\/\">cotisations\u00a0<\/a><\/p>\n<p>2\/ envoyez un mail \u00e0 contact@carum.org pour signaler votre inscription !\u00a0<\/p>\n<p>\u00a0<\/p>\n\n\n<p><\/p>\n","protected":false},"excerpt":{"rendered":"<p>Le CARUM a besoin de vous pour continuer ! Pour financer le site internet, pour payer les frais bancaires, mais surtout le congr\u00e8s du CARUM.\u00a0 Le fonctionnement du club est simple: la premi\u00e8re adh\u00e9sion est payante&#8230; et couvre toutes les ann\u00e9es tant que le club a des fonds suffisant. Par exemple, depuis 2018, les adh\u00e9rents [&hellip;]<\/p>\n","protected":false},"author":1,"featured_media":0,"parent":0,"menu_order":0,"comment_status":"closed","ping_status":"closed","template":"","meta":{"footnotes":""},"class_list":["post-65","page","type-page","status-publish","hentry"],"_links":{"self":[{"href":"https:\/\/carum.org\/index.php\/wp-json\/wp\/v2\/pages\/65","targetHints":{"allow":["GET"]}}],"collection":[{"href":"https:\/\/carum.org\/index.php\/wp-json\/wp\/v2\/pages"}],"about":[{"href":"https:\/\/carum.org\/index.php\/wp-json\/wp\/v2\/types\/page"}],"author":[{"embeddable":true,"href":"https:\/\/carum.org\/index.php\/wp-json\/wp\/v2\/users\/1"}],"replies":[{"embeddable":true,"href":"https:\/\/carum.org\/index.php\/wp-json\/wp\/v2\/comments?post=65"}],"version-history":[{"count":11,"href":"https:\/\/carum.org\/index.php\/wp-json\/wp\/v2\/pages\/65\/revisions"}],"predecessor-version":[{"id":1850,"href":"https:\/\/carum.org\/index.php\/wp-json\/wp\/v2\/pages\/65\/revisions\/1850"}],"wp:attachment":[{"href":"https:\/\/carum.org\/index.php\/wp-json\/wp\/v2\/media?parent=65"}],"curies":[{"name":"wp","href":"https:\/\/api.w.org\/{rel}","templated":true}]}}