{"id":482,"date":"2018-08-09T17:33:21","date_gmt":"2018-08-09T15:33:21","guid":{"rendered":"http:\/\/carum.org\/?page_id=482"},"modified":"2018-12-02T22:22:21","modified_gmt":"2018-12-02T21:22:21","slug":"soumission-dun-abstract-pour-les-sessions-carum-ou-le-congres-carim","status":"publish","type":"page","link":"https:\/\/carum.org\/index.php\/soumission-dun-abstract-pour-les-sessions-carum-ou-le-congres-carim\/","title":{"rendered":"Soumission d&rsquo;un abstract"},"content":{"rendered":"<p>Si vous souhaitez soumettre un r\u00e9sum\u00e9 pour une des session du CARUM ou le congr\u00e8s du CARUM<\/p>\n<p>1\/ Conformez-vous aux exigences suivantes : format type introduction\/ mat\u00e9riels et m\u00e9thode\/ r\u00e9sultats\/ discussion-conclusion; 800 mots maximum; 3 r\u00e9f\u00e9rences maximum; 1 tableau et\/ou 1 figure maximum<\/p>\n<p>2\/ Envoyez le tout \u00e0 contact@carum.org<\/p>\n<p>3\/ L&rsquo;\u00e9quipe du CARUM vous tiendra rapidement inform\u00e9e si votre soumission est accept\u00e9e ou non, et vous fournira les raisons du refus, le cas \u00e9ch\u00e9ant.<\/p>\n<p>4\/ En cas d&rsquo;acceptation:<\/p>\n<ul>\n<li>votre abstract et votre pr\u00e9sentation seront archiv\u00e9es sur le site, en acc\u00e8s limit\u00e9 aux membres pour 2 ans, puis en diffusion libre. Vous pourrez cependant mettre en ligne une version adapt\u00e9e de votre travail, si n\u00e9cessaire (forces sp\u00e9ciales, travaux non encore publi\u00e9s etc.)<\/li>\n<li>si accept\u00e9 pour le congr\u00e8s CARUM: vous devrez adh\u00e9rer au CARUM pour pr\u00e9senter vos travaux lors du congr\u00e8s ICAR\/CARUM de d\u00e9cembre, \u00e0 Lyon-Bron<\/li>\n<li>si accept\u00e9 pour les sessions CARUM de la SFAR\/SRLF\/SFMU: vous devez \u00eatre adh\u00e9rents SFAR\/SRLF\/SFMU<\/li>\n<\/ul>\n<p>&nbsp;<\/p>\n<p>&nbsp;<\/p>\n","protected":false},"excerpt":{"rendered":"<p>Si vous souhaitez soumettre un r\u00e9sum\u00e9 pour une des session du CARUM ou le congr\u00e8s du CARUM 1\/ Conformez-vous aux exigences suivantes : format type introduction\/ mat\u00e9riels et m\u00e9thode\/ r\u00e9sultats\/ discussion-conclusion; 800 mots maximum; 3 r\u00e9f\u00e9rences maximum; 1 tableau et\/ou 1 figure maximum 2\/ Envoyez le tout \u00e0 contact@carum.org 3\/ L&rsquo;\u00e9quipe du CARUM vous tiendra [&hellip;]<\/p>\n","protected":false},"author":1,"featured_media":0,"parent":0,"menu_order":0,"comment_status":"closed","ping_status":"closed","template":"","meta":{"footnotes":""},"class_list":["post-482","page","type-page","status-publish","hentry"],"_links":{"self":[{"href":"https:\/\/carum.org\/index.php\/wp-json\/wp\/v2\/pages\/482","targetHints":{"allow":["GET"]}}],"collection":[{"href":"https:\/\/carum.org\/index.php\/wp-json\/wp\/v2\/pages"}],"about":[{"href":"https:\/\/carum.org\/index.php\/wp-json\/wp\/v2\/types\/page"}],"author":[{"embeddable":true,"href":"https:\/\/carum.org\/index.php\/wp-json\/wp\/v2\/users\/1"}],"replies":[{"embeddable":true,"href":"https:\/\/carum.org\/index.php\/wp-json\/wp\/v2\/comments?post=482"}],"version-history":[{"count":9,"href":"https:\/\/carum.org\/index.php\/wp-json\/wp\/v2\/pages\/482\/revisions"}],"predecessor-version":[{"id":695,"href":"https:\/\/carum.org\/index.php\/wp-json\/wp\/v2\/pages\/482\/revisions\/695"}],"wp:attachment":[{"href":"https:\/\/carum.org\/index.php\/wp-json\/wp\/v2\/media?parent=482"}],"curies":[{"name":"wp","href":"https:\/\/api.w.org\/{rel}","templated":true}]}}