{"id":312,"date":"2018-08-06T16:58:13","date_gmt":"2018-08-06T14:58:13","guid":{"rendered":"http:\/\/carum.org\/?page_id=312"},"modified":"2023-06-10T14:41:20","modified_gmt":"2023-06-10T12:41:20","slug":"le-carum-quest-ce","status":"publish","type":"page","link":"https:\/\/carum.org\/index.php\/le-carum-quest-ce\/","title":{"rendered":"Le CARUM : qu&rsquo;est-ce?"},"content":{"rendered":"<p><span style=\"color: #ff0000;\">LE MOT DU PRESIDENT<\/span><\/p>\n<p>Chers coll\u00e8gues, chers anciens, chers amis,<\/p>\n<p>Le bureau du CARUM s\u2019est renouvel\u00e9 lors de la pr\u00e9c\u00e9dente assembl\u00e9e g\u00e9n\u00e9rale. J\u2019ai l\u2019honneur d\u2019avoir \u00e9t\u00e9 \u00e9lu pr\u00e9sident et tiens \u00e0 remercier vivement le pr\u00e9sident sortant, le\u00a0 M\u00e9decin en Chef Pierre-Fran\u00e7ois Wey pour son investissement et son travail afin de faire vivre le club pendant plusieurs ann\u00e9es et\u00a0 pour avoir su insuffler une dynamique porteuse dans le sens du rapprochement Forces-H\u00f4pitaux-Structures de soutien-Enseignement\/Recherche. Je tiens \u00e0 remercier \u00e9galement nos grands anciens qui ont beaucoup \u0153uvr\u00e9 pour le CARUM, de sa cr\u00e9ation \u00e0 aujourd\u2019hui.<\/p>\n<p>L\u2019actuel bureau s\u2019engage \u00e0 poursuivre cette dynamique, en continuant \u00e0 proposer des sessions scientifiques de grande qualit\u00e9 lors des congr\u00e8s des soci\u00e9t\u00e9s savantes (SFMU, SFAR, SRLF, SFMC), mais \u00e9galement en organisant une journ\u00e9e scientifique annuelle, ouverte \u00e0 tous les personnels m\u00e9dicaux et param\u00e9dicaux d\u2019active et de r\u00e9serve du SSA. Le dernier congr\u00e8s du CARUM s\u2019est d\u00e9roul\u00e9 en pr\u00e9sentiel \u00e0 la manufacture des tabacs \u00e0 Lyon, et a \u00e9t\u00e9 l\u2019occasion de partager nos exp\u00e9riences dans le domaine de la m\u00e9decine op\u00e9rationnelle qui nous est cher, mais \u00e9galement d\u2019\u00e9changer avec nos confr\u00e8res civils lors de la session commune CARUM-ICAR (Informations Cliniques en Anesth\u00e9sie-R\u00e9animation Rh\u00f4ne-Alpes).<\/p>\n<p>Nous souhaitons \u00e9galement favoriser et d\u00e9velopper la recherche. Le SSA est riche de talents et il nous semble primordial d\u2019aider les coll\u00e8gues investis dans ce domaine. Ainsi, le CARUM propose d\u2019aider \u00e0 financer des \u00e9tudes ou des traductions d\u2019articles qui ont trait \u00e0 la m\u00e9decine op\u00e9rationnelle ou \u00e0 la m\u00e9decine militaire en g\u00e9n\u00e9ral.<\/p>\n<p>Le bureau du CARUM vous remercie de votre fid\u00e9lit\u00e9, et vous invite \u00e0 soutenir ses efforts en adh\u00e9rant au club, en venant toujours plus nombreux aux diff\u00e9rentes sessions organis\u00e9es et en faisant conna\u00eetre le CARUM autour de vous.<\/p>\n<p>Soyez assur\u00e9s, chers coll\u00e8gues, anciens et amis, de notre entier d\u00e9vouement.<\/p>\n<p style=\"text-align: right;\">MC Antoine Lamblin<\/p>\n<p style=\"text-align: right;\">Pr\u00e9sident du CARUM<\/p>\n<p><span style=\"color: #ff0000;\">LE CARUM, quatre \u00e9v\u00e8nements annuels<\/span><\/p>\n<ul>\n<li>Session CARUM au congr\u00e8s de la SRLF, (juin, Paris)<\/li>\n<li>Session CARUM au congr\u00e8s de la SFMU, (juin, Paris)<\/li>\n<li>Session CARUM au congr\u00e8s de la SFAR, (septembre, Paris)<\/li>\n<li>Congr\u00e8s CARUM\u00a0 au printemps, \u00e0 Lyon<\/li>\n<\/ul>\n<hr \/>\n<p><span style=\"color: #ff0000;\">Adh\u00e9rer, pourquoi?\u00a0<\/span><\/p>\n<p>Le financement du CARUM sert \u00e0 organiser les rendez-vous annuels, \u00e0 financer des projets de recherches de son domaine d&rsquo;\u00e9tude. Devenir adh\u00e9rent vous permet l&rsquo;acc\u00e8s aux pr\u00e9sentations des archives des deux derni\u00e8res ann\u00e9es. <a href=\"http:\/\/carum.org\/index.php\/cotisations\/\">Devenir adh\u00e9rent.<\/a><\/p>\n<hr \/>\n<p><span style=\"color: #ff0000;\">Le bureau\u00a0<\/span><\/p>\n<p>MC Antoine Lamblin, Pr\u00e9sident<\/p>\n<p>MC Cl\u00e9ment Derkenne, tr\u00e9sorier et webmaster<\/p>\n<p>MP Simon-Pierre Corcostegui, secr\u00e9taire<\/p>\n<p>MC Bertrand Prunet, r\u00e9f\u00e9rent SFAR<\/p>\n<p>MC Pierre Pasquier, r\u00e9f\u00e9rent SRLF<\/p>\n","protected":false},"excerpt":{"rendered":"<p>LE MOT DU PRESIDENT Chers coll\u00e8gues, chers anciens, chers amis, Le bureau du CARUM s\u2019est renouvel\u00e9 lors de la pr\u00e9c\u00e9dente assembl\u00e9e g\u00e9n\u00e9rale. J\u2019ai l\u2019honneur d\u2019avoir \u00e9t\u00e9 \u00e9lu pr\u00e9sident et tiens \u00e0 remercier vivement le pr\u00e9sident sortant, le\u00a0 M\u00e9decin en Chef Pierre-Fran\u00e7ois Wey pour son investissement et son travail afin de faire vivre le club pendant [&hellip;]<\/p>\n","protected":false},"author":1,"featured_media":0,"parent":0,"menu_order":0,"comment_status":"closed","ping_status":"closed","template":"","meta":{"footnotes":""},"class_list":["post-312","page","type-page","status-publish","hentry"],"_links":{"self":[{"href":"https:\/\/carum.org\/index.php\/wp-json\/wp\/v2\/pages\/312","targetHints":{"allow":["GET"]}}],"collection":[{"href":"https:\/\/carum.org\/index.php\/wp-json\/wp\/v2\/pages"}],"about":[{"href":"https:\/\/carum.org\/index.php\/wp-json\/wp\/v2\/types\/page"}],"author":[{"embeddable":true,"href":"https:\/\/carum.org\/index.php\/wp-json\/wp\/v2\/users\/1"}],"replies":[{"embeddable":true,"href":"https:\/\/carum.org\/index.php\/wp-json\/wp\/v2\/comments?post=312"}],"version-history":[{"count":12,"href":"https:\/\/carum.org\/index.php\/wp-json\/wp\/v2\/pages\/312\/revisions"}],"predecessor-version":[{"id":1898,"href":"https:\/\/carum.org\/index.php\/wp-json\/wp\/v2\/pages\/312\/revisions\/1898"}],"wp:attachment":[{"href":"https:\/\/carum.org\/index.php\/wp-json\/wp\/v2\/media?parent=312"}],"curies":[{"name":"wp","href":"https:\/\/api.w.org\/{rel}","templated":true}]}}