{"id":279,"date":"2018-08-05T21:55:14","date_gmt":"2018-08-05T19:55:14","guid":{"rendered":"http:\/\/carum.org\/?page_id=279"},"modified":"2019-08-07T21:34:28","modified_gmt":"2019-08-07T19:34:28","slug":"session-sfmu-carum-2017","status":"publish","type":"page","link":"https:\/\/carum.org\/index.php\/session-sfmu-carum-2017\/","title":{"rendered":"Session SFAR\/CARUM 2017"},"content":{"rendered":"<div id=\"stacks_out_541_page16\" class=\"stacks_out\">\n<div id=\"stacks_in_541_page16\" class=\"stacks_in text_stack\">Jeudi 21 septembre 2017 : Palais des Congr\u00e8s de Paris<br \/>\nMod\u00e9rateurs de session&nbsp;: MC Stephane Travers, MP Cl\u00e9ment Dubost.<\/div>\n<div><\/div>\n<div class=\"stacks_in text_stack\">\n<p>MP A. Lamblin : Retour d&rsquo;exp\u00e9rience : soutien chirurgical des troupes engag\u00e9es dans la lutte contre le terrorisme dans la bande sah\u00e9lo-saharienne 2016-2017. <a href=\"http:\/\/carum.org\/wp-content\/uploads\/2018\/06\/SFAR2017LAMBLIN.pdf\">(.pdf)<\/a><\/p>\n<p>MP V. Vitalis : Transfusion pr\u00e9coce du bless\u00e9 de guerre : \u00e9tude prospective au cours de la mission barkhane. <a href=\"http:\/\/carum.org\/wp-content\/uploads\/2018\/06\/SFAR2017VITALIS.pdf\">(.pdf)<\/a><\/p>\n<p>Dr N. Rombauts : Exercice en terres australes : quelle comp\u00e9tence et quelle formation avant mission (.<a href=\"http:\/\/carum.org\/wp-content\/uploads\/2018\/08\/2017_SFAR_ROMBAUTS_appendicites.pdf\">pdf<\/a>)<\/p>\n<p>MP C. Dubost : Parcours victime attentat. <a href=\"http:\/\/carum.org\/wp-content\/uploads\/2018\/06\/SFAR2017Dubost.pdf\">(.pdf)<\/a><\/p>\n<\/div>\n<\/div>\n<p><a href=\"http:\/\/carum.org\/wp-content\/uploads\/2018\/06\/sfar2017.png\"><img loading=\"lazy\" decoding=\"async\" class=\"alignnone size-full wp-image-133\" src=\"http:\/\/carum.org\/wp-content\/uploads\/2018\/06\/sfar2017.png\" alt=\"\" width=\"608\" height=\"850\" srcset=\"https:\/\/carum.org\/wp-content\/uploads\/2018\/06\/sfar2017.png 608w, https:\/\/carum.org\/wp-content\/uploads\/2018\/06\/sfar2017-215x300.png 215w\" sizes=\"auto, (max-width: 608px) 100vw, 608px\" \/><\/a><\/p>\n","protected":false},"excerpt":{"rendered":"<p>Jeudi 21 septembre 2017 : Palais des Congr\u00e8s de Paris Mod\u00e9rateurs de session&nbsp;: MC Stephane Travers, MP Cl\u00e9ment Dubost. MP A. Lamblin : Retour d&rsquo;exp\u00e9rience : soutien chirurgical des troupes engag\u00e9es dans la lutte contre le terrorisme dans la bande sah\u00e9lo-saharienne 2016-2017. (.pdf) MP V. Vitalis : Transfusion pr\u00e9coce du bless\u00e9 de guerre : \u00e9tude [&hellip;]<\/p>\n","protected":false},"author":1,"featured_media":0,"parent":0,"menu_order":0,"comment_status":"closed","ping_status":"closed","template":"","meta":{"footnotes":""},"class_list":["post-279","page","type-page","status-publish","hentry"],"_links":{"self":[{"href":"https:\/\/carum.org\/index.php\/wp-json\/wp\/v2\/pages\/279","targetHints":{"allow":["GET"]}}],"collection":[{"href":"https:\/\/carum.org\/index.php\/wp-json\/wp\/v2\/pages"}],"about":[{"href":"https:\/\/carum.org\/index.php\/wp-json\/wp\/v2\/types\/page"}],"author":[{"embeddable":true,"href":"https:\/\/carum.org\/index.php\/wp-json\/wp\/v2\/users\/1"}],"replies":[{"embeddable":true,"href":"https:\/\/carum.org\/index.php\/wp-json\/wp\/v2\/comments?post=279"}],"version-history":[{"count":7,"href":"https:\/\/carum.org\/index.php\/wp-json\/wp\/v2\/pages\/279\/revisions"}],"predecessor-version":[{"id":795,"href":"https:\/\/carum.org\/index.php\/wp-json\/wp\/v2\/pages\/279\/revisions\/795"}],"wp:attachment":[{"href":"https:\/\/carum.org\/index.php\/wp-json\/wp\/v2\/media?parent=279"}],"curies":[{"name":"wp","href":"https:\/\/api.w.org\/{rel}","templated":true}]}}