{"id":2267,"date":"2026-04-10T18:19:35","date_gmt":"2026-04-10T16:19:35","guid":{"rendered":"https:\/\/carum.org\/?page_id=2267"},"modified":"2026-04-14T21:29:50","modified_gmt":"2026-04-14T19:29:50","slug":"conference-bspp-2025-2026","status":"publish","type":"page","link":"https:\/\/carum.org\/index.php\/conference-bspp-2025-2026\/","title":{"rendered":"Conf\u00e9rence BSPP 2025-2026"},"content":{"rendered":"\n<p><strong>Mardi 25 novembre 2025 COMMUNICATION OP\u00c9RATIONNELLE<\/strong><br>Pr\u00e9sident : G\u00e9n\u00e9ral Arnaud DE CACQUERAY <br>Coordinateur : MCE St\u00e9phane DUBOURDIEU <br>La communication au service des op\u00e9rations &#8211; CDT Damien BERG (BSPP)<br>Prise en compte des facteurs humains et op\u00e9rationnels &#8211; MCE Marie PERY (BSPP)<br>Partager nos erreurs : pourquoi, comment ? &#8211; MHC Anne-Lise MAMOSER SOUBERBIELLE (BSPP)<br>Les outils du futur en coordination m\u00e9dicale &#8211; MCE Patrick HERTGEN (BSPP)<br><\/p>\n\n\n\n<hr class=\"wp-block-separator has-alpha-channel-opacity\"\/>\n\n\n\n<p><strong>Mardi 27 janvier 2026 \u00e0 14h30 NRBC : DE LA TH\u00c9ORIE \u00c0 LA PRATIQUE<\/strong><br>Pr\u00e9sident : Pr Fr\u00e9d\u00e9ric DORANDEU (SSA)<br>Coordinateur : MCE David FONTAINE (BSPP)<br>Nouveaux toxiques de guerre &#8211; Pr Herv\u00e9 DELACOUR (SSA)<br>Transports REB &#8211; RETEX et enseignements pratiques &#8211; M. J\u00e9r\u00f4me PALLIER et MC Jimmy ROBERT (BSPP)<br>S\u2019adapter au terrain, exemple du Sniper &#8211; Pr Bruno MEGARBANE (H\u00f4pital Lariboisi\u00e8re)<br>La gestion des antidotes en cas de NOVI NRBC &#8211; PHC G\u00e9raldine GAUTHIER (BSPP)<\/p>\n\n\n\n<hr class=\"wp-block-separator has-alpha-channel-opacity\"\/>\n\n\n\n<p><strong>Mardi 17 mars 2026 \u00e0 14h30 &#8211; \u00c9CHOGRAPHIE CLINIQUE EN PR\u00c9HOSPITALIER (S\u00e9ance commune BMPM\u2009\/\u2009BSPP)<\/strong><br>Pr\u00e9sident : Pr Xavier BOBBIA (CHU Montpellier)<br>Coordinateurs : MP Enguerrane MARTINEZ LORENZI (BMPM), MP Kamel CHACHOUR et MP Valentin VIAL (BSPP)<\/p>\n\n\n\n<p><a href=\"https:\/\/carum.org\/wp-content\/uploads\/2026\/04\/Quelles-evolutions-probables-en-ECMU-.pdf\" data-type=\"link\" data-id=\"https:\/\/carum.org\/wp-content\/uploads\/2026\/04\/Quelles-evolutions-probables-en-ECMU-.pdf\">Quelles \u00e9volutions probables en ECMU? Pr Xavier BOBBIA (CHU Montpellier)<\/a><br>Enjeux de l\u2019ECMU. Les d\u00e9fis de la d\u00e9cennie \u00e0 venir &#8211; Dr Maxime GAUTIER (H\u00f4pital Simone Veil Eaubonne \/ board ECMU SFMU)<br>Outils Doppler pour l\u2019extra hospitalier ? &#8211; Dr David SAPIR (SAMU 77)<br>L\u2019\u00e9cho dans l\u2019ACR : pour ou contre ? &#8211; <a href=\"https:\/\/carum.org\/wp-content\/uploads\/2026\/04\/Echo-dans-l39AC-2.pdf\">Dr Fran\u00e7ois JAVAUDIN (CHU Nantes)<\/a> et <a href=\"https:\/\/carum.org\/wp-content\/uploads\/2026\/04\/ETT-AC-Contre-Jeudis-Val-2.pdf\">Pr Matthieu HEIDET (SAMU 94 \/ board ACR SFMU)<\/a><\/p>\n\n\n\n<hr class=\"wp-block-separator has-alpha-channel-opacity\"\/>\n\n\n\n<p><strong>Mardi 7 avril 2026 \u00e0 14h30 LA P\u00c9DAGOGIE EN PR\u00c9HOSPITALIER<\/strong><br>Pr\u00e9sident : Pr Christine AMMIRATI (SAMU 80)<br>Coordinateur : MCE Marie PERY (BSPP)<br><a href=\"https:\/\/carum.org\/wp-content\/uploads\/2026\/04\/BSPP-7-avril-2026-nouveaux-decret-de-competence-IDE.pdf\">Innovations dans les formations des IDE et int\u00e9gration des nouveaux d\u00e9crets de comp\u00e9tences IDE en pr\u00e9hospitalier &#8211; M. Alexandre NIGGEL (CESU 83)<\/a><br><a href=\"https:\/\/carum.org\/wp-content\/uploads\/2026\/04\/BSPPAmmirati-Apprentissage-par-les-pairsdiffusion.pdf\">La transmission des savoir-faire par les pairs &#8211; Dr Carole AMSALLEM (CESU 80)<\/a><br><a href=\"https:\/\/carum.org\/wp-content\/uploads\/2026\/04\/2026-MDV-Pedago-en-prehospitalier.pdf\">Parcours de formation efficace, comp\u00e9tences techniques et comp\u00e9tences non techniques &#8211; MCE Marie PERY (BSPP)<\/a><br>Impl\u00e9mentation des nouvelles technologies dans les parcours de formation &#8211; Dr Mathieu VIOLEAU (SAMU 79)<\/p>\n\n\n\n<hr class=\"wp-block-separator has-alpha-channel-opacity\"\/>\n\n\n\n<p><strong>Mardi 19 mai 2026 \u00e0 14h30 &#8211; ACTUALIT\u00c9S EN CARDIOLOGIE<\/strong><br>Pr\u00e9sident : Pr Fr\u00e9d\u00e9ric ADNET (SAMU 75)<br>Coordinateur : MP R\u00e9my RAMALINGOM (BSPP)<br>D\u00e9pister les cardiopathies, apport des outils connect\u00e9s &#8211; Dr Fran\u00e7ois BOUVIER (H\u00f4pital Jacques Cartier \u2013 Massy)<br>Tachycardies \u00e0 complexe large \u2013 Pr Pierre TABOULET (H\u00f4pital Saint Louis)<br>Interpr\u00e9tation de l\u2019ECG : m\u00e9decin vs intelligence artificielle \u2013 MP Bertrand MATHIAS (BSPP)<br><\/p>\n","protected":false},"excerpt":{"rendered":"<p>Mardi 25 novembre 2025 COMMUNICATION OP\u00c9RATIONNELLEPr\u00e9sident : G\u00e9n\u00e9ral Arnaud DE CACQUERAY Coordinateur : MCE St\u00e9phane DUBOURDIEU La communication au service des op\u00e9rations &#8211; CDT Damien BERG (BSPP)Prise en compte des facteurs humains et op\u00e9rationnels &#8211; MCE Marie PERY (BSPP)Partager nos erreurs : pourquoi, comment ? &#8211; MHC Anne-Lise MAMOSER SOUBERBIELLE (BSPP)Les outils du futur en [&hellip;]<\/p>\n","protected":false},"author":1,"featured_media":0,"parent":0,"menu_order":0,"comment_status":"closed","ping_status":"closed","template":"","meta":{"footnotes":""},"class_list":["post-2267","page","type-page","status-publish","hentry"],"_links":{"self":[{"href":"https:\/\/carum.org\/index.php\/wp-json\/wp\/v2\/pages\/2267","targetHints":{"allow":["GET"]}}],"collection":[{"href":"https:\/\/carum.org\/index.php\/wp-json\/wp\/v2\/pages"}],"about":[{"href":"https:\/\/carum.org\/index.php\/wp-json\/wp\/v2\/types\/page"}],"author":[{"embeddable":true,"href":"https:\/\/carum.org\/index.php\/wp-json\/wp\/v2\/users\/1"}],"replies":[{"embeddable":true,"href":"https:\/\/carum.org\/index.php\/wp-json\/wp\/v2\/comments?post=2267"}],"version-history":[{"count":5,"href":"https:\/\/carum.org\/index.php\/wp-json\/wp\/v2\/pages\/2267\/revisions"}],"predecessor-version":[{"id":2283,"href":"https:\/\/carum.org\/index.php\/wp-json\/wp\/v2\/pages\/2267\/revisions\/2283"}],"wp:attachment":[{"href":"https:\/\/carum.org\/index.php\/wp-json\/wp\/v2\/media?parent=2267"}],"curies":[{"name":"wp","href":"https:\/\/api.w.org\/{rel}","templated":true}]}}