{"id":2254,"date":"2026-03-20T21:00:16","date_gmt":"2026-03-20T20:00:16","guid":{"rendered":"https:\/\/carum.org\/?page_id=2254"},"modified":"2026-03-20T21:00:16","modified_gmt":"2026-03-20T20:00:16","slug":"congres-carum-2026","status":"publish","type":"page","link":"https:\/\/carum.org\/index.php\/congres-carum-2026\/","title":{"rendered":"Congr\u00e8s CARUM 2026"},"content":{"rendered":"\n<p>2 d\u00e9cembre 2026, Palais du Pharo <\/p>\n\n\n\n<hr class=\"wp-block-separator has-alpha-channel-opacity\"\/>\n\n\n\n<p><strong>Nouveau r\u00e9f\u00e9rentiel de sauvetage au combat: des choix r\u00e9fl\u00e9chis <\/strong>! <\/p>\n\n\n\n<p>Gestion chirugicale des plaies par le m\u00e9decin des forces MCS PAUL<\/p>\n\n\n\n<p>Gestion de l&rsquo;h\u00e9mostase \u00e0 l&rsquo;avant. MC Cl\u00e9ment<\/p>\n\n\n\n<p>Antalgie: plus efficaces! <\/p>\n\n\n\n<p> R\u00e9animation transfusionnelle 2.0. MC Sandrine<\/p>\n\n\n\n<p> Pourquoi un nouvel antibiotique? MP Pierre Louis<\/p>\n\n\n\n<hr class=\"wp-block-separator has-alpha-channel-opacity\"\/>\n\n\n\n<p><strong> Grands brul\u00e9s: enjeux individiduels et collectifs <\/strong><\/p>\n\n\n\n<p>R\u00e9visons les bases, cas clinique interactif: savez-vous prendre en charge un grand brul\u00e9 pendant 2h? MC Aur\u00e9lien<\/p>\n\n\n\n<p>Gestion d\u2019un PMA de grand brul\u00e9 (RETEX CRANS MONTANA)<\/p>\n\n\n\n<p>Grand brul\u00e9s de la face: \u00e9valuer, soigner, r\u00e9\u00e9duquer<\/p>\n\n\n\n<p>Transfert longue dur\u00e9e de patients brul\u00e9s <\/p>\n\n\n\n<p>R\u00e9gulation internationale d\u2019un afflux de grands brul\u00e9s. MCS Thomas<\/p>\n\n\n\n<hr class=\"wp-block-separator has-alpha-channel-opacity\"\/>\n\n\n\n<p><strong>Ethique op\u00e9rationnelle en 2026 <\/strong><\/p>\n\n\n\n<p>Soins palliatifs \u00e0 l&rsquo;avant : possible? souhaitable? MC Chlo\u00e9 <\/p>\n\n\n\n<p>Triage: sauver le militaire plus sauvable&#8230; ou sauver le militaire le plus pr\u00e9cieux? MC Antoine <\/p>\n\n\n\n<p>Engagement majeur: des soldats moins s\u00e9lectionn\u00e9s? MC Matthieu<\/p>\n\n\n\n<p>Aspects \u00e9thiques du traumatis\u00e9 cranien MC Ryan<\/p>\n","protected":false},"excerpt":{"rendered":"<p>2 d\u00e9cembre 2026, Palais du Pharo Nouveau r\u00e9f\u00e9rentiel de sauvetage au combat: des choix r\u00e9fl\u00e9chis ! Gestion chirugicale des plaies par le m\u00e9decin des forces MCS PAUL Gestion de l&rsquo;h\u00e9mostase \u00e0 l&rsquo;avant. MC Cl\u00e9ment Antalgie: plus efficaces! R\u00e9animation transfusionnelle 2.0. MC Sandrine Pourquoi un nouvel antibiotique? MP Pierre Louis Grands brul\u00e9s: enjeux individiduels et collectifs [&hellip;]<\/p>\n","protected":false},"author":1,"featured_media":0,"parent":0,"menu_order":0,"comment_status":"closed","ping_status":"closed","template":"","meta":{"footnotes":""},"class_list":["post-2254","page","type-page","status-publish","hentry"],"_links":{"self":[{"href":"https:\/\/carum.org\/index.php\/wp-json\/wp\/v2\/pages\/2254","targetHints":{"allow":["GET"]}}],"collection":[{"href":"https:\/\/carum.org\/index.php\/wp-json\/wp\/v2\/pages"}],"about":[{"href":"https:\/\/carum.org\/index.php\/wp-json\/wp\/v2\/types\/page"}],"author":[{"embeddable":true,"href":"https:\/\/carum.org\/index.php\/wp-json\/wp\/v2\/users\/1"}],"replies":[{"embeddable":true,"href":"https:\/\/carum.org\/index.php\/wp-json\/wp\/v2\/comments?post=2254"}],"version-history":[{"count":1,"href":"https:\/\/carum.org\/index.php\/wp-json\/wp\/v2\/pages\/2254\/revisions"}],"predecessor-version":[{"id":2255,"href":"https:\/\/carum.org\/index.php\/wp-json\/wp\/v2\/pages\/2254\/revisions\/2255"}],"wp:attachment":[{"href":"https:\/\/carum.org\/index.php\/wp-json\/wp\/v2\/media?parent=2254"}],"curies":[{"name":"wp","href":"https:\/\/api.w.org\/{rel}","templated":true}]}}