{"id":2171,"date":"2025-02-06T22:18:10","date_gmt":"2025-02-06T21:18:10","guid":{"rendered":"https:\/\/carum.org\/?page_id=2171"},"modified":"2025-10-13T22:11:58","modified_gmt":"2025-10-13T20:11:58","slug":"congres-carum-2025","status":"publish","type":"page","link":"https:\/\/carum.org\/index.php\/congres-carum-2025\/","title":{"rendered":"CONGRES CARUM 2025"},"content":{"rendered":"\n<p class=\"has-text-align-center\"><em>1er Octobre 2025&#8230;. et pour la premi\u00e8re fois \u00e0 Marseille, au palais du Pharo!!<\/em><\/p>\n\n\n\n<p>Avec le soutien des <a href=\"https:\/\/www.gueules-cassees.asso.fr\/\">Gueules Cass\u00e9es<\/a><\/p>\n\n\n\n<p><\/p>\n\n\n\n<p>08h30: Accueil, caf\u00e9<\/p>\n\n\n\n<p>09h00: introduction<\/p>\n\n\n\n<hr class=\"wp-block-separator has-alpha-channel-opacity\"\/>\n\n\n\n<p><strong>09h30 Controverse: faut-il \u00eatre urgentiste pour prendre en charge un bless\u00e9 de guerre?<\/strong><\/p>\n\n\n\n<p class=\"has-text-align-center\"><em>Mod\u00e9ration Pr Xavier Bobbia, MC Cl\u00e9ment<\/em><\/p>\n\n\n\n<p>Un r\u00e9cit ouvre le d\u00e9bat: je ne suis pas urgentiste et j&rsquo;ai fait des MASCAL!  MC Anne, 15&prime;<\/p>\n\n\n\n<p>Il le faut! MC Simon-Pierre , 15&prime; <\/p>\n\n\n\n<p>Il ne le faut pas! MC Mathieu, 15&prime; <a href=\"https:\/\/carum.org\/wp-content\/uploads\/2025\/10\/URGENTISTE-NON.pdf\">(PRESENTATION)<\/a> <a href=\"https:\/\/youtu.be\/Q_5WbGjTZRY\">(VIDEO)<\/a><\/p>\n\n\n\n<p>Discussion avec les orateurs, 15&prime;<\/p>\n\n\n\n<hr class=\"wp-block-separator has-alpha-channel-opacity\"\/>\n\n\n\n<p><strong>10h30 Et demain, quelle prise en charge de nos bless\u00e9s?<\/strong><\/p>\n\n\n\n<p class=\"has-text-align-center\"><em>Mod\u00e9ration MC Simon-Pierre ; MCS Luc<\/em><\/p>\n\n\n\n<p>Monitorons nos bless\u00e9s : micorcirculation et marqueurs: et chez le traumatis\u00e9? Dr C\u00e9line OCCELI, 20&prime; <a href=\"https:\/\/carum.org\/wp-content\/uploads\/2025\/10\/Microcirculatoire-amp-Trauma.pdf\">(PRESENTATION)<\/a> (<a href=\"https:\/\/youtu.be\/_68j-_z3ujA\">VIDEO)<\/a><\/p>\n\n\n\n<p>Monitorons nos bless\u00e9s : \u00e9chographie continue: une r\u00e9volution chez le bless\u00e9 dans 15 ans? Pr Xavier BOBBIA, 20&prime; (<a href=\"https:\/\/carum.org\/wp-content\/uploads\/2025\/10\/Echographie-continue.pdf\">PRESENTATION)<\/a> <a href=\"https:\/\/youtu.be\/UBG_qmKyZT8\">(VIDEO)<\/a><\/p>\n\n\n\n<p>Drone, guerre et paix &#8230;et guerre : menace et opportunit\u00e9. MC Christophe, 20&prime;<\/p>\n\n\n\n<p>Drone, guerre et paix&#8230; et paix : opportunit\u00e9 et d\u00e9fi. Pr Mathieu HEIDET, 20&prime; (<a href=\"https:\/\/carum.org\/wp-content\/uploads\/2025\/10\/CARUM-DRONES-PAIX.pdf\">PRESENTATION)<\/a><\/p>\n\n\n\n<p>Disscussion avec les experts 10&prime;<\/p>\n\n\n\n<hr class=\"wp-block-separator has-alpha-channel-opacity\"\/>\n\n\n\n<p><strong>12h00 Repas d\u00e9licieux<\/strong><\/p>\n\n\n\n<hr class=\"wp-block-separator has-alpha-channel-opacity\"\/>\n\n\n\n<p><strong>13h30: de la Golden Hour au Golden Day<\/strong><\/p>\n\n\n\n<p class=\"has-text-align-center\"><em>Mod\u00e9ration MP Jean-Baptiste; MC Christophe<\/em><\/p>\n\n\n\n<p>Traumatologie en situation isol\u00e9e: 24h avec&#8230; un brul\u00e9 \u00e0 50%. MC Jean-Vivien, 15&rsquo;+5&prime; <a href=\"https:\/\/carum.org\/wp-content\/uploads\/2025\/10\/BRULE-CARUM-2025.pdf\">(PRESENTATION)<\/a><\/p>\n\n\n\n<p>Traumatologie en situation isol\u00e9e: Parachutiste: m\u00e9decin isol\u00e9 par vocation&#8230; et en haute intensit\u00e9? MCS Luc, 15&rsquo;+5&prime; <a href=\"https:\/\/carum.org\/wp-content\/uploads\/2025\/10\/20251001-CARUM-TAP-isolee.pdf\">(PRESENTATION)<\/a><\/p>\n\n\n\n<p>Traumatologie en situation isol\u00e9e: Prolonged field care des membres MP Nicolas, 15&rsquo;+5&prime;<\/p>\n\n\n\n<p>M\u00e9decine en situation isol\u00e9e: 24h&#8230; avec un SCA ST+ en poste isol\u00e9. MP Oscar, 15&rsquo;+5&prime; (<a href=\"https:\/\/carum.org\/wp-content\/uploads\/2025\/10\/CARUM-2025_24-HEURES-AVEC-UN-SCA-POST-THROMBOLYSE.pdf\">PRESENTATION)<\/a><\/p>\n\n\n\n<p>M\u00e9decine en situation isol\u00e9e: Anesth\u00e9sie Loco R\u00e9gionale accessible en R1 MP Philippe, 15&rsquo;+5&prime; <a href=\"https:\/\/carum.org\/wp-content\/uploads\/2025\/10\/CARUM-2025-ALR-accessible-en-Role-1.pdf\">(PRESENTATION)<\/a><\/p>\n\n\n\n<p>M\u00e9decine en situation isol\u00e9e: Gestion de l\u2019oxyg\u00e8ne pour en situation d\u2019isolement prolong\u00e9 MC Nicolas, 15&rsquo;+5&prime; <a href=\"https:\/\/carum.org\/wp-content\/uploads\/2025\/10\/CARUM-CAZES.pdf\">(PRESENTATION)<\/a><\/p>\n\n\n\n<hr class=\"wp-block-separator has-alpha-channel-opacity\"\/>\n\n\n\n<p>16h00: <strong>Gueules cass\u00e9es: survivre et se reconstruire<\/strong><\/p>\n\n\n\n<p class=\"has-text-align-center\"><em>MC Anne, MC Julien<\/em><\/p>\n\n\n\n<p>Traumatologie Maxillo-ORL sur le terrain en en R2: MC Stanislas et MC Pierre, 20&prime; <a href=\"https:\/\/carum.org\/wp-content\/uploads\/2025\/10\/ORL-MAXILO.pdf\">(PRESENTATION)<\/a><\/p>\n\n\n\n<p>R\u00e9habilitation et r\u00e9\u00e9ducation des bless\u00e9s de la face et de la t\u00eate. MED Alexis, 20&prime; <a href=\"https:\/\/carum.org\/wp-content\/uploads\/2025\/10\/MPR-FACE-ET-COU.pdf\">(PRESENTATION)<\/a><\/p>\n\n\n\n<p>Questions aux experts, 20&prime;<\/p>\n\n\n\n<hr class=\"wp-block-separator has-alpha-channel-opacity\"\/>\n\n\n\n<p><\/p>\n\n\n\n<hr class=\"wp-block-separator has-alpha-channel-opacity\"\/>\n\n\n\n<p>S&rsquo;inscrire au congr\u00e8s? <\/p>\n\n\n\n<ul class=\"wp-block-list\">\n<li>Vous \u00eates d\u00e9j\u00e0 adh\u00e9rent au CARUM: l&rsquo;inscription est gratuite: envoyez un simple mail \u00e0 contact @ carum.org<\/li>\n\n\n\n<li>Vous n&rsquo;\u00eates pas adh\u00e9rent : voil\u00e0 une tr\u00e8s bonne occasion de s&rsquo;inscrire!! <a href=\"https:\/\/carum.org\/index.php\/cotisations\/\">https:\/\/carum.org\/index.php\/cotisations\/<\/a><\/li>\n\n\n\n<li>Vous ne pouvez pas vous d\u00e9placer pour profiter des temps d&rsquo;\u00e9change avec les intervenants et les congressistes? Visio possible! <a href=\"https:\/\/carum.org\/index.php\/cotisations\/\">https:\/\/carum.org\/index.php\/cotisations\/<\/a><\/li>\n<\/ul>\n\n\n\n<hr class=\"wp-block-separator has-alpha-channel-opacity\"\/>\n\n\n\n\n","protected":false},"excerpt":{"rendered":"<p>1er Octobre 2025&#8230;. et pour la premi\u00e8re fois \u00e0 Marseille, au palais du Pharo!! Avec le soutien des Gueules Cass\u00e9es 08h30: Accueil, caf\u00e9 09h00: introduction 09h30 Controverse: faut-il \u00eatre urgentiste pour prendre en charge un bless\u00e9 de guerre? Mod\u00e9ration Pr Xavier Bobbia, MC Cl\u00e9ment Un r\u00e9cit ouvre le d\u00e9bat: je ne suis pas urgentiste et [&hellip;]<\/p>\n","protected":false},"author":1,"featured_media":0,"parent":0,"menu_order":0,"comment_status":"closed","ping_status":"closed","template":"","meta":{"footnotes":""},"class_list":["post-2171","page","type-page","status-publish","hentry"],"_links":{"self":[{"href":"https:\/\/carum.org\/index.php\/wp-json\/wp\/v2\/pages\/2171","targetHints":{"allow":["GET"]}}],"collection":[{"href":"https:\/\/carum.org\/index.php\/wp-json\/wp\/v2\/pages"}],"about":[{"href":"https:\/\/carum.org\/index.php\/wp-json\/wp\/v2\/types\/page"}],"author":[{"embeddable":true,"href":"https:\/\/carum.org\/index.php\/wp-json\/wp\/v2\/users\/1"}],"replies":[{"embeddable":true,"href":"https:\/\/carum.org\/index.php\/wp-json\/wp\/v2\/comments?post=2171"}],"version-history":[{"count":19,"href":"https:\/\/carum.org\/index.php\/wp-json\/wp\/v2\/pages\/2171\/revisions"}],"predecessor-version":[{"id":2250,"href":"https:\/\/carum.org\/index.php\/wp-json\/wp\/v2\/pages\/2171\/revisions\/2250"}],"wp:attachment":[{"href":"https:\/\/carum.org\/index.php\/wp-json\/wp\/v2\/media?parent=2171"}],"curies":[{"name":"wp","href":"https:\/\/api.w.org\/{rel}","templated":true}]}}