{"id":2160,"date":"2024-12-26T17:08:25","date_gmt":"2024-12-26T16:08:25","guid":{"rendered":"https:\/\/carum.org\/?page_id=2160"},"modified":"2025-05-23T10:20:21","modified_gmt":"2025-05-23T08:20:21","slug":"conferences-prehospitalieres-bspp-du-val-de-grace","status":"publish","type":"page","link":"https:\/\/carum.org\/index.php\/conferences-prehospitalieres-bspp-du-val-de-grace\/","title":{"rendered":"Conf\u00e9rences pr\u00e9hospitali\u00e8res BSPP du Val de Grace"},"content":{"rendered":"\n<p><strong>Lundi 25 novembre 2024 \u00e0 14\u2009h\u200930 &#8211; ENJEUX \u00c9THIQUES ET D\u00c9FIS DE DEMAIN<\/strong><\/p>\n\n\n\n<ul class=\"wp-block-list\">\n<li>Formation initiale et continue du sapeur-pompier \u00e0 l\u2019\u00e9thique comportementale &#8211; G\u00e9n\u00e9ral Arnaud DE CACQUERAY (BSPP)<\/li>\n\n\n\n<li>Fin de vie et m\u00e9decine d\u2019urgence &#8211; Dr Alexis BURNOD (m\u00e9decin urgentiste et soins palliatifs \u00e0 l\u2019Institut Curie de Paris)<\/li>\n\n\n\n<li>La m\u00e9decine du futur : entre utopie et bouleversement \u2013 Pr Didier SICARD (Ancien chef de service de m\u00e9decine interne de l\u2019H\u00f4pital Cochin, Professeur<br>\u00e9m\u00e9rite \u00e0 l\u2019Universit\u00e9 Paris Descartes)<\/li>\n\n\n\n<li>Ethique et recherche scientifique &#8211; Pr Fr\u00e9d\u00e9ric ADNET (SAMU 75)<\/li>\n<\/ul>\n\n\n\n<hr class=\"wp-block-separator has-alpha-channel-opacity\"\/>\n\n\n\n<p><strong>Mardi 17 d\u00e9cembre 2024 \u00e0 14\u2009h\u200930 &#8211; RETEX JO 2024, S\u00c9ANCE COMMUNE BMPM\/BSPP<\/strong><\/p>\n\n\n\n<ul class=\"wp-block-list\">\n<li>De la conception \u00e0 la conduite \u2013 M. Pierre MAUGER (Paris 2024)<\/li>\n\n\n\n<li>Les enjeux de la pr\u00e9paration op\u00e9rationnelle &#8211;<a href=\"https:\/\/carum.org\/wp-content\/uploads\/2024\/12\/Les-enjeux-de-la-preparation-operationnelle-VF.pdf\"> SCH Anne GODEFROY (BSPP)<\/a><\/li>\n\n\n\n<li>Retour d\u2019exp\u00e9rience &#8211; <a href=\"http:\/\/Les enjeux de la pr\u00e9paration op\u00e9rationnelle VF.pdf Soutien des \u00e9preuves nautiques lors des JO 2024 Retex et perspectives BSPP.pdf\">MCE David FONTAINE (BSPP)<\/a>&#8211; Dr Agathe FANTOU (SAMU 75) &#8211;<br><a href=\"https:\/\/carum.org\/wp-content\/uploads\/2024\/12\/Soutien-des-epreuves-nautiques-lors-des-JO-2024-Retex-et-perspectives-BSPP.pdf\">MC Pierre-Olivier VIDAL (BMPM)<\/a><\/li>\n<\/ul>\n\n\n\n<hr class=\"wp-block-separator has-alpha-channel-opacity\"\/>\n\n\n\n<p><strong>Mardi 11 f\u00e9vrier 2025 \u00e0 14\u2009h\u200930 SECOURS ET SOINS PR\u00c9HOSPITALIERS : RISQUES POUR LES INTERVENANTS ET MESURES DE PR\u00c9VENTION<\/strong><\/p>\n\n\n\n<ul class=\"wp-block-list\">\n<li>Composition et toxicit\u00e9 des fum\u00e9es d\u2019incendie &#8211; Pr Jean Ulrich MULLOT (chef du bureau sciences en sant\u00e9 \u2013 Division sant\u00e9 de D\u00e9fense)<\/li>\n\n\n\n<li>Exposition aux fum\u00e9es et \u00e0 la chaleur : quels risques et quelles mesures de pr\u00e9vention pour les sapeurs-pompiers ? &#8211; MC Alexandre ALLONNEAU (BSPP)<\/li>\n\n\n\n<li>Les proc\u00e9dures d\u2019hygi\u00e8ne post incendie au sein de la BSPP &#8211; ADC Samuel MERCIER et Rapha\u00ebl SUNEN (BSPP)<\/li>\n\n\n\n<li>Pr\u00e9vention et suivi des traumatismes psychologiques &#8211; Psy HC Matthieu PETITCLERC (BSPP)<\/li>\n\n\n\n<li>Gestion de la fatigue et du manque de sommeil : actualit\u00e9s et perspectives &#8211; Pr Fabien SAUVET (chef du d\u00e9partement recherche, expertise et formation a\u00e9rom\u00e9dicale &#8211; IRBA)<\/li>\n<\/ul>\n\n\n\n<hr class=\"wp-block-separator has-alpha-channel-opacity\"\/>\n\n\n\n<p><strong>Mardi 29 avril 2025 \u00e0 14\u2009h\u200930 &#8211; HYPO\/HYPERTHERMIE : INNOVATIONS ET CONTRAINTES TECHNOLOGIQUES DANS LE DOMAINE BIOM\u00c9DICAL<\/strong><\/p>\n\n\n\n<ul class=\"wp-block-list\">\n<li>Les pi\u00e8ges de l\u2019hypothermie &#8211; MP Jean-Baptiste DE LAMBERTERIE (66e AM CHAMONIX) et <a href=\"https:\/\/carum.org\/wp-content\/uploads\/2025\/05\/ppt-bspp-hypothermie.pdf\">Dr Thomas SPADONI (Brian\u00e7on)<\/a><\/li>\n\n\n\n<li>Physiopathologie et aptitude du militaire post coup de chaleur : le point de vue du clinicien &#8211; <a href=\"https:\/\/carum.org\/wp-content\/uploads\/2025\/05\/presentation-coup-de-chaleur.pdf\">MP Heloise RISICATO (BSPP)<\/a>, le point de vue du physiologiste<br>expert &#8211; <a href=\"https:\/\/carum.org\/wp-content\/uploads\/2025\/05\/Presentation-CCE-irba.pdf\">MCSCN Alexandra MALGOYRE (IRBA)<\/a><\/li>\n\n\n\n<li>Mesure de la temp\u00e9rature et modalit\u00e9s de prise en charge en pr\u00e9hospitalier : difficult\u00e9s et innovations &#8211; <a href=\"https:\/\/carum.org\/wp-content\/uploads\/2025\/05\/mardi-du-val-2025-BPIB.pdf\">ADJ J\u00e9r\u00e9my GOUZE (BSPP)<\/a><\/li>\n\n\n\n<li>Cons\u00e9quences pour la sant\u00e9 du r\u00e9chauffement climatique, \u00e0 quoi s\u2019attendre ? &#8211; Mathilde PASCAL (Sant\u00e9 Publique France)<\/li>\n<\/ul>\n\n\n\n<hr class=\"wp-block-separator has-alpha-channel-opacity\"\/>\n\n\n\n<p><strong>Mardi 17 juin 2025 \u00e0 14\u2009h\u200930 &#8211; LES MYTHES EN M\u00c9DECINE D\u2019URGENCE<\/strong><\/p>\n\n\n\n<ul class=\"wp-block-list\">\n<li>Les mythes de l\u2019arr\u00eat cardiaque \u2013 Dr Cl\u00e9ment DERKENNE (1re AMS)<\/li>\n\n\n\n<li>Les mythes en traumatologie grave \u2013 Pr Fr\u00e9d\u00e9ric LAPOSTOLLE (SAMU 93)<\/li>\n\n\n\n<li>Les mythes au service des urgences \u2013 Pr Yonathan FREUND (APHP Piti\u00e9-Salp\u00eatri\u00e8re)<\/li>\n\n\n\n<li>Les mythes que je continue \u00e0 demander aux infirmi\u00e8res &#8211; Pr Youri YORDANOV (CHU Lyon)<\/li>\n<\/ul>\n","protected":false},"excerpt":{"rendered":"<p>Lundi 25 novembre 2024 \u00e0 14\u2009h\u200930 &#8211; ENJEUX \u00c9THIQUES ET D\u00c9FIS DE DEMAIN Mardi 17 d\u00e9cembre 2024 \u00e0 14\u2009h\u200930 &#8211; RETEX JO 2024, S\u00c9ANCE COMMUNE BMPM\/BSPP Mardi 11 f\u00e9vrier 2025 \u00e0 14\u2009h\u200930 SECOURS ET SOINS PR\u00c9HOSPITALIERS : RISQUES POUR LES INTERVENANTS ET MESURES DE PR\u00c9VENTION Mardi 29 avril 2025 \u00e0 14\u2009h\u200930 &#8211; HYPO\/HYPERTHERMIE : INNOVATIONS [&hellip;]<\/p>\n","protected":false},"author":1,"featured_media":0,"parent":0,"menu_order":0,"comment_status":"closed","ping_status":"closed","template":"","meta":{"footnotes":""},"class_list":["post-2160","page","type-page","status-publish","hentry"],"_links":{"self":[{"href":"https:\/\/carum.org\/index.php\/wp-json\/wp\/v2\/pages\/2160","targetHints":{"allow":["GET"]}}],"collection":[{"href":"https:\/\/carum.org\/index.php\/wp-json\/wp\/v2\/pages"}],"about":[{"href":"https:\/\/carum.org\/index.php\/wp-json\/wp\/v2\/types\/page"}],"author":[{"embeddable":true,"href":"https:\/\/carum.org\/index.php\/wp-json\/wp\/v2\/users\/1"}],"replies":[{"embeddable":true,"href":"https:\/\/carum.org\/index.php\/wp-json\/wp\/v2\/comments?post=2160"}],"version-history":[{"count":5,"href":"https:\/\/carum.org\/index.php\/wp-json\/wp\/v2\/pages\/2160\/revisions"}],"predecessor-version":[{"id":2191,"href":"https:\/\/carum.org\/index.php\/wp-json\/wp\/v2\/pages\/2160\/revisions\/2191"}],"wp:attachment":[{"href":"https:\/\/carum.org\/index.php\/wp-json\/wp\/v2\/media?parent=2160"}],"curies":[{"name":"wp","href":"https:\/\/api.w.org\/{rel}","templated":true}]}}