{"id":2132,"date":"2024-09-20T20:26:00","date_gmt":"2024-09-20T18:26:00","guid":{"rendered":"https:\/\/carum.org\/?page_id=2132"},"modified":"2024-09-20T20:26:59","modified_gmt":"2024-09-20T18:26:59","slug":"2eme-journee-dethique-medico-militaire","status":"publish","type":"page","link":"https:\/\/carum.org\/index.php\/2eme-journee-dethique-medico-militaire\/","title":{"rendered":"2\u00e8me journ\u00e9e d&rsquo;\u00e9thique m\u00e9dico-militaire"},"content":{"rendered":"\n<p><strong>09h30 Introduction du MG SCHWARTZBORD<\/strong><\/p>\n\n\n\n<p><strong>9h30-12h30 COMMUNICATIONS<\/strong><\/p>\n\n\n\n<ul class=\"wp-block-list\">\n<li>Conf\u00e9rence\u00a0: Ethique en situation sanitaire exceptionnelle <em>(Pr Fabrice Gzil \u2013 espace \u00e9thique IDF)<\/em><\/li>\n\n\n\n<li>D\u00e9ontologie m\u00e9dicale\u00a0:\u00a0 r\u00e8gles applicables et implications pour le SSA <em>(MP Elodie Dubourdieu, DCSSA)<\/em><\/li>\n\n\n\n<li>Int\u00e9grit\u00e9 scientifique\u00a0: en quoi les personnels du SSA sont-ils concern\u00e9s\u00a0? <em>(Pr Fillatreau\u00a0; MCSHC Tournier)<\/em><\/li>\n<\/ul>\n\n\n\n<p><strong>Pause<\/strong><\/p>\n\n\n\n<ul class=\"wp-block-list\">\n<li>Recherche de d\u00e9fense\u00a0: valeurs du SSA et homme augment\u00e9 <em>(MC\u00ae Jean-Pierre Baechle)<\/em><\/li>\n\n\n\n<li>Introduction \u00e0 une d\u00e9marche de r\u00e9flexion \u00e9thique structur\u00e9e <em>(CDT\u00ae Steeve Buosi)<\/em><\/li>\n\n\n\n<li>Introduction de l\u2019apr\u00e8s-midi<em> (Dr Hocini et Dr Dellaporta)<\/em><\/li>\n<\/ul>\n\n\n\n<p><strong>12h30 PAUSE DEJEUNER (buffet offert avec l\u2019inscription)<\/strong><\/p>\n\n\n\n<p><strong>13h30-16h30 ATELIERS ETHIQUES<\/strong><\/p>\n\n\n\n<p><strong>Vous pourrez participer \u00e0 2 ateliers \u00e9thiques d\u20191h30 chacun en groupes restreints (\u00e9tudes de cas sous la forme d\u2019\u00e9thique appliqu\u00e9e), \u00e0 choisir parmi les th\u00e8mes suivants&nbsp;:<\/strong><\/p>\n\n\n\n<ul class=\"wp-block-list\">\n<li>Dilemmes \u00e9thiques en psychiatrie (<em>MC Fr\u00e9d\u00e9rique Gignoux-Froment, Dr Hocini et Dr Bruno Dellaporta<\/em>)<\/li>\n\n\n\n<li>Atelier d\u00e9ontologie sous la forme de cas pratiques (<em>animateur \u00e0 d\u00e9finir<\/em>)<\/li>\n\n\n\n<li>Dilemmes \u00e9thiques en OPEX (<em>MP Ang\u00e8le Bazin &#8211; MC Antoine Lamblin<\/em>)<\/li>\n\n\n\n<li>M\u00e9thode d\u2019\u00e9valuation de la d\u00e9lib\u00e9ration \u00e9thique en m\u00e9decine militaire (MEDEMM) (<em>CDT\u00ae Steeve Buosi)<\/em><\/li>\n\n\n\n<li>Atelier de pr\u00e9paration \u00e0 la 3<sup>i\u00e8me<\/sup> journ\u00e9e d\u2019\u00e9thique m\u00e9dico-militaire\u00a0: quels enjeux \u00e9thiques m\u00e9dico-militaires de l\u2019IA (Possible Fr\u00e9d\u00e9ric Canini, Charles Verdonk, Marion Trousselard)<\/li>\n<\/ul>\n\n\n\n<p><strong>16h30-17h Cl\u00f4ture de la journ\u00e9e par le MC Pierre Pasquier<\/strong><\/p>\n","protected":false},"excerpt":{"rendered":"<p>09h30 Introduction du MG SCHWARTZBORD 9h30-12h30 COMMUNICATIONS Pause 12h30 PAUSE DEJEUNER (buffet offert avec l\u2019inscription) 13h30-16h30 ATELIERS ETHIQUES Vous pourrez participer \u00e0 2 ateliers \u00e9thiques d\u20191h30 chacun en groupes restreints (\u00e9tudes de cas sous la forme d\u2019\u00e9thique appliqu\u00e9e), \u00e0 choisir parmi les th\u00e8mes suivants&nbsp;: 16h30-17h Cl\u00f4ture de la journ\u00e9e par le MC Pierre Pasquier<\/p>\n","protected":false},"author":1,"featured_media":0,"parent":0,"menu_order":0,"comment_status":"closed","ping_status":"closed","template":"","meta":{"footnotes":""},"class_list":["post-2132","page","type-page","status-publish","hentry"],"_links":{"self":[{"href":"https:\/\/carum.org\/index.php\/wp-json\/wp\/v2\/pages\/2132","targetHints":{"allow":["GET"]}}],"collection":[{"href":"https:\/\/carum.org\/index.php\/wp-json\/wp\/v2\/pages"}],"about":[{"href":"https:\/\/carum.org\/index.php\/wp-json\/wp\/v2\/types\/page"}],"author":[{"embeddable":true,"href":"https:\/\/carum.org\/index.php\/wp-json\/wp\/v2\/users\/1"}],"replies":[{"embeddable":true,"href":"https:\/\/carum.org\/index.php\/wp-json\/wp\/v2\/comments?post=2132"}],"version-history":[{"count":2,"href":"https:\/\/carum.org\/index.php\/wp-json\/wp\/v2\/pages\/2132\/revisions"}],"predecessor-version":[{"id":2136,"href":"https:\/\/carum.org\/index.php\/wp-json\/wp\/v2\/pages\/2132\/revisions\/2136"}],"wp:attachment":[{"href":"https:\/\/carum.org\/index.php\/wp-json\/wp\/v2\/media?parent=2132"}],"curies":[{"name":"wp","href":"https:\/\/api.w.org\/{rel}","templated":true}]}}