{"id":2120,"date":"2024-09-18T20:49:52","date_gmt":"2024-09-18T18:49:52","guid":{"rendered":"https:\/\/carum.org\/?page_id=2120"},"modified":"2024-09-26T09:44:26","modified_gmt":"2024-09-26T07:44:26","slug":"session-srlf-carum-2024","status":"publish","type":"page","link":"https:\/\/carum.org\/index.php\/session-srlf-carum-2024\/","title":{"rendered":"Session SRLF\/CARUM 2024"},"content":{"rendered":"\n<p><a href=\"https:\/\/interactive-programme.europa-organisation.com\/cache\/srlf2024\/schedule_full.html#detail_600\"><\/a><\/p>\n\n\n\n<h3 class=\"wp-block-heading\">Soutien m\u00e9dical et R\u00e9animation en milieux extr\u00eames<\/h3>\n\n\n\n<p><\/p>\n\n\n\n<p>Impact physiologique, fatigue, li\u00e9s aux environnements extr\u00eames : Fabien SAUVET <a href=\"https:\/\/carum.org\/wp-content\/uploads\/2024\/09\/SAUVET.pdf\">(PRESENTATION)<\/a><\/p>\n\n\n\n<p>Isolement extr\u00eame : strat\u00e9gie de prise en charge d&rsquo;une urgence m\u00e9dicale \u00e0 bord des sous-marins : Fran\u00e7ois LECLERCQ <\/p>\n\n\n\n<p>Coup de chaleur d\u2019exercice: Christophe DUBECQ <\/p>\n\n\n\n<p>Froid : faut-il encore s&rsquo;y int\u00e9resser ? Cyprien BOURRILHON <\/p>\n","protected":false},"excerpt":{"rendered":"<p>Soutien m\u00e9dical et R\u00e9animation en milieux extr\u00eames Impact physiologique, fatigue, li\u00e9s aux environnements extr\u00eames : Fabien SAUVET (PRESENTATION) Isolement extr\u00eame : strat\u00e9gie de prise en charge d&rsquo;une urgence m\u00e9dicale \u00e0 bord des sous-marins : Fran\u00e7ois LECLERCQ Coup de chaleur d\u2019exercice: Christophe DUBECQ Froid : faut-il encore s&rsquo;y int\u00e9resser ? Cyprien BOURRILHON<\/p>\n","protected":false},"author":1,"featured_media":0,"parent":0,"menu_order":0,"comment_status":"closed","ping_status":"closed","template":"","meta":{"footnotes":""},"class_list":["post-2120","page","type-page","status-publish","hentry"],"_links":{"self":[{"href":"https:\/\/carum.org\/index.php\/wp-json\/wp\/v2\/pages\/2120","targetHints":{"allow":["GET"]}}],"collection":[{"href":"https:\/\/carum.org\/index.php\/wp-json\/wp\/v2\/pages"}],"about":[{"href":"https:\/\/carum.org\/index.php\/wp-json\/wp\/v2\/types\/page"}],"author":[{"embeddable":true,"href":"https:\/\/carum.org\/index.php\/wp-json\/wp\/v2\/users\/1"}],"replies":[{"embeddable":true,"href":"https:\/\/carum.org\/index.php\/wp-json\/wp\/v2\/comments?post=2120"}],"version-history":[{"count":3,"href":"https:\/\/carum.org\/index.php\/wp-json\/wp\/v2\/pages\/2120\/revisions"}],"predecessor-version":[{"id":2146,"href":"https:\/\/carum.org\/index.php\/wp-json\/wp\/v2\/pages\/2120\/revisions\/2146"}],"wp:attachment":[{"href":"https:\/\/carum.org\/index.php\/wp-json\/wp\/v2\/media?parent=2120"}],"curies":[{"name":"wp","href":"https:\/\/api.w.org\/{rel}","templated":true}]}}