{"id":2033,"date":"2024-03-10T15:27:12","date_gmt":"2024-03-10T14:27:12","guid":{"rendered":"https:\/\/carum.org\/?page_id=2033"},"modified":"2024-06-14T15:07:22","modified_gmt":"2024-06-14T13:07:22","slug":"session-sfmu-carum-2024","status":"publish","type":"page","link":"https:\/\/carum.org\/index.php\/session-sfmu-carum-2024\/","title":{"rendered":"Session SFMU\/CARUM 2024"},"content":{"rendered":"<div class=\"members-access-error\">Ce contenu est r\u00e9serv\u00e9 aux membres. Veuillez vous connecter pour acc\u00e9der \u00e0 cette ressource.<\/div>\n","protected":false},"excerpt":{"rendered":"<div class=\"members-access-error\">Ce contenu est r\u00e9serv\u00e9 aux membres. Veuillez vous connecter pour acc\u00e9der \u00e0 cette ressource.<\/div>\n","protected":false},"author":1,"featured_media":0,"parent":0,"menu_order":0,"comment_status":"closed","ping_status":"closed","template":"","meta":{"footnotes":""},"class_list":["post-2033","page","type-page","status-publish","hentry"],"_links":{"self":[{"href":"https:\/\/carum.org\/index.php\/wp-json\/wp\/v2\/pages\/2033","targetHints":{"allow":["GET"]}}],"collection":[{"href":"https:\/\/carum.org\/index.php\/wp-json\/wp\/v2\/pages"}],"about":[{"href":"https:\/\/carum.org\/index.php\/wp-json\/wp\/v2\/types\/page"}],"author":[{"embeddable":true,"href":"https:\/\/carum.org\/index.php\/wp-json\/wp\/v2\/users\/1"}],"replies":[{"embeddable":true,"href":"https:\/\/carum.org\/index.php\/wp-json\/wp\/v2\/comments?post=2033"}],"version-history":[{"count":5,"href":"https:\/\/carum.org\/index.php\/wp-json\/wp\/v2\/pages\/2033\/revisions"}],"predecessor-version":[{"id":2075,"href":"https:\/\/carum.org\/index.php\/wp-json\/wp\/v2\/pages\/2033\/revisions\/2075"}],"wp:attachment":[{"href":"https:\/\/carum.org\/index.php\/wp-json\/wp\/v2\/media?parent=2033"}],"curies":[{"name":"wp","href":"https:\/\/api.w.org\/{rel}","templated":true}]}}