{"id":2003,"date":"2024-01-20T15:06:56","date_gmt":"2024-01-20T14:06:56","guid":{"rendered":"https:\/\/carum.org\/?page_id=2003"},"modified":"2024-06-30T20:53:23","modified_gmt":"2024-06-30T18:53:23","slug":"congres-carum-2024","status":"publish","type":"page","link":"https:\/\/carum.org\/index.php\/congres-carum-2024\/","title":{"rendered":"CONGRES CARUM 2024"},"content":{"rendered":"<div class=\"members-access-error\">Ce contenu est r\u00e9serv\u00e9 aux membres. Veuillez vous connecter pour acc\u00e9der \u00e0 cette ressource.<\/div>\n","protected":false},"excerpt":{"rendered":"<div class=\"members-access-error\">Ce contenu est r\u00e9serv\u00e9 aux membres. Veuillez vous connecter pour acc\u00e9der \u00e0 cette ressource.<\/div>\n","protected":false},"author":1,"featured_media":0,"parent":0,"menu_order":0,"comment_status":"closed","ping_status":"closed","template":"","meta":{"footnotes":""},"class_list":["post-2003","page","type-page","status-publish","hentry"],"_links":{"self":[{"href":"https:\/\/carum.org\/index.php\/wp-json\/wp\/v2\/pages\/2003","targetHints":{"allow":["GET"]}}],"collection":[{"href":"https:\/\/carum.org\/index.php\/wp-json\/wp\/v2\/pages"}],"about":[{"href":"https:\/\/carum.org\/index.php\/wp-json\/wp\/v2\/types\/page"}],"author":[{"embeddable":true,"href":"https:\/\/carum.org\/index.php\/wp-json\/wp\/v2\/users\/1"}],"replies":[{"embeddable":true,"href":"https:\/\/carum.org\/index.php\/wp-json\/wp\/v2\/comments?post=2003"}],"version-history":[{"count":36,"href":"https:\/\/carum.org\/index.php\/wp-json\/wp\/v2\/pages\/2003\/revisions"}],"predecessor-version":[{"id":2116,"href":"https:\/\/carum.org\/index.php\/wp-json\/wp\/v2\/pages\/2003\/revisions\/2116"}],"wp:attachment":[{"href":"https:\/\/carum.org\/index.php\/wp-json\/wp\/v2\/media?parent=2003"}],"curies":[{"name":"wp","href":"https:\/\/api.w.org\/{rel}","templated":true}]}}