{"id":1952,"date":"2023-09-29T20:16:41","date_gmt":"2023-09-29T18:16:41","guid":{"rendered":"https:\/\/carum.org\/?page_id=1952"},"modified":"2024-08-05T14:07:36","modified_gmt":"2024-08-05T12:07:36","slug":"conferences-de-medecine-prehospitalieres-bspp-2023-2024","status":"publish","type":"page","link":"https:\/\/carum.org\/index.php\/conferences-de-medecine-prehospitalieres-bspp-2023-2024\/","title":{"rendered":"Conf\u00e9rences de m\u00e9decine pr\u00e9hospitali\u00e8res BSPP 2023-2024"},"content":{"rendered":"\n<p class=\"has-text-align-center\"><strong>Mardi 10 octobre 2023  Urgences et intelligence artificielle<\/strong><\/p>\n\n\n\n<p>Mod\u00e9liser et optimiser nos r\u00e9ponses op\u00e9rationnelles : projet REFLETS (r) Ing\u00e9nieur David ADMETE<\/p>\n\n\n\n<p>Apport de l&rsquo;IA pour la d\u00e9tection des d\u00e9tresses vitales: quelles perspectives? Ing\u00e9nieur David ADMETE <a href=\"https:\/\/carum.org\/wp-content\/uploads\/2023\/10\/Lintelligence-artificielle-au-service-de-la-BSPP.pdf\">(PRESENTATION)<\/a><\/p>\n\n\n\n<p>IA pour l&rsquo;am\u00e9ioration des performances: l&rsquo;exemple du soldat augment\u00e9. LCL Bertrand BLICQUY (<a href=\"https:\/\/carum.org\/wp-content\/uploads\/2023\/10\/2023_10_10-Presentation-CICDE-Bertrand-Blicquy-Concept-exploratoire-soldat-augmente.pptx.pdf\">PRESENTATION<\/a>)<\/p>\n\n\n\n<p>L&rsquo;apport des jumeaux num\u00e9riques dans la recherche clinique, Dr Ir\u00e8ne VIGNON-CLEMENTEL <a href=\"https:\/\/carum.org\/wp-content\/uploads\/2023\/10\/ConfReaPreHosp-BSPP-IVC-2023.pdf\">(PRESENTATION)<\/a><\/p>\n\n\n\n<p>Urgences, Intelligence Artificielle et Ethique, Dr David GRUSON<\/p>\n\n\n\n<hr class=\"wp-block-separator has-alpha-channel-opacity\"\/>\n\n\n\n<p class=\"has-text-align-center\"><strong>Mardi 19 d\u00e9cembre 2023  Infectiologie<\/strong><\/p>\n\n\n\n<p>Antibioth\u00e9rapie: quand la d\u00e9buter? Pr Emmanuel MONTASSIER <a href=\"https:\/\/carum.org\/wp-content\/uploads\/2023\/12\/ATB-Montassier.pdf\">(PRESENTATION)<\/a><\/p>\n\n\n\n<p>Fi\u00e8vre au retour d&rsquo;Outre-Mer: les pi\u00e8ces \u00e0 \u00e9viter, Pr C\u00e9cile FICKO <a href=\"https:\/\/carum.org\/wp-content\/uploads\/2023\/12\/Piege-OM.pdf\">(PRESENTATION)<\/a><\/p>\n\n\n\n<p>Fi\u00e8vre chez l&rsquo;enfant: quel est le crit\u00e8re d&rsquo;urgence? Dr Camille JOLY <a href=\"https:\/\/carum.org\/wp-content\/uploads\/2023\/12\/Fievre-enfant.pdf\">(PRESENTATION)<\/a><\/p>\n\n\n\n<p>Risques \u00e9mergents: \u00e9tat des lieux et perspectives. Pr Michel CARLES <a href=\"https:\/\/carum.org\/wp-content\/uploads\/2023\/12\/Emergences.pdf\">(PRESENTATION)<\/a><\/p>\n\n\n\n<hr class=\"wp-block-separator has-alpha-channel-opacity\"\/>\n\n\n\n<p class=\"has-text-align-center\"><strong>Mardi 27 f\u00e9vrier 2024 14h30 1974-2024: 50 ans de coordination m\u00e9dicale \u00e0 la BSPP<\/strong><\/p>\n\n\n\n<p>Des origines \u00e0 la PFAU: les chemins de l&rsquo;histoire. Dr Jacques HASCO\u00cbT<\/p>\n\n\n\n<p>La d\u00e9marche qualit\u00e9 au service de la s\u00e9curit\u00e9 des secours et des soins. MCE Christian LE NGOC HUE<\/p>\n\n\n\n<p>QUalifier la demande, guider les premiers gestes et orienter vers une r\u00e9ponse ipitmale: les outils de la prise d&rsquo;appel. MCE Fr\u00e9d\u00e9rique BRICHE<\/p>\n\n\n\n<p>Nu\u00e9mrissation, fili\u00e8res de soins et nvouelles technologies: les enjeux de demain. MCE Patrick HERTGEN<\/p>\n\n\n\n<hr class=\"wp-block-separator has-alpha-channel-opacity\"\/>\n\n\n\n<p class=\"has-text-align-center\"><strong>Mardi 23 avril 2024 14h30 Infirmiers et soins d&rsquo;urgence: au del\u00e0 du quotidien<\/strong><\/p>\n\n\n\n<p>Le contre-terrorisme maritime. Maitre Nicolas JOLLY<\/p>\n\n\n\n<p>Le soutien sanitaire op\u00e9rationnel en feu de for\u00eats Premier maitre Floriane LEANDRI<\/p>\n\n\n\n<p>L&rsquo;infirmier BSPP en OPEX. SCH Benjamin CONJARD et SCH Simon HELARDY<\/p>\n\n\n\n<p>Quelles misions pour les infirmiers des unit\u00e9s de s\u00e9curit\u00e9 civile? ADJ Quentin VANDERMEULEN et ADJ Nelson VESTIA<\/p>\n\n\n\n<hr class=\"wp-block-separator has-alpha-channel-opacity\"\/>\n\n\n\n<p class=\"has-text-align-center\"><strong>Mardi 11 juin 2024  Prise en charge de la personne \u00e2g\u00e9e<\/strong><\/p>\n\n\n\n<p>D\u00e9tresse respiratoire de la personne \u00e2g\u00e9e: qui admettre en r\u00e9animation? Quelle th\u00e9rapeutique proposer? Pr Antoine GUILLON <a href=\"https:\/\/carum.org\/wp-content\/uploads\/2024\/06\/Pneumopathie-et-personne-agee.pdf\">(PRESENTATION)<\/a><\/p>\n\n\n\n<p>Coronaropathie aigue de la persone \u00e2g\u00e9e: quelle prise en charge en 2023? Pr Patrick ASSAYAG <a href=\"https:\/\/carum.org\/wp-content\/uploads\/2024\/06\/STEMI-et-personne-agee.pdf\">(PRESENTATION)<\/a><\/p>\n\n\n\n<p>Evaluation de la fragilit\u00e9 de la personne \u00e2g\u00e9e: qui transporter aux urgences? Pr Anne-Laure FERAL PIERSSEN <a href=\"https:\/\/carum.org\/wp-content\/uploads\/2024\/08\/FragilitePrehospitaliere_v3_diffusion.pdf\">(PRESENTATION)<\/a><\/p>\n\n\n\n<p>Personne \u00e2g\u00e9e et don d&rsquo;organe: jusqu&rsquo;\u00e0 quel \u00e2ge peut-on pr\u00e9lever? Caroline ANSOUIER et Delphine CHICCO<\/p>\n\n\n\n<figure class=\"wp-block-image size-large\"><img loading=\"lazy\" decoding=\"async\" width=\"716\" height=\"1024\" src=\"https:\/\/carum.org\/wp-content\/uploads\/2023\/09\/Screenshot_20230928-220804-1-716x1024.png\" alt=\"\" class=\"wp-image-1956\" srcset=\"https:\/\/carum.org\/wp-content\/uploads\/2023\/09\/Screenshot_20230928-220804-1-716x1024.png 716w, https:\/\/carum.org\/wp-content\/uploads\/2023\/09\/Screenshot_20230928-220804-1-210x300.png 210w, https:\/\/carum.org\/wp-content\/uploads\/2023\/09\/Screenshot_20230928-220804-1-768x1098.png 768w, https:\/\/carum.org\/wp-content\/uploads\/2023\/09\/Screenshot_20230928-220804-1-620x887.png 620w, https:\/\/carum.org\/wp-content\/uploads\/2023\/09\/Screenshot_20230928-220804-1.png 1074w\" sizes=\"auto, (max-width: 716px) 100vw, 716px\" \/><\/figure>\n\n\n","protected":false},"excerpt":{"rendered":"<p>Mardi 10 octobre 2023 Urgences et intelligence artificielle Mod\u00e9liser et optimiser nos r\u00e9ponses op\u00e9rationnelles : projet REFLETS (r) Ing\u00e9nieur David ADMETE Apport de l&rsquo;IA pour la d\u00e9tection des d\u00e9tresses vitales: quelles perspectives? Ing\u00e9nieur David ADMETE (PRESENTATION) IA pour l&rsquo;am\u00e9ioration des performances: l&rsquo;exemple du soldat augment\u00e9. LCL Bertrand BLICQUY (PRESENTATION) L&rsquo;apport des jumeaux num\u00e9riques dans la [&hellip;]<\/p>\n","protected":false},"author":1,"featured_media":0,"parent":0,"menu_order":0,"comment_status":"closed","ping_status":"closed","template":"","meta":{"footnotes":""},"class_list":["post-1952","page","type-page","status-publish","hentry"],"_links":{"self":[{"href":"https:\/\/carum.org\/index.php\/wp-json\/wp\/v2\/pages\/1952","targetHints":{"allow":["GET"]}}],"collection":[{"href":"https:\/\/carum.org\/index.php\/wp-json\/wp\/v2\/pages"}],"about":[{"href":"https:\/\/carum.org\/index.php\/wp-json\/wp\/v2\/types\/page"}],"author":[{"embeddable":true,"href":"https:\/\/carum.org\/index.php\/wp-json\/wp\/v2\/users\/1"}],"replies":[{"embeddable":true,"href":"https:\/\/carum.org\/index.php\/wp-json\/wp\/v2\/comments?post=1952"}],"version-history":[{"count":6,"href":"https:\/\/carum.org\/index.php\/wp-json\/wp\/v2\/pages\/1952\/revisions"}],"predecessor-version":[{"id":2118,"href":"https:\/\/carum.org\/index.php\/wp-json\/wp\/v2\/pages\/1952\/revisions\/2118"}],"wp:attachment":[{"href":"https:\/\/carum.org\/index.php\/wp-json\/wp\/v2\/media?parent=1952"}],"curies":[{"name":"wp","href":"https:\/\/api.w.org\/{rel}","templated":true}]}}