{"id":1879,"date":"2023-06-10T14:12:44","date_gmt":"2023-06-10T12:12:44","guid":{"rendered":"https:\/\/carum.org\/?page_id=1879"},"modified":"2023-10-18T20:33:25","modified_gmt":"2023-10-18T18:33:25","slug":"1ere-journee-dethique-medico-militaire","status":"publish","type":"page","link":"https:\/\/carum.org\/index.php\/1ere-journee-dethique-medico-militaire\/","title":{"rendered":"1\u00e8re journ\u00e9e d&rsquo;\u00e9thique m\u00e9dico-militaire"},"content":{"rendered":"\n<p><em>Mardi 17 octobre 2023<\/em>, Ecoles Militaires de Sant\u00e9 de Lyon-Bron, sous l&rsquo;\u00e9gide de la Soci\u00e9t\u00e9 Fran\u00e7aise de M\u00e9decine d&rsquo;Arm\u00e9e, appuy\u00e9 par le CARUM! <\/p>\n\n\n\n<hr class=\"wp-block-separator has-alpha-channel-opacity\"\/>\n\n\n\n<p><strong>08h30 Accueil<\/strong><\/p>\n\n\n\n<p><strong>09h Introduction de M le Professeur Yannis CONSTANTINIDES<\/strong><\/p>\n\n\n\n<p><strong>(Espace \u00e9thique IDF)<\/strong> <strong>et du MC(TA) Luc AIGLE (Directeur des<\/strong> <strong>\u00e9tudes EMSLB)<\/strong><em> <\/em><\/p>\n\n\n\n<hr class=\"wp-block-separator has-alpha-channel-opacity\"\/>\n\n\n\n<p><strong>9h30-12h Session \u00ab RETEX&nbsp;\u00bb<\/strong><\/p>\n\n\n\n<p><strong>Mod\u00e9rateurs : <\/strong><strong>MCS TROUSSELARD, MED BAZIN<\/strong><strong><\/strong><\/p>\n\n\n\n<ul class=\"wp-block-list\">\n<li><strong>Le chirurgien militaire en OPEX : dilemmes \u00e9thiques <\/strong>\u2013 MP(TA) Sophie LAVERSANNE (HIA Laveran) <a href=\"https:\/\/carum.org\/wp-content\/uploads\/2023\/10\/LAVERSANNE.pdf\">(PRESENTATION)<\/a><\/li>\n\n\n\n<li><strong>Neurochirurgie et enjeux \u00e9thiques en OPEX <\/strong>\u2013MCS Jean-Marc DELMAS (HIA Percy) (<a href=\"https:\/\/carum.org\/wp-content\/uploads\/2023\/10\/DELMAS.pdf\">PRESENTATION)<\/a><\/li>\n\n\n\n<li><strong>Op\u00e9rations sp\u00e9ciales et prises en charge m\u00e9dicales : l\u2019\u00e9thique en ligne de mire\u00a0? <\/strong>\u2013 <a href=\"https:\/\/carum.org\/wp-content\/uploads\/2023\/10\/SFMA.pdf\">(PRESENTATION)<\/a><\/li>\n\n\n\n<li><strong>Soins prodigu\u00e9s \u00e0 l\u2019ennemi : le droit international humanitaire \u00e0 l\u2019\u00e9preuve du terrain <\/strong>\u2013 CR1 Marie BAYLAC (DCSSA) et MC Antoine LAMBLIN (HIA Laveran) <a href=\"https:\/\/carum.org\/wp-content\/uploads\/2023\/10\/LAMBLIN.pdf\">(PRESENTATION)<\/a><\/li>\n\n\n\n<li><strong>Aide m\u00e9dicale aux populations en OPEX : enjeux \u00e9thiques <\/strong>\u2013 MCS Pierre-Eric SCHWARTZBROD (EVDG) <a href=\"https:\/\/carum.org\/wp-content\/uploads\/2023\/10\/Schwartzbrod.pdf\">(PRESENTATION)<\/a><\/li>\n<\/ul>\n\n\n\n<hr class=\"wp-block-separator has-alpha-channel-opacity\"\/>\n\n\n\n<p><strong>13h\u201315h Session \u00ab&nbsp;\u00c9thique, Forces morales et conflits de haute intensit\u00e9 \u00bb<\/strong><\/p>\n\n\n\n<p><strong>Mod\u00e9rateurs&nbsp;: <\/strong><strong>MCS\u00ae <\/strong><strong>CANINI, MP DAVID<\/strong><strong><\/strong><\/p>\n\n\n\n<ul class=\"wp-block-list\">\n<li><strong>Conflits de haute intensit\u00e9&nbsp;: un changement de paradigme n\u00e9cessaire du soutien op\u00e9rationnel sant\u00e9<\/strong>&nbsp;\u2013 MC Nicolas LIBERT (HIA Percy)<\/li>\n\n\n\n<li><strong>Les forces morales dans les conflits de haute intensit\u00e9 : les points de vue du sociologue et du philosophe<\/strong> \u2013 Dr Axel AUGE (CREC) et Commandant\u00ae Steeve BUOSI (BCP-EH \/ soutien psychologique) <a href=\"https:\/\/carum.org\/wp-content\/uploads\/2023\/10\/AUGE.pdf\">(PRESENTATION)<\/a><\/li>\n\n\n\n<li><strong>Forces morales et \u00e9thique m\u00e9dicale : relations et perspectives \u2013<\/strong> MC Fr\u00e9d\u00e9rique GIGNOUX-FROMENT (HIA Percy) <a href=\"https:\/\/carum.org\/wp-content\/uploads\/2023\/10\/GIGNOUX.pdf\">(PRESENTATION)<\/a><\/li>\n\n\n\n<li><strong>Dilemmes \u00e9thiques des conflits de haute intensit\u00e9 : nouveaux conflits, nouveaux enjeux<\/strong> \u2013 MC Rapha\u00ebl PARIS (HIA Laveran)&nbsp;<\/li>\n<\/ul>\n\n\n\n<hr class=\"wp-block-separator has-alpha-channel-opacity\"\/>\n\n\n\n<p><strong>15h30 \u2013 16h50 Session \u00ab&nbsp;Se former aux enjeux \u00e9thiques&nbsp;de demain \u00bb<\/strong><\/p>\n\n\n\n<p><strong>Mod\u00e9rateurs&nbsp;: <\/strong><strong>MP(TA) LAVERSANNE, MC GIGNOUX-FROMENT<\/strong><strong><\/strong><\/p>\n\n\n\n<ul class=\"wp-block-list\">\n<li><strong>Apport de la simulation dans la formation \u00e0 l\u2019\u00e9thique m\u00e9dicale <\/strong>\u2013 PHC\u00ae Bernard MASSOUBRE(7<sup>\u00e8me<\/sup> CMA) <a href=\"https:\/\/carum.org\/wp-content\/uploads\/2023\/10\/MASSOUBRE.pdf\">(PRESENTATION)<\/a><\/li>\n\n\n\n<li><strong>Comment le soignant du SSA peut-il se former \u00e0 l\u2019\u00e9thique m\u00e9dicale ?<\/strong> Pr Yannis CONSTANTINIDES (Espace \u00e9thique IDF) <em>\u00e0 confirmer<\/em><\/li>\n\n\n\n<li><strong>Table ronde&nbsp;: construire l\u2019\u00e9thique m\u00e9dico-militaire de demain <\/strong>\u2013 MCS\u00ae Fr\u00e9d\u00e9ric CANINI (LIP\/UCSM), MCS Marion TROUSSELARD (IRBA) et MC Antoine LAMBLIN (HIA Laveran)<\/li>\n<\/ul>\n\n\n\n<hr class=\"wp-block-separator has-alpha-channel-opacity\"\/>\n\n\n\n<p><em>Entr\u00e9e gratuite pour les adh\u00e9rents SFMA<\/em> <em>\u00e0 jour de cotisation 2023<\/em><\/p>\n\n\n\n<p><strong><em>10<\/em><\/strong><em> euros pour les non-adh\u00e9rents &#8211; r\u00e8glement sur place<\/em><\/p>\n\n\n\n<p><strong>Inscription par courriel obligatoire avant le 12\/10\/2023&nbsp;\u00e0 l\u2019adresse suivante&nbsp;: <a href=\"mailto:patricklempereur75@gmail.com\">patricklempereur75@gmail.com<\/a><\/strong><\/p>\n","protected":false},"excerpt":{"rendered":"<p>Mardi 17 octobre 2023, Ecoles Militaires de Sant\u00e9 de Lyon-Bron, sous l&rsquo;\u00e9gide de la Soci\u00e9t\u00e9 Fran\u00e7aise de M\u00e9decine d&rsquo;Arm\u00e9e, appuy\u00e9 par le CARUM! 08h30 Accueil 09h Introduction de M le Professeur Yannis CONSTANTINIDES (Espace \u00e9thique IDF) et du MC(TA) Luc AIGLE (Directeur des \u00e9tudes EMSLB) 9h30-12h Session \u00ab RETEX&nbsp;\u00bb Mod\u00e9rateurs : MCS TROUSSELARD, MED BAZIN [&hellip;]<\/p>\n","protected":false},"author":1,"featured_media":0,"parent":0,"menu_order":0,"comment_status":"closed","ping_status":"closed","template":"","meta":{"footnotes":""},"class_list":["post-1879","page","type-page","status-publish","hentry"],"_links":{"self":[{"href":"https:\/\/carum.org\/index.php\/wp-json\/wp\/v2\/pages\/1879","targetHints":{"allow":["GET"]}}],"collection":[{"href":"https:\/\/carum.org\/index.php\/wp-json\/wp\/v2\/pages"}],"about":[{"href":"https:\/\/carum.org\/index.php\/wp-json\/wp\/v2\/types\/page"}],"author":[{"embeddable":true,"href":"https:\/\/carum.org\/index.php\/wp-json\/wp\/v2\/users\/1"}],"replies":[{"embeddable":true,"href":"https:\/\/carum.org\/index.php\/wp-json\/wp\/v2\/comments?post=1879"}],"version-history":[{"count":2,"href":"https:\/\/carum.org\/index.php\/wp-json\/wp\/v2\/pages\/1879\/revisions"}],"predecessor-version":[{"id":1995,"href":"https:\/\/carum.org\/index.php\/wp-json\/wp\/v2\/pages\/1879\/revisions\/1995"}],"wp:attachment":[{"href":"https:\/\/carum.org\/index.php\/wp-json\/wp\/v2\/media?parent=1879"}],"curies":[{"name":"wp","href":"https:\/\/api.w.org\/{rel}","templated":true}]}}