{"id":1857,"date":"2023-06-02T19:33:43","date_gmt":"2023-06-02T17:33:43","guid":{"rendered":"https:\/\/carum.org\/?page_id=1857"},"modified":"2023-09-28T20:05:40","modified_gmt":"2023-09-28T18:05:40","slug":"srlf-2023","status":"publish","type":"page","link":"https:\/\/carum.org\/index.php\/srlf-2023\/","title":{"rendered":"SRLF 2023"},"content":{"rendered":"<div class=\"members-access-error\">Ce contenu est r\u00e9serv\u00e9 aux membres. Veuillez vous connecter pour acc\u00e9der \u00e0 cette ressource.<\/div>\n","protected":false},"excerpt":{"rendered":"<div class=\"members-access-error\">Ce contenu est r\u00e9serv\u00e9 aux membres. Veuillez vous connecter pour acc\u00e9der \u00e0 cette ressource.<\/div>\n","protected":false},"author":1,"featured_media":0,"parent":0,"menu_order":0,"comment_status":"closed","ping_status":"closed","template":"","meta":{"footnotes":""},"class_list":["post-1857","page","type-page","status-publish","hentry"],"_links":{"self":[{"href":"https:\/\/carum.org\/index.php\/wp-json\/wp\/v2\/pages\/1857","targetHints":{"allow":["GET"]}}],"collection":[{"href":"https:\/\/carum.org\/index.php\/wp-json\/wp\/v2\/pages"}],"about":[{"href":"https:\/\/carum.org\/index.php\/wp-json\/wp\/v2\/types\/page"}],"author":[{"embeddable":true,"href":"https:\/\/carum.org\/index.php\/wp-json\/wp\/v2\/users\/1"}],"replies":[{"embeddable":true,"href":"https:\/\/carum.org\/index.php\/wp-json\/wp\/v2\/comments?post=1857"}],"version-history":[{"count":3,"href":"https:\/\/carum.org\/index.php\/wp-json\/wp\/v2\/pages\/1857\/revisions"}],"predecessor-version":[{"id":1945,"href":"https:\/\/carum.org\/index.php\/wp-json\/wp\/v2\/pages\/1857\/revisions\/1945"}],"wp:attachment":[{"href":"https:\/\/carum.org\/index.php\/wp-json\/wp\/v2\/media?parent=1857"}],"curies":[{"name":"wp","href":"https:\/\/api.w.org\/{rel}","templated":true}]}}