{"id":1840,"date":"2023-04-08T12:06:32","date_gmt":"2023-04-08T10:06:32","guid":{"rendered":"https:\/\/carum.org\/?page_id=1840"},"modified":"2026-03-20T21:02:57","modified_gmt":"2026-03-20T20:02:57","slug":"session-sfmu-carum-2023","status":"publish","type":"page","link":"https:\/\/carum.org\/index.php\/session-sfmu-carum-2023\/","title":{"rendered":"Session SFMU\/CARUM 2023"},"content":{"rendered":"\n<p><em>Urgences infectieuses en milieu militaire<\/em>. 8 juin 08h45 salle 251<\/p>\n\n\n\n<p><\/p>\n\n\n\n<p>Pathologies tropicales : pi\u00e8ges et difficult\u00e9s sur le terrain. MC FICKO <a href=\"https:\/\/carum.org\/wp-content\/uploads\/2023\/09\/FICKO-2023.pdf\">(PRESENTATION)<\/a><\/p>\n\n\n\n<p>Transport a\u00e9rien de patients hautement contagieux. MC MADEC <a href=\"https:\/\/carum.org\/wp-content\/uploads\/2023\/06\/MADEC.pdf\">(PRESENTATION)<\/a><\/p>\n\n\n\n<p>Pand\u00e9mie et enjeux op\u00e9rationnels. MC BERTHO <a href=\"https:\/\/carum.org\/wp-content\/uploads\/2023\/10\/BERTHO-2023.pdf\">(PRESENTATION)<\/a><\/p>\n\n\n\n<p>Risque biologique terroristes: comment s&rsquo;y pr\u00e9parer? MC CAZES <a href=\"https:\/\/carum.org\/wp-content\/uploads\/2023\/09\/CAZES.pdf\">(PRESENTATION)<\/a><\/p>\n\n\n\n<figure class=\"wp-block-image size-full\"><img loading=\"lazy\" decoding=\"async\" width=\"738\" height=\"650\" src=\"https:\/\/carum.org\/wp-content\/uploads\/2023\/04\/image.png\" alt=\"\" class=\"wp-image-1845\" srcset=\"https:\/\/carum.org\/wp-content\/uploads\/2023\/04\/image.png 738w, https:\/\/carum.org\/wp-content\/uploads\/2023\/04\/image-300x264.png 300w, https:\/\/carum.org\/wp-content\/uploads\/2023\/04\/image-620x546.png 620w\" sizes=\"auto, (max-width: 738px) 100vw, 738px\" \/><\/figure>\n","protected":false},"excerpt":{"rendered":"<p>Urgences infectieuses en milieu militaire. 8 juin 08h45 salle 251 Pathologies tropicales : pi\u00e8ges et difficult\u00e9s sur le terrain. MC FICKO (PRESENTATION) Transport a\u00e9rien de patients hautement contagieux. MC MADEC (PRESENTATION) Pand\u00e9mie et enjeux op\u00e9rationnels. MC BERTHO (PRESENTATION) Risque biologique terroristes: comment s&rsquo;y pr\u00e9parer? MC CAZES (PRESENTATION)<\/p>\n","protected":false},"author":1,"featured_media":0,"parent":0,"menu_order":0,"comment_status":"closed","ping_status":"closed","template":"","meta":{"footnotes":""},"class_list":["post-1840","page","type-page","status-publish","hentry"],"_links":{"self":[{"href":"https:\/\/carum.org\/index.php\/wp-json\/wp\/v2\/pages\/1840","targetHints":{"allow":["GET"]}}],"collection":[{"href":"https:\/\/carum.org\/index.php\/wp-json\/wp\/v2\/pages"}],"about":[{"href":"https:\/\/carum.org\/index.php\/wp-json\/wp\/v2\/types\/page"}],"author":[{"embeddable":true,"href":"https:\/\/carum.org\/index.php\/wp-json\/wp\/v2\/users\/1"}],"replies":[{"embeddable":true,"href":"https:\/\/carum.org\/index.php\/wp-json\/wp\/v2\/comments?post=1840"}],"version-history":[{"count":8,"href":"https:\/\/carum.org\/index.php\/wp-json\/wp\/v2\/pages\/1840\/revisions"}],"predecessor-version":[{"id":1969,"href":"https:\/\/carum.org\/index.php\/wp-json\/wp\/v2\/pages\/1840\/revisions\/1969"}],"wp:attachment":[{"href":"https:\/\/carum.org\/index.php\/wp-json\/wp\/v2\/media?parent=1840"}],"curies":[{"name":"wp","href":"https:\/\/api.w.org\/{rel}","templated":true}]}}