{"id":157,"date":"2018-08-05T15:04:40","date_gmt":"2018-08-05T13:04:40","guid":{"rendered":"http:\/\/carum.org\/?page_id=157"},"modified":"2021-01-27T21:25:40","modified_gmt":"2021-01-27T20:25:40","slug":"sfar_sfmu_2018","status":"publish","type":"page","link":"https:\/\/carum.org\/index.php\/sfar_sfmu_2018\/","title":{"rendered":"Session SFAR\/CARUM 2018"},"content":{"rendered":"<div>\n<p><a href=\"http:\/\/carum.org\/wp-content\/uploads\/2018\/10\/drain-thoracique.png\"><img loading=\"lazy\" decoding=\"async\" class=\"alignnone size-full wp-image-646\" src=\"http:\/\/carum.org\/wp-content\/uploads\/2018\/10\/drain-thoracique.png\" alt=\"\" width=\"235\" height=\"421\" srcset=\"https:\/\/carum.org\/wp-content\/uploads\/2018\/10\/drain-thoracique.png 235w, https:\/\/carum.org\/wp-content\/uploads\/2018\/10\/drain-thoracique-167x300.png 167w\" sizes=\"auto, (max-width: 235px) 100vw, 235px\" \/><\/a><a href=\"http:\/\/carum.org\/wp-content\/uploads\/2018\/10\/Baron-Percy-.png\"><img loading=\"lazy\" decoding=\"async\" class=\"alignnone size-full wp-image-645\" src=\"http:\/\/carum.org\/wp-content\/uploads\/2018\/10\/Baron-Percy-.png\" alt=\"\" width=\"238\" height=\"211\"><\/a><\/p>\n<p><strong>Jeudi 27 septembre 2018, session CARUM au congr\u00e8s de la SFAR<\/strong>, <em>Palais des Congr\u00e8s de la Porte Maillot, salle 253<\/em><\/p>\n<p><span class=\"qualite\">Mod\u00e9rateurs :&nbsp;<\/span><span class=\"names\"><span class=\"firstname\">Eric<\/span>&nbsp;<span class=\"lastname\">PEYTEL<\/span>&nbsp;<span class=\"city\">(Marseille)<\/span>,&nbsp;<span class=\"firstname\">Pierre-Fran\u00e7ois<\/span>&nbsp;<span class=\"lastname\">WEY<\/span>&nbsp;<span class=\"city\">(Lyon)<\/span><\/span><\/p>\n<\/div>\n<p><span class=\"intervention int2432\"><span class=\"start\">08h30<\/span>&nbsp;<span class=\"sep2\">\u2022<\/span>&nbsp;<span class=\"title\">Etude observationnelle concernant l&rsquo;utilisation des outils d&rsquo;h\u00e9mostase m\u00e9canique par les prompts secours (\u00e9tude MPRO) : r\u00e9sultats pr\u00e9liminaires (<a href=\"http:\/\/carum.org\/wp-content\/uploads\/2018\/09\/27_0830_BOUIS.pdf\">.pdf)<\/a>&nbsp;<em>Fran\u00e7ois-Xavier BOUIS (Paris)<\/em><\/span><\/span><\/p>\n<p><span class=\"intervention int2433\"><span class=\"start\">08h45<\/span>&nbsp;<span class=\"sep2\">\u2022<\/span>&nbsp;<span class=\"title\">Les pendus en pr\u00e9hospitalier (<a href=\"http:\/\/carum.org\/wp-content\/uploads\/2018\/10\/SFAR-2018-Thabouillot.pdf\">.pdf)<\/a><\/span><span id=\"spanspeaker\" class=\"speaker\">&nbsp;<em><span class=\"firstname\">Oscar<\/span>&nbsp;<span class=\"lastname\">THABOUILLOT<\/span>&nbsp;<span class=\"city\">(Paris)<\/span><\/em><\/span><\/span><\/p>\n<p><span class=\"intervention int2434\"><span class=\"start\">09h00<\/span>&nbsp;<span class=\"sep2\">\u2022<\/span>&nbsp;<span class=\"title\">Transfusion pr\u00e9coce du bless\u00e9 de guerre : \u00e9tude prospective au cours de la mission Barkhane (<a href=\"http:\/\/carum.org\/wp-content\/uploads\/2018\/10\/2018-SFARTransfusion-pre\u0301coce-du-blesse\u0301-de-guerre-SFAR-2018-blinded-version-pour-CARUM.pdf\">.pdf<\/a>)&nbsp;<\/span><span id=\"spanspeaker\" class=\"speaker\"><span class=\"bull\">&gt;&nbsp;<\/span><em><span class=\"firstname\">Julien<\/span>&nbsp;<span class=\"lastname\">BORDES<\/span>&nbsp;<span class=\"city\">(Paris)<\/span><\/em><\/span><\/span><\/p>\n<p><span class=\"intervention int2435\"><span class=\"start\">09h15<\/span>&nbsp;<span class=\"sep2\">\u2022<\/span>&nbsp;<span class=\"title\">Apport de la simulation dans la formation aux \u00e9vacuations m\u00e9dicales a\u00e9riennes, retour sur l\u2019exp\u00e9rience du CASANURSE (<a href=\"http:\/\/carum.org\/wp-content\/uploads\/2018\/09\/2018-SFAR-CASA-Planchon.pdf\">.pdf<\/a>)<\/span>&nbsp;<span id=\"spanspeaker\" class=\"speaker\"><span class=\"bull\">&gt;<\/span>&nbsp;<em><span class=\"firstname\">J\u00e9r\u00f4me<\/span>&nbsp;<span class=\"lastname\">PLANCHON<\/span>&nbsp;<span class=\"city\">(Paris)<\/span><\/em><\/span><\/span><\/p>\n<p><span class=\"intervention int2436\"><span class=\"start\">09h30<\/span>&nbsp;<span class=\"sep2\">\u2022<\/span>&nbsp;<span class=\"title\">Aide m\u00e9dicale gratuite \u00e0 la population en op\u00e9rations ext\u00e9rieures (OPEX) par les \u00e9quipes chirurgicales : consid\u00e9rations \u00e9thiques (<a href=\"http:\/\/carum.org\/wp-content\/uploads\/2018\/09\/SFAR2018lamblin.pdf\">.pdf<\/a>)<\/span><span id=\"spanspeaker\" class=\"speaker\">&nbsp;<em><span class=\"firstname\">Antoine<\/span>&nbsp;<span class=\"lastname\">LAMBLIN<\/span>&nbsp;<span class=\"city\">(Lyon)<\/span><\/em><\/span><\/span><\/p>\n<p>&nbsp;<\/p>\n","protected":false},"excerpt":{"rendered":"<p>Jeudi 27 septembre 2018, session CARUM au congr\u00e8s de la SFAR, Palais des Congr\u00e8s de la Porte Maillot, salle 253 Mod\u00e9rateurs :&nbsp;Eric&nbsp;PEYTEL&nbsp;(Marseille),&nbsp;Pierre-Fran\u00e7ois&nbsp;WEY&nbsp;(Lyon) 08h30&nbsp;\u2022&nbsp;Etude observationnelle concernant l&rsquo;utilisation des outils d&rsquo;h\u00e9mostase m\u00e9canique par les prompts secours (\u00e9tude MPRO) : r\u00e9sultats pr\u00e9liminaires (.pdf)&nbsp;Fran\u00e7ois-Xavier BOUIS (Paris) 08h45&nbsp;\u2022&nbsp;Les pendus en pr\u00e9hospitalier (.pdf)&nbsp;Oscar&nbsp;THABOUILLOT&nbsp;(Paris) 09h00&nbsp;\u2022&nbsp;Transfusion pr\u00e9coce du bless\u00e9 de guerre : \u00e9tude [&hellip;]<\/p>\n","protected":false},"author":1,"featured_media":0,"parent":0,"menu_order":0,"comment_status":"closed","ping_status":"closed","template":"","meta":{"footnotes":""},"class_list":["post-157","page","type-page","status-publish","hentry"],"_links":{"self":[{"href":"https:\/\/carum.org\/index.php\/wp-json\/wp\/v2\/pages\/157","targetHints":{"allow":["GET"]}}],"collection":[{"href":"https:\/\/carum.org\/index.php\/wp-json\/wp\/v2\/pages"}],"about":[{"href":"https:\/\/carum.org\/index.php\/wp-json\/wp\/v2\/types\/page"}],"author":[{"embeddable":true,"href":"https:\/\/carum.org\/index.php\/wp-json\/wp\/v2\/users\/1"}],"replies":[{"embeddable":true,"href":"https:\/\/carum.org\/index.php\/wp-json\/wp\/v2\/comments?post=157"}],"version-history":[{"count":7,"href":"https:\/\/carum.org\/index.php\/wp-json\/wp\/v2\/pages\/157\/revisions"}],"predecessor-version":[{"id":1016,"href":"https:\/\/carum.org\/index.php\/wp-json\/wp\/v2\/pages\/157\/revisions\/1016"}],"wp:attachment":[{"href":"https:\/\/carum.org\/index.php\/wp-json\/wp\/v2\/media?parent=157"}],"curies":[{"name":"wp","href":"https:\/\/api.w.org\/{rel}","templated":true}]}}