{"id":156,"date":"2018-08-05T15:04:40","date_gmt":"2018-08-05T13:04:40","guid":{"rendered":"http:\/\/carum.org\/?page_id=156"},"modified":"2022-12-08T20:19:53","modified_gmt":"2022-12-08T19:19:53","slug":"sfmu_carum_2018","status":"publish","type":"page","link":"https:\/\/carum.org\/index.php\/sfmu_carum_2018\/","title":{"rendered":"Session SFMU\/CARUM 2018"},"content":{"rendered":"<div id=\"stacks_in_541_page16\" class=\"stacks_in text_stack\"><a href=\"http:\/\/carum.org\/wp-content\/uploads\/2018\/08\/Yann.png\"><img loading=\"lazy\" decoding=\"async\" class=\"wp-image-182 alignleft\" src=\"http:\/\/carum.org\/wp-content\/uploads\/2018\/08\/Yann.png\" alt=\"\" width=\"213\" height=\"327\" srcset=\"https:\/\/carum.org\/wp-content\/uploads\/2018\/08\/Yann.png 260w, https:\/\/carum.org\/wp-content\/uploads\/2018\/08\/Yann-195x300.png 195w\" sizes=\"auto, (max-width: 213px) 100vw, 213px\" \/><\/a><\/div>\n<div><\/div>\n<div><\/div>\n<div><\/div>\n<div><\/div>\n<div><\/div>\n<div><\/div>\n<div><\/div>\n<div><\/div>\n<div><\/div>\n<div><\/div>\n<div><\/div>\n<div><\/div>\n<div><\/div>\n<div><\/div>\n<div class=\"stacks_in text_stack\">Jeudi 21 septembre 2017 : Palais des Congr\u00e8s de Paris<br \/>\nMod\u00e9rateurs de session\u00a0: MC Pierre-Fran\u00e7ois Wey<\/div>\n<div><\/div>\n<div>\n<div class=\"page\" title=\"Page 1\">\n<div class=\"section\">\n<div class=\"layoutArea\">\n<div class=\"column\">\n<p>MC P-F Wey Be\u0301ne\u0301fices, contraintes et limites de l\u2019utilisation de l\u2019e\u0301chographie au cours de la prise en charge des blesse\u0301s de guerre (<a href=\"http:\/\/carum.org\/wp-content\/uploads\/2018\/08\/2018SFMUWEYEchgraphie.pdf\">.pdf<\/a>)<\/p>\n<\/div>\n<\/div>\n<\/div>\n<\/div>\n<\/div>\n<div class=\"stacks_in text_stack\">\n<p>MC M. Boussaud: Prise en Charge Psychologique \u00ab\u00a0post traumatique\u00a0\u00bb par un m\u00e9decin non sp\u00e9cialiste (<a href=\"http:\/\/carum.org\/wp-content\/uploads\/2018\/08\/congres-SFMU-trauma-non-specialiste-final.pdf\">.pdf<\/a>)<\/p>\n<p>R\u00e9animation transfusionnelle pr\u00e9hospitali\u00e8re en op\u00e9ration ext\u00e9rieur. (.<a href=\"https:\/\/carum.org\/wp-content\/uploads\/2022\/12\/rea-transfu.pdf\">pdf<\/a>)<\/p>\n<\/div>\n<p>Le <em>prolonged field care<\/em>: les nouveaux enjeux. (<a href=\"https:\/\/carum.org\/wp-content\/uploads\/2022\/12\/Pro.pdf\">.pdf)<\/a><img loading=\"lazy\" decoding=\"async\" class=\"\" src=\"https:\/\/www.hotelportemaillot.fr\/file\/2018\/04\/congres-urgences2018.jpg\" alt=\"R\u00c3\u00a9sultat de recherche d'images pour &quot;congr\u00c3\u00a8s urgences 2018&quot;\" width=\"578\" height=\"308\" \/><\/p>\n","protected":false},"excerpt":{"rendered":"<p>Jeudi 21 septembre 2017 : Palais des Congr\u00e8s de Paris Mod\u00e9rateurs de session\u00a0: MC Pierre-Fran\u00e7ois Wey MC P-F Wey Be\u0301ne\u0301fices, contraintes et limites de l\u2019utilisation de l\u2019e\u0301chographie au cours de la prise en charge des blesse\u0301s de guerre (.pdf) MC M. Boussaud: Prise en Charge Psychologique \u00ab\u00a0post traumatique\u00a0\u00bb par un m\u00e9decin non sp\u00e9cialiste (.pdf) R\u00e9animation [&hellip;]<\/p>\n","protected":false},"author":1,"featured_media":0,"parent":0,"menu_order":0,"comment_status":"closed","ping_status":"closed","template":"","meta":{"footnotes":""},"class_list":["post-156","page","type-page","status-publish","hentry"],"_links":{"self":[{"href":"https:\/\/carum.org\/index.php\/wp-json\/wp\/v2\/pages\/156","targetHints":{"allow":["GET"]}}],"collection":[{"href":"https:\/\/carum.org\/index.php\/wp-json\/wp\/v2\/pages"}],"about":[{"href":"https:\/\/carum.org\/index.php\/wp-json\/wp\/v2\/types\/page"}],"author":[{"embeddable":true,"href":"https:\/\/carum.org\/index.php\/wp-json\/wp\/v2\/users\/1"}],"replies":[{"embeddable":true,"href":"https:\/\/carum.org\/index.php\/wp-json\/wp\/v2\/comments?post=156"}],"version-history":[{"count":15,"href":"https:\/\/carum.org\/index.php\/wp-json\/wp\/v2\/pages\/156\/revisions"}],"predecessor-version":[{"id":1764,"href":"https:\/\/carum.org\/index.php\/wp-json\/wp\/v2\/pages\/156\/revisions\/1764"}],"wp:attachment":[{"href":"https:\/\/carum.org\/index.php\/wp-json\/wp\/v2\/media?parent=156"}],"curies":[{"name":"wp","href":"https:\/\/api.w.org\/{rel}","templated":true}]}}