{"id":153,"date":"2018-08-05T15:04:40","date_gmt":"2018-08-05T13:04:40","guid":{"rendered":"http:\/\/carum.org\/?page_id=153"},"modified":"2022-12-08T20:28:03","modified_gmt":"2022-12-08T19:28:03","slug":"carum_icar_2017","status":"publish","type":"page","link":"https:\/\/carum.org\/index.php\/carum_icar_2017\/","title":{"rendered":"Congr\u00e8s CARUM\/ICAR 2017"},"content":{"rendered":"<div id=\"stacks_in_541_page16\" class=\"stacks_in text_stack\">Vendredi 1\u00b0 d\u00e9cembre 2017 : Ecole de Sant\u00e9 des Arm\u00e9es de Lyon-Bron<\/div>\n<div><\/div>\n<div class=\"stacks_in text_stack\">Matin,\u00a0 mod\u00e9rateurs de session\u00a0: MP C. Derkenne, MC J. Bordes, MC P. Pasquier<\/div>\n<div><\/div>\n<div class=\"stacks_in text_stack\">\n<p>MP O.Maurin: Bless\u00e9s, d\u00e9c\u00e9d\u00e9s lors des afflux massifs, le coefficient multiplicateur <a href=\"http:\/\/carum.org\/wp-content\/uploads\/2018\/08\/CARUM_2017_MAURIN.ppt\">(.pdf)<\/a><\/p>\n<p>MP M. Bascou : Thrombolyse lors d&rsquo;un cas d&rsquo;AVC en OPEX (<a href=\"http:\/\/carum.org\/wp-content\/uploads\/2018\/08\/CARUM_2017_BASCOU.pdf\">.pdf<\/a>)<\/p>\n<p>MP. J. Planchon: Impact p\u00e9dagogique de 3D-SC1 pour l&rsquo;enseignement du SC1<\/p>\n<p>IHA P. Ari\u00e8s: Anesth\u00e9sie \u00e0 bord des SNLE<\/p>\n<p>MP A.Lamblin: Corps \u00e9tranger du tiers sup\u00e9rieur de l&rsquo;oesophage en OPEX (<a href=\"http:\/\/carum.org\/wp-content\/uploads\/2018\/08\/CARUM_2017_LAMBLIN.pdf\">.pdf<\/a>)<\/p>\n<\/div>\n<p>MC A. Abriat: Le sauvetage op\u00e9rationnel par le Groupe d&rsquo;extraction sp\u00e9cialis\u00e9 de la BSPP (.<a href=\"http:\/\/carum.org\/wp-content\/uploads\/2018\/11\/2017_ABRIAT_CARUM.pdf\">pdf<\/a>)<\/p>\n<p>IHA O. Thabouillot: impact de l&rsquo;utilisation de l&rsquo;\u00e9chographie au SAU B\u00e9gin <a href=\"http:\/\/carum.org\/wp-content\/uploads\/2018\/08\/CARUM_2017_THABOUILLOT_ECHO.pptx\">(.pdf)<\/a><\/p>\n<p>Med C. Beaucreux: utilisation du garrot en traumatologie civile<\/p>\n<p>Apr\u00e8s-Midi,\u00a0 mod\u00e9rateurs de session\u00a0: MCS M. Ruttiman, Pr J-S David<\/p>\n<p>MC L.Aigle: soutien sant\u00e9 des op\u00e9rations a\u00e9roport\u00e9es: histoire et perspectives (<a href=\"http:\/\/carum.org\/wp-content\/uploads\/2019\/12\/50-ans-dOAP-CARUM-Aigle.pdf\">.pdf<\/a>)<\/p>\n<p>MC J.Bordes: ECMO pour SDRA en OPEX<\/p>\n<p>MC C. Martinaud: utilisation du PLYO par le r\u00f4le 1 en OPEX (<a href=\"http:\/\/carum.org\/wp-content\/uploads\/2018\/08\/CARUM_2017_MARTINAYD-PLYO-role-1.pdf\">.pdf<\/a>)<\/p>\n<p>REBOA en zone de combat: quelle place? quel lieu?<\/p>\n<p><img loading=\"lazy\" decoding=\"async\" class=\"aligncenter wp-image-40 size-full\" src=\"http:\/\/carum.org\/wp-content\/uploads\/2018\/06\/carum2017-01.png\" alt=\"\" width=\"594\" height=\"842\" srcset=\"https:\/\/carum.org\/wp-content\/uploads\/2018\/06\/carum2017-01.png 594w, https:\/\/carum.org\/wp-content\/uploads\/2018\/06\/carum2017-01-212x300.png 212w\" sizes=\"auto, (max-width: 594px) 100vw, 594px\" \/><\/p>\n","protected":false},"excerpt":{"rendered":"<p>Vendredi 1\u00b0 d\u00e9cembre 2017 : Ecole de Sant\u00e9 des Arm\u00e9es de Lyon-Bron Matin,\u00a0 mod\u00e9rateurs de session\u00a0: MP C. Derkenne, MC J. Bordes, MC P. Pasquier MP O.Maurin: Bless\u00e9s, d\u00e9c\u00e9d\u00e9s lors des afflux massifs, le coefficient multiplicateur (.pdf) MP M. Bascou : Thrombolyse lors d&rsquo;un cas d&rsquo;AVC en OPEX (.pdf) MP. J. Planchon: Impact p\u00e9dagogique de [&hellip;]<\/p>\n","protected":false},"author":1,"featured_media":0,"parent":0,"menu_order":0,"comment_status":"closed","ping_status":"closed","template":"","meta":{"footnotes":""},"class_list":["post-153","page","type-page","status-publish","hentry"],"_links":{"self":[{"href":"https:\/\/carum.org\/index.php\/wp-json\/wp\/v2\/pages\/153","targetHints":{"allow":["GET"]}}],"collection":[{"href":"https:\/\/carum.org\/index.php\/wp-json\/wp\/v2\/pages"}],"about":[{"href":"https:\/\/carum.org\/index.php\/wp-json\/wp\/v2\/types\/page"}],"author":[{"embeddable":true,"href":"https:\/\/carum.org\/index.php\/wp-json\/wp\/v2\/users\/1"}],"replies":[{"embeddable":true,"href":"https:\/\/carum.org\/index.php\/wp-json\/wp\/v2\/comments?post=153"}],"version-history":[{"count":12,"href":"https:\/\/carum.org\/index.php\/wp-json\/wp\/v2\/pages\/153\/revisions"}],"predecessor-version":[{"id":1766,"href":"https:\/\/carum.org\/index.php\/wp-json\/wp\/v2\/pages\/153\/revisions\/1766"}],"wp:attachment":[{"href":"https:\/\/carum.org\/index.php\/wp-json\/wp\/v2\/media?parent=153"}],"curies":[{"name":"wp","href":"https:\/\/api.w.org\/{rel}","templated":true}]}}