{"id":1483,"date":"2022-10-01T18:14:31","date_gmt":"2022-10-01T16:14:31","guid":{"rendered":"https:\/\/carum.org\/?page_id=1483"},"modified":"2023-10-04T11:08:00","modified_gmt":"2023-10-04T09:08:00","slug":"sessions-srlf-carum-2022","status":"publish","type":"page","link":"https:\/\/carum.org\/index.php\/sessions-srlf-carum-2022\/","title":{"rendered":"Sessions SRLF\/CARUM 2022"},"content":{"rendered":"\n<p class=\"has-text-align-center\"><strong>Objectif oxyg\u00e8ne! <\/strong><\/p>\n\n\n\n<div class=\"wp-block-media-text alignwide is-stacked-on-mobile\"><figure class=\"wp-block-media-text__media\"><img loading=\"lazy\" decoding=\"async\" width=\"275\" height=\"183\" src=\"https:\/\/carum.org\/wp-content\/uploads\/2022\/10\/te\u0301le\u0301chargement-2.png\" alt=\"\" class=\"wp-image-1514 size-full\"\/><\/figure><div class=\"wp-block-media-text__content\">\n<p>Sauts de tr\u00e8s grande hauteur, MC P.E. (<a href=\"https:\/\/carum.org\/wp-content\/uploads\/2022\/10\/SOTGH_Objectif-Oxyge\u0300ne-SRLF-2022_PPT.pdf\">PRESENTATION<\/a>)<\/p>\n\n\n\n<p>Sources autonomes en oxyg\u00e8ne en op\u00e9rations ext\u00e9rieures. MC Mickael CARDINALE <a href=\"https:\/\/carum.org\/wp-content\/uploads\/2023\/10\/Oxygenation-et-ventilation-en-OPEX-SRLF-2022v2.pdf\">(PRESENTATION)<\/a><\/p>\n\n\n\n<p>Accidents de plong\u00e9e. Dr BLATTEAU (PRESENTATION)<\/p>\n\n\n\n<p>Plong\u00e9e en circuit ferm\u00e9e. MC HAAR (PRESENTATION)<\/p>\n<\/div><\/div>\n\n\n\n<p><\/p>\n","protected":false},"excerpt":{"rendered":"<p>Objectif oxyg\u00e8ne! Sauts de tr\u00e8s grande hauteur, MC P.E. (PRESENTATION) Sources autonomes en oxyg\u00e8ne en op\u00e9rations ext\u00e9rieures. MC Mickael CARDINALE (PRESENTATION) Accidents de plong\u00e9e. Dr BLATTEAU (PRESENTATION) Plong\u00e9e en circuit ferm\u00e9e. MC HAAR (PRESENTATION)<\/p>\n","protected":false},"author":1,"featured_media":0,"parent":0,"menu_order":0,"comment_status":"closed","ping_status":"closed","template":"","meta":{"footnotes":""},"class_list":["post-1483","page","type-page","status-publish","hentry"],"_links":{"self":[{"href":"https:\/\/carum.org\/index.php\/wp-json\/wp\/v2\/pages\/1483","targetHints":{"allow":["GET"]}}],"collection":[{"href":"https:\/\/carum.org\/index.php\/wp-json\/wp\/v2\/pages"}],"about":[{"href":"https:\/\/carum.org\/index.php\/wp-json\/wp\/v2\/types\/page"}],"author":[{"embeddable":true,"href":"https:\/\/carum.org\/index.php\/wp-json\/wp\/v2\/users\/1"}],"replies":[{"embeddable":true,"href":"https:\/\/carum.org\/index.php\/wp-json\/wp\/v2\/comments?post=1483"}],"version-history":[{"count":6,"href":"https:\/\/carum.org\/index.php\/wp-json\/wp\/v2\/pages\/1483\/revisions"}],"predecessor-version":[{"id":1965,"href":"https:\/\/carum.org\/index.php\/wp-json\/wp\/v2\/pages\/1483\/revisions\/1965"}],"wp:attachment":[{"href":"https:\/\/carum.org\/index.php\/wp-json\/wp\/v2\/media?parent=1483"}],"curies":[{"name":"wp","href":"https:\/\/api.w.org\/{rel}","templated":true}]}}