{"id":1349,"date":"2022-05-28T15:23:54","date_gmt":"2022-05-28T13:23:54","guid":{"rendered":"https:\/\/carum.org\/?page_id=1349"},"modified":"2025-02-06T22:22:38","modified_gmt":"2025-02-06T21:22:38","slug":"session-sfar-carum-2022","status":"publish","type":"page","link":"https:\/\/carum.org\/index.php\/session-sfar-carum-2022\/","title":{"rendered":"Session SFAR\/CARUM 2022"},"content":{"rendered":"\n<p>Pr\u00e9sentation du dispositif MEROPE (\u00e9vacuation a\u00e9rienne m\u00e9dicale collective sur A400M) : RETEX de la crise COVID, emploi futur\u00a0 &#8211; MP\u00a0MARTINEZ\u00a0<\/p>\n\n\n\n<p>Equipe Mobile Chirurgicale de Stabilisation du Traumatis\u00e9 s\u00e9v\u00e8re\u00a0&#8211;\u00a0 MC CARDINALE <a href=\"https:\/\/carum.org\/wp-content\/uploads\/2022\/09\/CARDINALE-SFAR-CARUM-2022.pdf\">(PRESENTATION)<\/a><\/p>\n\n\n\n<p>REBOA pour le bless\u00e9 de guerre h\u00e9morragique, en op\u00e9ration ext\u00e9rieure, avant la premi\u00e8re structure chirurgicale &#8211; MP\u00a0THABOUILLOT\u00a0<a href=\"https:\/\/carum.org\/wp-content\/uploads\/2022\/09\/THABOUILLOT-SFAR-CARUM-2022.pdf\">(PRESENTATION)<\/a><\/p>\n\n\n\n<figure class=\"wp-block-image size-full\"><img loading=\"lazy\" decoding=\"async\" width=\"176\" height=\"152\" src=\"https:\/\/carum.org\/wp-content\/uploads\/2022\/05\/image-1.png\" alt=\"\" class=\"wp-image-1355\"\/><\/figure>\n\n\n\n<p><\/p>\n\n\n\n<p><\/p>\n","protected":false},"excerpt":{"rendered":"<p>Pr\u00e9sentation du dispositif MEROPE (\u00e9vacuation a\u00e9rienne m\u00e9dicale collective sur A400M) : RETEX de la crise COVID, emploi futur\u00a0 &#8211; MP\u00a0MARTINEZ\u00a0 Equipe Mobile Chirurgicale de Stabilisation du Traumatis\u00e9 s\u00e9v\u00e8re\u00a0&#8211;\u00a0 MC CARDINALE (PRESENTATION) REBOA pour le bless\u00e9 de guerre h\u00e9morragique, en op\u00e9ration ext\u00e9rieure, avant la premi\u00e8re structure chirurgicale &#8211; MP\u00a0THABOUILLOT\u00a0(PRESENTATION)<\/p>\n","protected":false},"author":1,"featured_media":0,"parent":0,"menu_order":0,"comment_status":"closed","ping_status":"closed","template":"","meta":{"footnotes":""},"class_list":["post-1349","page","type-page","status-publish","hentry"],"_links":{"self":[{"href":"https:\/\/carum.org\/index.php\/wp-json\/wp\/v2\/pages\/1349","targetHints":{"allow":["GET"]}}],"collection":[{"href":"https:\/\/carum.org\/index.php\/wp-json\/wp\/v2\/pages"}],"about":[{"href":"https:\/\/carum.org\/index.php\/wp-json\/wp\/v2\/types\/page"}],"author":[{"embeddable":true,"href":"https:\/\/carum.org\/index.php\/wp-json\/wp\/v2\/users\/1"}],"replies":[{"embeddable":true,"href":"https:\/\/carum.org\/index.php\/wp-json\/wp\/v2\/comments?post=1349"}],"version-history":[{"count":5,"href":"https:\/\/carum.org\/index.php\/wp-json\/wp\/v2\/pages\/1349\/revisions"}],"predecessor-version":[{"id":1455,"href":"https:\/\/carum.org\/index.php\/wp-json\/wp\/v2\/pages\/1349\/revisions\/1455"}],"wp:attachment":[{"href":"https:\/\/carum.org\/index.php\/wp-json\/wp\/v2\/media?parent=1349"}],"curies":[{"name":"wp","href":"https:\/\/api.w.org\/{rel}","templated":true}]}}