{"id":1264,"date":"2022-05-20T20:39:29","date_gmt":"2022-05-20T18:39:29","guid":{"rendered":"https:\/\/carum.org\/?page_id=1264"},"modified":"2022-10-20T13:49:34","modified_gmt":"2022-10-20T11:49:34","slug":"conference-2021-2022-reanimation-prehospitaliere-evdg-bspp","status":"publish","type":"page","link":"https:\/\/carum.org\/index.php\/conference-2021-2022-reanimation-prehospitaliere-evdg-bspp\/","title":{"rendered":"CONF\u00c9RENCE 2021-2022 \u2013 R\u00c9ANIMATION PR\u00c9HOSPITALI\u00c8RE EVDG-BSPP"},"content":{"rendered":"\n<hr class=\"wp-block-separator has-css-opacity\"\/>\n\n\n\n<p class=\"has-text-align-center\"><strong>Mardi 19 octobre 2021<\/strong> <strong>RETENTISSEMENT PSYCHOLOGIQUE DES ATTAQUES TERRORISTES. INCIDENCE A LONG TERE POUR LES PROFESSIONNELS DE SANTE DES SECOURS. <\/strong><br><\/p>\n\n\n\n<p>Etudes CESPO et ECHOS Nice &#8211; M. Yvon MOTREFF<\/p>\n\n\n\n<p>Exposition r\u00e9p\u00e9t\u00e9e \u00e0 des \u00e9v\u00e8nements traumatog\u00e8nes &#8211; MC GIGNOUX-FROMENT<\/p>\n\n\n\n<p>Soutien m\u00e9dico-psychologique en situation d&rsquo;exception : quels enseignements? &#8211; PsyHC PETITCLERC<\/p>\n\n\n\n<hr class=\"wp-block-separator has-css-opacity\"\/>\n\n\n\n<p class=\"has-text-align-center\"><strong>Mardi 14 d\u00e9cembre 2021 L&rsquo;AVC EN 2021<\/strong><\/p>\n\n\n\n<p>Prise en charge des AVC: recommandations europ\u00e9ennes &#8211; Etudes ASPHALT &#8211; Pr Turc<\/p>\n\n\n\n<p>AVC de l&rsquo;enfant &#8211; Dr BELLESME<\/p>\n\n\n\n<p>Digitalisation du parcours pr\u00e9-hospitalier des AVC &#8211; Dr LAPERGUE<\/p>\n\n\n\n<hr class=\"wp-block-separator has-css-opacity\"\/>\n\n\n\n<p class=\"has-text-align-center\"><strong>Mardi 8 f\u00e9vrier 2022 FACTEURS HUMAINS<\/strong><\/p>\n\n\n\n<p>Se former aux Facteurs Himains en E-Learning  par la simulation : utopie ou r\u00e9alit\u00e9 &#8211; Dr JAULIN<\/p>\n\n\n\n<p>Influence des \u00e9motions sur la prise de d\u00e9cision en situation \u00e0 risque &#8211; CNE BOURGEON <\/p>\n\n\n\n<p>Ecouter, Entendre, Comprendre pour r\u00e9soudre une situation de crise &#8211; Mme BRILLANT<\/p>\n\n\n\n<p>RETEX d&rsquo;accident a\u00e9riens en op\u00e9ration &#8211; MC VACHER<\/p>\n\n\n\n<hr class=\"wp-block-separator has-css-opacity\"\/>\n\n\n\n<p class=\"has-text-align-center\"><strong>Mardi 12 avril 2022. SYNDROMES CORONARIENS AIGUS<\/strong><\/p>\n\n\n\n<p>Epid\u00e9miologie et prise en charge pr\u00e9-hospitali\u00e8re des SCA : \u00e9volution depuis 5 ans sur Paris et la petite couronne &#8211;  Pr LAPOSTOLLE (<a href=\"https:\/\/youtu.be\/FpeTpeWVDAU?t=1\" target=\"_blank\" rel=\"noreferrer noopener nofollow\">VIDEO<\/a> &#8211; PPT)<\/p>\n\n\n\n<p>Du pr\u00e9-hospitalier jusqu&rsquo;en sale de coronarographie: les derni\u00e8res recommandations &#8211; Dr BENAMEUR (<a href=\"https:\/\/youtu.be\/FpeTpeWVDAU?t=2375\" target=\"_blank\" rel=\"noreferrer noopener nofollow\">VIDEO<\/a> &#8211; PRESENTATION)<\/p>\n\n\n\n<p>Transports non m\u00e9dicalis\u00e9es des SCA: \u00ab\u00a0POUR\u00a0\u00bb &#8211; Dr HEIDET (<a href=\"https:\/\/youtu.be\/FpeTpeWVDAU?t=4317\" target=\"_blank\" rel=\"noreferrer noopener nofollow\">VIDEO<\/a> &#8211; <a href=\"https:\/\/carum.org\/wp-content\/uploads\/2022\/06\/Controverse-SCA-BSPP.pdf\">PRESENTATION<\/a>)<\/p>\n\n\n\n<p>Transports non m\u00e9dicalis\u00e9s des SCA : \u00ab\u00a0CONTRE\u00a0\u00bb &#8211; Dr VIVIEN (<a href=\"https:\/\/youtu.be\/FpeTpeWVDAU?t=6484\" target=\"_blank\" rel=\"noreferrer noopener nofollow\">VIDEO<\/a> &#8211; PRESENTATION)<\/p>\n\n\n\n<p><\/p>\n\n\n\n<hr class=\"wp-block-separator has-css-opacity\"\/>\n\n\n\n<p class=\"has-text-align-center\"><strong>Mardi 14 juin 2022. SESSION PARAMEDICALE: LES VEHICULES LEGERS INFIRMIERS<\/strong><\/p>\n\n\n\n<p>Cadre d&#8217;emploi de la VLI \u00e0 la BSPP &#8211; ADC ROBARDET (<a href=\"https:\/\/carum.org\/wp-content\/uploads\/2022\/10\/CADRE-DEMPLOI-du-VLI-BSPP-Nicolas-RAPPOLD.pdf\">PRESENTATION<\/a>)<\/p>\n\n\n\n<p>PISU Analg\u00e9sie &#8211; M. TOURNEBIZE (<a href=\"https:\/\/carum.org\/wp-content\/uploads\/2022\/10\/PISU-Analge\u0301sie-M.-Daniel-TOURNEBIZE.pdf\">PRESENTATION<\/a>)<\/p>\n\n\n\n<p>Place du VLU dans le SSO &#8211; SCH BOYER (<a href=\"http:\/\/Equipe Para-Me\u0301dicale d\u2019Urgence (EPMU) Julien CHAUVIN.pdf PISU Analge\u0301sie  M. Daniel TOURNEBIZE.pdf\">PRESENTATION<\/a>)<\/p>\n\n\n\n<p>Equipe param\u00e9dicale d&rsquo;urgence &#8211; M. CHAUVIN <a href=\"https:\/\/carum.org\/wp-content\/uploads\/2022\/10\/Equipe-Para-Me\u0301dicale-dUrgence-EPMU-Julien-CHAUVIN.pdf\">(PRESENTATION<\/a>)<\/p>\n","protected":false},"excerpt":{"rendered":"<p>Mardi 19 octobre 2021 RETENTISSEMENT PSYCHOLOGIQUE DES ATTAQUES TERRORISTES. INCIDENCE A LONG TERE POUR LES PROFESSIONNELS DE SANTE DES SECOURS. Etudes CESPO et ECHOS Nice &#8211; M. Yvon MOTREFF Exposition r\u00e9p\u00e9t\u00e9e \u00e0 des \u00e9v\u00e8nements traumatog\u00e8nes &#8211; MC GIGNOUX-FROMENT Soutien m\u00e9dico-psychologique en situation d&rsquo;exception : quels enseignements? &#8211; PsyHC PETITCLERC Mardi 14 d\u00e9cembre 2021 L&rsquo;AVC EN [&hellip;]<\/p>\n","protected":false},"author":1,"featured_media":0,"parent":0,"menu_order":0,"comment_status":"closed","ping_status":"closed","template":"","meta":{"footnotes":""},"class_list":["post-1264","page","type-page","status-publish","hentry"],"_links":{"self":[{"href":"https:\/\/carum.org\/index.php\/wp-json\/wp\/v2\/pages\/1264","targetHints":{"allow":["GET"]}}],"collection":[{"href":"https:\/\/carum.org\/index.php\/wp-json\/wp\/v2\/pages"}],"about":[{"href":"https:\/\/carum.org\/index.php\/wp-json\/wp\/v2\/types\/page"}],"author":[{"embeddable":true,"href":"https:\/\/carum.org\/index.php\/wp-json\/wp\/v2\/users\/1"}],"replies":[{"embeddable":true,"href":"https:\/\/carum.org\/index.php\/wp-json\/wp\/v2\/comments?post=1264"}],"version-history":[{"count":15,"href":"https:\/\/carum.org\/index.php\/wp-json\/wp\/v2\/pages\/1264\/revisions"}],"predecessor-version":[{"id":1534,"href":"https:\/\/carum.org\/index.php\/wp-json\/wp\/v2\/pages\/1264\/revisions\/1534"}],"wp:attachment":[{"href":"https:\/\/carum.org\/index.php\/wp-json\/wp\/v2\/media?parent=1264"}],"curies":[{"name":"wp","href":"https:\/\/api.w.org\/{rel}","templated":true}]}}