{"id":123,"date":"2018-06-05T23:09:34","date_gmt":"2018-06-05T21:09:34","guid":{"rendered":"http:\/\/carum.org\/?page_id=123"},"modified":"2024-05-16T22:44:19","modified_gmt":"2024-05-16T20:44:19","slug":"cotisations","status":"publish","type":"page","link":"https:\/\/carum.org\/index.php\/cotisations\/","title":{"rendered":"S&rsquo;inscrire"},"content":{"rendered":"<ul>\n<li>Le fonctionnement financier du CARUM est une pyramide de Ponzi \ud83d\ude42 :\n<ul>\n<li>les nouveaux adh\u00e9rents cotisent \u00e0 leur premi\u00e8re adh\u00e9sion, et financent le club<\/li>\n<li>les anciens adh\u00e9rents sont renouvel\u00e9s <em>sans cotisation chaque ann\u00e9e<\/em><\/li>\n<li>et cela&#8230; tant que nos comptes le permettent (disons 2027 pour le moment) !<\/li>\n<li>ce mode de fonctionnement est en place depuis 2017, p<em>uisque ceux ayant adh\u00e9r\u00e9 en 2017 n&rsquo;ont toujours pas \u00e9t\u00e9 relanc\u00e9s pour re-cotiser<\/em><\/li>\n<\/ul>\n<\/li>\n<li>La cotisation\u00a0 au CARUM vous permet l&rsquo;acc\u00e8s au contenus des congr\u00e8s des 3 derni\u00e8res ann\u00e9es (les plus anciens sont en acc\u00e8s libre).<\/li>\n<li>La cotisation sert \u00e0 financer l&rsquo;h\u00e9bergement de ce site internet, les frais bancaires de l&rsquo;association, les frais de d\u00e9placement et d&rsquo;h\u00e9bergement des orateurs du congr\u00e8s CARUM. Le bureau est, bien sur, b\u00e9n\u00e9vole.<\/li>\n<li>Cette cotisation <span style=\"font-size: inherit; font-family: -apple-system, BlinkMacSystemFont, 'Segoe UI', Roboto, Oxygen-Sans, Ubuntu, Cantarell, 'Helvetica Neue', sans-serif;\">se fait pr\u00e9f\u00e9rentiellement par PayPal (ci apr\u00e8s) <strong>puis envoi d&rsquo;un mail<\/strong> \u00e0 carumleclub@gmail.com<\/span><\/li>\n<\/ul>\n\n<table id=\"tablepress-1\" class=\"tablepress tablepress-id-1\">\n<thead>\n<tr class=\"row-1\">\n\t<th class=\"column-1\">Inscription CARUM et au congr\u00e8s 2025<\/th><th class=\"column-2\">Inscription CARUM et au congr\u00e8s 2025<\/th><th class=\"column-3\">Congr\u00e8s 2025 en visio<\/th><th class=\"column-4\">Inscription CARUM et au congr\u00e8s 2025<\/th>\n<\/tr>\n<\/thead>\n<tbody class=\"row-striping row-hover\">\n<tr class=\"row-2\">\n\t<td class=\"column-1\">IADE, INFIRMIERS, INTERNES, EXTERNES<\/td><td class=\"column-2\">MEDECINS DU SSA, MEDECINS POMPIERS, RESERVISTES<\/td><td class=\"column-3\">CONGRES EN VISO<\/td><td class=\"column-4\">INSTITUTIONS<\/td>\n<\/tr>\n<tr class=\"row-3\">\n\t<td class=\"column-1\"><a href=\"https:\/\/www.paypal.com\/cgi-bin\/webscr?cmd=_s-xclick&amp;hosted_button_id=DD9TV585CPTUQ\"><img loading=\"lazy\" decoding=\"async\" src=\"http:\/\/carum.org\/wp-content\/uploads\/2018\/06\/paypal-300x150.png\" alt=\"\" width=\"100\" height=\"50\" class=\"alignnone size-medium wp-image-53\" srcset=\"https:\/\/carum.org\/wp-content\/uploads\/2018\/06\/paypal-300x150.png 300w, https:\/\/carum.org\/wp-content\/uploads\/2018\/06\/paypal.png 318w\" sizes=\"auto, (max-width: 100px) 100vw, 100px\" \/><\/a><\/td><td class=\"column-2\"><a href=\"https:\/\/www.paypal.com\/cgi-bin\/webscr?cmd=_s-xclick&amp;hosted_button_id=B5T4LQYR8WHS4\"><img loading=\"lazy\" decoding=\"async\" src=\"http:\/\/carum.org\/wp-content\/uploads\/2018\/06\/paypal-300x150.png\" alt=\"\" width=\"100\" height=\"50\" class=\"alignnone size-medium wp-image-53\" srcset=\"https:\/\/carum.org\/wp-content\/uploads\/2018\/06\/paypal-300x150.png 300w, https:\/\/carum.org\/wp-content\/uploads\/2018\/06\/paypal.png 318w\" sizes=\"auto, (max-width: 100px) 100vw, 100px\" \/><\/a><\/td><td class=\"column-3\"><a href=\"https:\/\/www.paypal.com\/cgi-bin\/webscr?cmd=_s-xclick&amp;hosted_button_id=WWTA64957KFDE\"><img loading=\"lazy\" decoding=\"async\" src=\"http:\/\/carum.org\/wp-content\/uploads\/2018\/06\/paypal-300x150.png\" alt=\"\" width=\"100\" height=\"50\" class=\"alignnone size-medium wp-image-53\" srcset=\"https:\/\/carum.org\/wp-content\/uploads\/2018\/06\/paypal-300x150.png 300w, https:\/\/carum.org\/wp-content\/uploads\/2018\/06\/paypal.png 318w\" sizes=\"auto, (max-width: 100px) 100vw, 100px\" \/><\/a><\/td><td class=\"column-4\"><a href=\"https:\/\/www.paypal.com\/cgi-bin\/webscr?cmd=_s-xclick&amp;hosted_button_id=PCPYLRWB3WJN8\"><img loading=\"lazy\" decoding=\"async\" src=\"http:\/\/carum.org\/wp-content\/uploads\/2018\/06\/paypal-300x150.png\" alt=\"\" width=\"100\" height=\"50\" class=\"alignnone size-medium wp-image-53\" srcset=\"https:\/\/carum.org\/wp-content\/uploads\/2018\/06\/paypal-300x150.png 300w, https:\/\/carum.org\/wp-content\/uploads\/2018\/06\/paypal.png 318w\" sizes=\"auto, (max-width: 100px) 100vw, 100px\" \/><\/a><\/td>\n<\/tr>\n<tr class=\"row-4\">\n\t<td class=\"column-1\">(20 euros)<\/td><td class=\"column-2\">(40 euros)<\/td><td class=\"column-3\">(10 euros)<\/td><td class=\"column-4\">(100 euros)<\/td>\n<\/tr>\n<tr class=\"row-5\">\n\t<td class=\"column-1\"><\/td><td class=\"column-2\"><\/td><td class=\"column-3\"><\/td><td class=\"column-4\"><\/td>\n<\/tr>\n<tr class=\"row-6\">\n\t<td class=\"column-1\"><\/td><td class=\"column-2\"><\/td><td class=\"column-3\"><\/td><td class=\"column-4\"><\/td>\n<\/tr>\n<tr class=\"row-7\">\n\t<td class=\"column-1\"><\/td><td class=\"column-2\"><\/td><td class=\"column-3\"><\/td><td class=\"column-4\"><\/td>\n<\/tr>\n<\/tbody>\n<\/table>\n<!-- #tablepress-1 from cache -->\n","protected":false},"excerpt":{"rendered":"<p>Le fonctionnement financier du CARUM est une pyramide de Ponzi \ud83d\ude42 : les nouveaux adh\u00e9rents cotisent \u00e0 leur premi\u00e8re adh\u00e9sion, et financent le club les anciens adh\u00e9rents sont renouvel\u00e9s sans cotisation chaque ann\u00e9e et cela&#8230; tant que nos comptes le permettent (disons 2027 pour le moment) ! ce mode de fonctionnement est en place depuis [&hellip;]<\/p>\n","protected":false},"author":1,"featured_media":0,"parent":0,"menu_order":0,"comment_status":"closed","ping_status":"closed","template":"","meta":{"footnotes":""},"class_list":["post-123","page","type-page","status-publish","hentry"],"_links":{"self":[{"href":"https:\/\/carum.org\/index.php\/wp-json\/wp\/v2\/pages\/123","targetHints":{"allow":["GET"]}}],"collection":[{"href":"https:\/\/carum.org\/index.php\/wp-json\/wp\/v2\/pages"}],"about":[{"href":"https:\/\/carum.org\/index.php\/wp-json\/wp\/v2\/types\/page"}],"author":[{"embeddable":true,"href":"https:\/\/carum.org\/index.php\/wp-json\/wp\/v2\/users\/1"}],"replies":[{"embeddable":true,"href":"https:\/\/carum.org\/index.php\/wp-json\/wp\/v2\/comments?post=123"}],"version-history":[{"count":20,"href":"https:\/\/carum.org\/index.php\/wp-json\/wp\/v2\/pages\/123\/revisions"}],"predecessor-version":[{"id":2044,"href":"https:\/\/carum.org\/index.php\/wp-json\/wp\/v2\/pages\/123\/revisions\/2044"}],"wp:attachment":[{"href":"https:\/\/carum.org\/index.php\/wp-json\/wp\/v2\/media?parent=123"}],"curies":[{"name":"wp","href":"https:\/\/api.w.org\/{rel}","templated":true}]}}