{"id":121,"date":"2018-06-05T23:08:51","date_gmt":"2018-06-05T21:08:51","guid":{"rendered":"http:\/\/carum.org\/?page_id=121"},"modified":"2025-07-13T14:44:35","modified_gmt":"2025-07-13T12:44:35","slug":"citera-desgenettes","status":"publish","type":"page","link":"https:\/\/carum.org\/index.php\/citera-desgenettes\/","title":{"rendered":"Vous former \u00e0 la m\u00e9decine tactique!"},"content":{"rendered":"<ol>\n<li>Vous former sur la <a href=\"http:\/\/www.dev.gedissa.org\/index.php\">plateforme num\u00e9rique<\/a> du Service de Sant\u00e9 des Arm\u00e9es (sur inscription)<\/li>\n<li>Retrouvez un contenu r\u00e9guli\u00e8rement actualis\u00e9 de m\u00e9decine tactique sur le site du CITERA DESGENETTES : <a href=\"http:\/\/citerahiadesgenettes.hautetfort.com\" target=\"_blank\" rel=\"noopener noreferrer\">http:\/\/citerahiadesgenettes.hautetfort.com<\/a><\/li>\n<li>Passer le <a href=\"http:\/\/odf.uspc.fr\/fr\/offre-de-formations\/diplome-d-universite-1\/sciences-technologies-sante-STS\/du-medecine-urgences-des-temps-de-crise-program-fruai0751721nprxun6-131.html\">DU Urgences des temps de Crise<\/a><\/li>\n<li><a href=\"https:\/\/www.defense.gouv.fr\/reserve\/actualites\/reserviste-au-service-de-sante-des-armees-ssa-une-vie-pleine-d-aventure\">Devenir r\u00e9serviste<\/a> pour b\u00e9n\u00e9ficier des <a href=\"http:\/\/www.ecole-valdegrace.sante.defense.gouv.fr\/organisation\/le-departement-du-developpement-professionnel-continu-ddpc\/2018-catalogue-des-formations\">formations internes<\/a> du Service de Sant\u00e9 des Arm\u00e9es.<\/li>\n<li><a href=\"https:\/\/carum.org\/wp-content\/uploads\/2025\/07\/20250709_NP_91_EVDG-DFMO_REFERENTIEL-ENSEIGNEMENT-SAUVETAGE-AU-COMBAT-V4.pdf\">Le r\u00e9f\u00e9rentiel du Sauvetage au Combat 2025<\/a><\/li>\n<\/ol>\n<p><a href=\"http:\/\/citerahiadesgenettes.hautetfort.com\/\"><img loading=\"lazy\" decoding=\"async\" class=\"alignnone wp-image-424 size-full\" src=\"http:\/\/carum.org\/wp-content\/uploads\/2018\/08\/CITERA.png\" alt=\"\" width=\"771\" height=\"111\" srcset=\"https:\/\/carum.org\/wp-content\/uploads\/2018\/08\/CITERA.png 771w, https:\/\/carum.org\/wp-content\/uploads\/2018\/08\/CITERA-300x43.png 300w, https:\/\/carum.org\/wp-content\/uploads\/2018\/08\/CITERA-768x111.png 768w, https:\/\/carum.org\/wp-content\/uploads\/2018\/08\/CITERA-620x89.png 620w\" sizes=\"auto, (max-width: 771px) 100vw, 771px\" \/><\/a><\/p>\n","protected":false},"excerpt":{"rendered":"<p>Vous former sur la plateforme num\u00e9rique du Service de Sant\u00e9 des Arm\u00e9es (sur inscription) Retrouvez un contenu r\u00e9guli\u00e8rement actualis\u00e9 de m\u00e9decine tactique sur le site du CITERA DESGENETTES : http:\/\/citerahiadesgenettes.hautetfort.com Passer le DU Urgences des temps de Crise Devenir r\u00e9serviste pour b\u00e9n\u00e9ficier des formations internes du Service de Sant\u00e9 des Arm\u00e9es. Le r\u00e9f\u00e9rentiel du Sauvetage [&hellip;]<\/p>\n","protected":false},"author":1,"featured_media":0,"parent":0,"menu_order":0,"comment_status":"closed","ping_status":"closed","template":"","meta":{"footnotes":""},"class_list":["post-121","page","type-page","status-publish","hentry"],"_links":{"self":[{"href":"https:\/\/carum.org\/index.php\/wp-json\/wp\/v2\/pages\/121","targetHints":{"allow":["GET"]}}],"collection":[{"href":"https:\/\/carum.org\/index.php\/wp-json\/wp\/v2\/pages"}],"about":[{"href":"https:\/\/carum.org\/index.php\/wp-json\/wp\/v2\/types\/page"}],"author":[{"embeddable":true,"href":"https:\/\/carum.org\/index.php\/wp-json\/wp\/v2\/users\/1"}],"replies":[{"embeddable":true,"href":"https:\/\/carum.org\/index.php\/wp-json\/wp\/v2\/comments?post=121"}],"version-history":[{"count":9,"href":"https:\/\/carum.org\/index.php\/wp-json\/wp\/v2\/pages\/121\/revisions"}],"predecessor-version":[{"id":2212,"href":"https:\/\/carum.org\/index.php\/wp-json\/wp\/v2\/pages\/121\/revisions\/2212"}],"wp:attachment":[{"href":"https:\/\/carum.org\/index.php\/wp-json\/wp\/v2\/media?parent=121"}],"curies":[{"name":"wp","href":"https:\/\/api.w.org\/{rel}","templated":true}]}}