{"id":1164,"date":"2021-09-26T14:00:54","date_gmt":"2021-09-26T12:00:54","guid":{"rendered":"https:\/\/carum.org\/?page_id=1164"},"modified":"2022-10-01T18:46:58","modified_gmt":"2022-10-01T16:46:58","slug":"session-sfmu-carum-2022","status":"publish","type":"page","link":"https:\/\/carum.org\/index.php\/session-sfmu-carum-2022\/","title":{"rendered":"Session SFMU\/CARUM 2022"},"content":{"rendered":"\n<p class=\"has-text-align-center\"><strong>Facteurs humains et organisationnels en milieu op\u00e9rationnel<\/strong>&nbsp;&nbsp;&nbsp;&nbsp;&nbsp;<\/p>\n\n\n\n<div class=\"wp-block-media-text alignwide is-stacked-on-mobile\"><figure class=\"wp-block-media-text__media\"><img loading=\"lazy\" decoding=\"async\" width=\"768\" height=\"768\" src=\"https:\/\/carum.org\/wp-content\/uploads\/2022\/10\/facteur_humain.jpeg\" alt=\"\" class=\"wp-image-1503 size-full\" srcset=\"https:\/\/carum.org\/wp-content\/uploads\/2022\/10\/facteur_humain.jpeg 768w, https:\/\/carum.org\/wp-content\/uploads\/2022\/10\/facteur_humain-300x300.jpeg 300w, https:\/\/carum.org\/wp-content\/uploads\/2022\/10\/facteur_humain-150x150.jpeg 150w, https:\/\/carum.org\/wp-content\/uploads\/2022\/10\/facteur_humain-620x620.jpeg 620w\" sizes=\"auto, (max-width: 768px) 100vw, 768px\" \/><\/figure><div class=\"wp-block-media-text__content\">\n<p>Interagir avec les op\u00e9rationnels.&nbsp;Cl\u00e9ment (Satory) (<a href=\"https:\/\/carum.org\/wp-content\/uploads\/2022\/06\/SFMU-2022-INTERAGIR-AVEC-LES-OPS.pdf\">PRESENTATION<\/a>)<\/p>\n\n\n\n<p>G\u00e9rer son stress et ses \u00e9motions. Fabien Ramon (Villacoublay) (<a href=\"https:\/\/carum.org\/wp-content\/uploads\/2022\/06\/2022-06-08-Congres-Urgences.pdf\">PRESENTATION<\/a>)<\/p>\n\n\n\n<p>\u00ab\u00a0Tenir\u00a0\u00bb malgr\u00e9 le manque de sommeil ?&nbsp;Fabien Sauvet (Bretigny) (<a href=\"https:\/\/carum.org\/wp-content\/uploads\/2022\/06\/2022_congre\u0300s-du-CARUM_V2.pdf\">PRESENTATION<\/a>)<\/p>\n\n\n\n<p>Enqu\u00eate post accident en milieu a\u00e9ronautique : quelles le\u00e7ons pour la m\u00e9decine d&rsquo;urgence ?&nbsp;Anthony Vacher (Bretigny) <a href=\"https:\/\/carum.org\/wp-content\/uploads\/2022\/06\/2022_CARUM.pdf\">(PRESENTATION)<\/a><\/p>\n\n\n\n<p>Dilemmes \u00e9thiques en op\u00e9rations ext\u00e9rieures&nbsp;:&nbsp;Antoine Lamblin (Lyon) (<a href=\"https:\/\/carum.org\/wp-content\/uploads\/2022\/06\/congresurgences2022A-LAMBLIN.pdf\">PRESENTATION<\/a>)<\/p>\n<\/div><\/div>\n\n\n\n<p><\/p>\n","protected":false},"excerpt":{"rendered":"<p>Facteurs humains et organisationnels en milieu op\u00e9rationnel&nbsp;&nbsp;&nbsp;&nbsp;&nbsp; Interagir avec les op\u00e9rationnels.&nbsp;Cl\u00e9ment (Satory) (PRESENTATION) G\u00e9rer son stress et ses \u00e9motions. Fabien Ramon (Villacoublay) (PRESENTATION) \u00ab\u00a0Tenir\u00a0\u00bb malgr\u00e9 le manque de sommeil ?&nbsp;Fabien Sauvet (Bretigny) (PRESENTATION) Enqu\u00eate post accident en milieu a\u00e9ronautique : quelles le\u00e7ons pour la m\u00e9decine d&rsquo;urgence ?&nbsp;Anthony Vacher (Bretigny) (PRESENTATION) Dilemmes \u00e9thiques en op\u00e9rations ext\u00e9rieures&nbsp;:&nbsp;Antoine [&hellip;]<\/p>\n","protected":false},"author":1,"featured_media":0,"parent":0,"menu_order":0,"comment_status":"closed","ping_status":"closed","template":"","meta":{"footnotes":""},"class_list":["post-1164","page","type-page","status-publish","hentry"],"_links":{"self":[{"href":"https:\/\/carum.org\/index.php\/wp-json\/wp\/v2\/pages\/1164","targetHints":{"allow":["GET"]}}],"collection":[{"href":"https:\/\/carum.org\/index.php\/wp-json\/wp\/v2\/pages"}],"about":[{"href":"https:\/\/carum.org\/index.php\/wp-json\/wp\/v2\/types\/page"}],"author":[{"embeddable":true,"href":"https:\/\/carum.org\/index.php\/wp-json\/wp\/v2\/users\/1"}],"replies":[{"embeddable":true,"href":"https:\/\/carum.org\/index.php\/wp-json\/wp\/v2\/comments?post=1164"}],"version-history":[{"count":9,"href":"https:\/\/carum.org\/index.php\/wp-json\/wp\/v2\/pages\/1164\/revisions"}],"predecessor-version":[{"id":1505,"href":"https:\/\/carum.org\/index.php\/wp-json\/wp\/v2\/pages\/1164\/revisions\/1505"}],"wp:attachment":[{"href":"https:\/\/carum.org\/index.php\/wp-json\/wp\/v2\/media?parent=1164"}],"curies":[{"name":"wp","href":"https:\/\/api.w.org\/{rel}","templated":true}]}}