{"id":1086,"date":"2021-06-09T13:18:01","date_gmt":"2021-06-09T11:18:01","guid":{"rendered":"https:\/\/carum.org\/?page_id=1086"},"modified":"2024-01-20T15:09:15","modified_gmt":"2024-01-20T14:09:15","slug":"session-sfar-carum-2021","status":"publish","type":"page","link":"https:\/\/carum.org\/index.php\/session-sfar-carum-2021\/","title":{"rendered":"Session SFAR\/CARUM 2021"},"content":{"rendered":"\n<p class=\"has-text-align-center\"><strong>Se pr\u00e9parer pour faire face \u00e0 la menace terroriste. <\/strong><em>Mod\u00e9rateur E.MEAUDRE (Toulon)<\/em><\/p>\n\n\n\n<p><a href=\"https:\/\/carum.org\/wp-content\/uploads\/2021\/09\/SFAR-NRBC.pdf\">Terrorisme chimique : organisation pr\u00e9hospitali\u00e8re et \u00e0 l&rsquo;hopital.<\/a> <em>Cl\u00e9ment DERKENNE (Paris)<\/em><\/p>\n\n\n\n<p><a href=\"https:\/\/carum.org\/wp-content\/uploads\/2021\/09\/DAVID-SFAR-2021.pdf\">Damage Control individuel et collectif lors d&rsquo;une tuerie de masse<\/a>. <em>Jean-St\u00e9phane DAVID (Lyon)<\/em><\/p>\n\n\n\n<p>Place du Plasma Lyophilis\u00e9 en traumatologie pr\u00e9-hospitali\u00e8re. <em>Daniel JOST (Paris)<\/em><\/p>\n","protected":false},"excerpt":{"rendered":"<p>Se pr\u00e9parer pour faire face \u00e0 la menace terroriste. Mod\u00e9rateur E.MEAUDRE (Toulon) Terrorisme chimique : organisation pr\u00e9hospitali\u00e8re et \u00e0 l&rsquo;hopital. Cl\u00e9ment DERKENNE (Paris) Damage Control individuel et collectif lors d&rsquo;une tuerie de masse. Jean-St\u00e9phane DAVID (Lyon) Place du Plasma Lyophilis\u00e9 en traumatologie pr\u00e9-hospitali\u00e8re. Daniel JOST (Paris)<\/p>\n","protected":false},"author":1,"featured_media":0,"parent":0,"menu_order":0,"comment_status":"closed","ping_status":"closed","template":"","meta":{"footnotes":""},"class_list":["post-1086","page","type-page","status-publish","hentry"],"_links":{"self":[{"href":"https:\/\/carum.org\/index.php\/wp-json\/wp\/v2\/pages\/1086","targetHints":{"allow":["GET"]}}],"collection":[{"href":"https:\/\/carum.org\/index.php\/wp-json\/wp\/v2\/pages"}],"about":[{"href":"https:\/\/carum.org\/index.php\/wp-json\/wp\/v2\/types\/page"}],"author":[{"embeddable":true,"href":"https:\/\/carum.org\/index.php\/wp-json\/wp\/v2\/users\/1"}],"replies":[{"embeddable":true,"href":"https:\/\/carum.org\/index.php\/wp-json\/wp\/v2\/comments?post=1086"}],"version-history":[{"count":5,"href":"https:\/\/carum.org\/index.php\/wp-json\/wp\/v2\/pages\/1086\/revisions"}],"predecessor-version":[{"id":1173,"href":"https:\/\/carum.org\/index.php\/wp-json\/wp\/v2\/pages\/1086\/revisions\/1173"}],"wp:attachment":[{"href":"https:\/\/carum.org\/index.php\/wp-json\/wp\/v2\/media?parent=1086"}],"curies":[{"name":"wp","href":"https:\/\/api.w.org\/{rel}","templated":true}]}}