{"id":1080,"date":"2021-06-06T12:22:49","date_gmt":"2021-06-06T10:22:49","guid":{"rendered":"https:\/\/carum.org\/?page_id=1080"},"modified":"2024-01-20T15:08:36","modified_gmt":"2024-01-20T14:08:36","slug":"session-sfmu-carum-2021","status":"publish","type":"page","link":"https:\/\/carum.org\/index.php\/session-sfmu-carum-2021\/","title":{"rendered":"Session SFMU\/CARUM 2021"},"content":{"rendered":"\n<p><strong>Se pr\u00e9parer \u00e0 l&rsquo;exceptionnel<\/strong><\/p>\n\n\n\n<p>&#8211; <a href=\"https:\/\/carum.org\/wp-content\/uploads\/2021\/06\/PETIT-SFMU-2021.pdf\">L&rsquo;isolement en 2021 : la formation des m\u00e9decins sous-mariniers :<\/a> E Petit&nbsp;<\/p>\n\n\n\n<p>&#8211; <a href=\"https:\/\/carum.org\/wp-content\/uploads\/2021\/07\/VALENTIN-CARUM-2021.pdf\">12 mois loin de tout. Aventures humaines et m\u00e9dicales aux terres australes<\/a> : C Valentin<\/p>\n\n\n\n<p>&#8211; <a href=\"https:\/\/carum.org\/wp-content\/uploads\/2021\/06\/FRIERMUTH-SFMU-2021.pdf\">MEDEVAC de l&rsquo;avant : quelle formation pour quelles sp\u00e9cificit\u00e9s<\/a>&nbsp;? JP Freiermuth<\/p>\n\n\n\n<p>&#8211; <a href=\"https:\/\/carum.org\/marsaa-sfmu-2021\/\">Pr\u00e9hospitalier civil et militaire&nbsp;: enseignements crois\u00e9s<\/a> : H&nbsp;Marsaa<\/p>\n\n\n\n<p>&#8211; <a href=\"https:\/\/carum.org\/wp-content\/uploads\/2021\/06\/PATEY-SFMU-2021.pdf\">Comment anticiper le&nbsp;<em>prolonged field care<\/em>&nbsp;?<\/a>&nbsp;: E.Patey<\/p>\n","protected":false},"excerpt":{"rendered":"<p>Se pr\u00e9parer \u00e0 l&rsquo;exceptionnel &#8211; L&rsquo;isolement en 2021 : la formation des m\u00e9decins sous-mariniers : E Petit&nbsp; &#8211; 12 mois loin de tout. Aventures humaines et m\u00e9dicales aux terres australes : C Valentin &#8211; MEDEVAC de l&rsquo;avant : quelle formation pour quelles sp\u00e9cificit\u00e9s&nbsp;? JP Freiermuth &#8211; Pr\u00e9hospitalier civil et militaire&nbsp;: enseignements crois\u00e9s : H&nbsp;Marsaa &#8211; [&hellip;]<\/p>\n","protected":false},"author":1,"featured_media":0,"parent":0,"menu_order":0,"comment_status":"closed","ping_status":"closed","template":"","meta":{"footnotes":""},"class_list":["post-1080","page","type-page","status-publish","hentry"],"_links":{"self":[{"href":"https:\/\/carum.org\/index.php\/wp-json\/wp\/v2\/pages\/1080","targetHints":{"allow":["GET"]}}],"collection":[{"href":"https:\/\/carum.org\/index.php\/wp-json\/wp\/v2\/pages"}],"about":[{"href":"https:\/\/carum.org\/index.php\/wp-json\/wp\/v2\/types\/page"}],"author":[{"embeddable":true,"href":"https:\/\/carum.org\/index.php\/wp-json\/wp\/v2\/users\/1"}],"replies":[{"embeddable":true,"href":"https:\/\/carum.org\/index.php\/wp-json\/wp\/v2\/comments?post=1080"}],"version-history":[{"count":7,"href":"https:\/\/carum.org\/index.php\/wp-json\/wp\/v2\/pages\/1080\/revisions"}],"predecessor-version":[{"id":1157,"href":"https:\/\/carum.org\/index.php\/wp-json\/wp\/v2\/pages\/1080\/revisions\/1157"}],"wp:attachment":[{"href":"https:\/\/carum.org\/index.php\/wp-json\/wp\/v2\/media?parent=1080"}],"curies":[{"name":"wp","href":"https:\/\/api.w.org\/{rel}","templated":true}]}}